{"id":118,"date":"2025-11-18T18:45:40","date_gmt":"2025-11-18T17:45:40","guid":{"rendered":"https:\/\/folkdans.nu\/?page_id=118"},"modified":"2026-03-28T14:47:55","modified_gmt":"2026-03-28T13:47:55","slug":"traningstider","status":"publish","type":"page","link":"https:\/\/folkdans.nu\/en\/traningstider\/","title":{"rendered":"Training times"},"content":{"rendered":"<div data-elementor-type=\"wp-page\" data-elementor-id=\"118\" class=\"elementor elementor-118\">\n\t\t\t\t<div class=\"elementor-element elementor-element-1be5f1b e-flex e-con-boxed e-con e-parent\" data-id=\"1be5f1b\" data-element_type=\"container\" data-e-type=\"container\">\n\t\t\t\t\t<div class=\"e-con-inner\">\n\t\t\t\t<div class=\"elementor-element elementor-element-5800b32 elementor-widget elementor-widget-spacer\" data-id=\"5800b32\" data-element_type=\"widget\" data-e-type=\"widget\" data-widget_type=\"spacer.default\">\n\t\t\t\t\t\t\t<div class=\"elementor-spacer\">\n\t\t\t<div class=\"elementor-spacer-inner\"><\/div>\n\t\t<\/div>\n\t\t\t\t\t\t<\/div>\n\t\t\t\t<div class=\"elementor-element elementor-element-1b503d5 elementor-widget elementor-widget-heading\" data-id=\"1b503d5\" data-element_type=\"widget\" data-e-type=\"widget\" data-widget_type=\"heading.default\">\n\t\t\t\t\t<h2 class=\"elementor-heading-title elementor-size-default\">Training times<\/h2>\t\t\t\t<\/div>\n\t\t\t\t\t<\/div>\n\t\t\t\t<\/div>\n\t\t<div class=\"elementor-element elementor-element-ec802d6 e-flex e-con-boxed e-con e-parent\" data-id=\"ec802d6\" data-element_type=\"container\" data-e-type=\"container\">\n\t\t\t\t\t<div class=\"e-con-inner\">\n\t\t<div class=\"elementor-element elementor-element-8aa04af e-con-full e-flex e-con e-child\" data-id=\"8aa04af\" data-element_type=\"container\" data-e-type=\"container\">\n\t\t\t\t<div class=\"elementor-element elementor-element-243c959 elementor-widget elementor-widget-text-editor\" data-id=\"243c959\" data-element_type=\"widget\" data-e-type=\"widget\" data-widget_type=\"text-editor.default\">\n\t\t\t\t\t\t\t\t\t<p class=\"cvGsUA direction-ltr align-start para-style-body\"><span class=\"a_GcMg font-feature-liga-off font-feature-clig-off font-feature-calt-off text-decoration-none text-strikethrough-none\">Hos oss finns n\u00e5got f\u00f6r alla \u2013 oavsett \u00e5lder, erfarenhet eller dansstil. H\u00e4r hittar du v\u00e5ra tr\u00e4ningstider f\u00f6r samtliga grupper. All tr\u00e4ning sker i v\u00e5ra lokaler p\u00e5 Sallerupsv\u00e4gen 26 i Malm\u00f6.<\/span><\/p>\n<p class=\"cvGsUA direction-ltr align-start para-style-body\"><span class=\"a_GcMg font-feature-liga-off font-feature-clig-off font-feature-calt-off text-decoration-none text-strikethrough-none\">\u00c4r du nyfiken p\u00e5 n\u00e5gon av grupperna? Titta g\u00e4rna f\u00f6rbi under ett tr\u00e4ningstillf\u00e4lle och prata med v\u00e5ra dansledare \u2013 eller kontakta oss via formul\u00e4ret under Kontakt.<\/span><\/p>\t\t\t\t\t\t\t\t<\/div>\n\t\t\t\t<\/div>\n\t\t<div class=\"elementor-element elementor-element-1a865ef e-con-full e-flex e-con e-child\" data-id=\"1a865ef\" data-element_type=\"container\" data-e-type=\"container\">\n\t\t\t\t<div class=\"elementor-element elementor-element-493e98a elementor-widget elementor-widget-text-editor\" data-id=\"493e98a\" data-element_type=\"widget\" data-e-type=\"widget\" data-widget_type=\"text-editor.default\">\n\t\t\t\t\t\t\t\t\t<p class=\"cvGsUA direction-ltr align-start para-style-body\"><span class=\"a_GcMg font-feature-liga-off font-feature-clig-off font-feature-calt-off text-decoration-none text-strikethrough-none\"><b>M\u00e5ndagar<\/b><br \/><\/span>18.00 \u2013 18.45 Knattelag (fr\u00e5n 4 \u00e5r)<br \/>18.00 \u2013 19.00 Barnlag (fr\u00e5n 7 \u00e5r)<br \/>18.45 \u2013 21.00 Vuxna Folkdans Tempo\/teknik\u00a0<\/p><p class=\"cvGsUA direction-ltr align-start para-style-body\"><span class=\"a_GcMg font-feature-liga-off font-feature-clig-off font-feature-calt-off text-decoration-none text-strikethrough-none\"><b>Tisdagar<\/b><br \/><\/span>19.00 \u2013 21.00 Herrskapsdansarna (udda veckor)<\/p><p class=\"cvGsUA direction-ltr align-start para-style-body\"><span class=\"a_GcMg font-feature-liga-off font-feature-clig-off font-feature-calt-off text-decoration-none text-strikethrough-none\"><b>Torsdagar<\/b><br \/><\/span>18.30 &#8211; 20.00 Nyb\u00f6rjar- &amp; forts\u00e4ttningskurs<br \/>19.00 \u2013 21.00 Vuxna Folkdans<\/p>\t\t\t\t\t\t\t\t<\/div>\n\t\t\t\t<\/div>\n\t\t\t\t\t<\/div>\n\t\t\t\t<\/div>\n\t\t<div class=\"elementor-element elementor-element-c4a8e8e e-flex e-con-boxed e-con e-parent\" data-id=\"c4a8e8e\" data-element_type=\"container\" data-e-type=\"container\">\n\t\t\t\t\t<div class=\"e-con-inner\">\n\t\t\t\t<div class=\"elementor-element elementor-element-12752a9 elementor-widget elementor-widget-spacer\" data-id=\"12752a9\" data-element_type=\"widget\" data-e-type=\"widget\" data-widget_type=\"spacer.default\">\n\t\t\t\t\t\t\t<div class=\"elementor-spacer\">\n\t\t\t<div class=\"elementor-spacer-inner\"><\/div>\n\t\t<\/div>\n\t\t\t\t\t\t<\/div>\n\t\t\t\t\t<\/div>\n\t\t\t\t<\/div>\n\t\t\t\t<\/div>","protected":false},"excerpt":{"rendered":"<p>Tr\u00e4ningstider Hos oss finns n\u00e5got f\u00f6r alla \u2013 oavsett \u00e5lder, erfarenhet eller dansstil. H\u00e4r hittar du v\u00e5ra tr\u00e4ningstider f\u00f6r samtliga grupper. All tr\u00e4ning sker i v\u00e5ra lokaler p\u00e5 Sallerupsv\u00e4gen 26 [&hellip;]<\/p>\n","protected":false},"author":3,"featured_media":0,"parent":0,"menu_order":0,"comment_status":"closed","ping_status":"closed","template":"","meta":{"footnotes":""},"class_list":["post-118","page","type-page","status-publish","hentry"],"_links":{"self":[{"href":"https:\/\/folkdans.nu\/en\/wp-json\/wp\/v2\/pages\/118","targetHints":{"allow":["GET"]}}],"collection":[{"href":"https:\/\/folkdans.nu\/en\/wp-json\/wp\/v2\/pages"}],"about":[{"href":"https:\/\/folkdans.nu\/en\/wp-json\/wp\/v2\/types\/page"}],"author":[{"embeddable":true,"href":"https:\/\/folkdans.nu\/en\/wp-json\/wp\/v2\/users\/3"}],"replies":[{"embeddable":true,"href":"https:\/\/folkdans.nu\/en\/wp-json\/wp\/v2\/comments?post=118"}],"version-history":[{"count":19,"href":"https:\/\/folkdans.nu\/en\/wp-json\/wp\/v2\/pages\/118\/revisions"}],"predecessor-version":[{"id":1167,"href":"https:\/\/folkdans.nu\/en\/wp-json\/wp\/v2\/pages\/118\/revisions\/1167"}],"wp:attachment":[{"href":"https:\/\/folkdans.nu\/en\/wp-json\/wp\/v2\/media?parent=118"}],"curies":[{"name":"wp","href":"https:\/\/api.w.org\/{rel}","templated":true}]}}