{"id":120,"date":"2025-11-18T18:44:54","date_gmt":"2025-11-18T17:44:54","guid":{"rendered":"https:\/\/folkdans.nu\/?page_id=120"},"modified":"2026-03-28T14:48:19","modified_gmt":"2026-03-28T13:48:19","slug":"midsommar","status":"publish","type":"page","link":"https:\/\/folkdans.nu\/en\/midsommar\/","title":{"rendered":"Midsummer"},"content":{"rendered":"<div data-elementor-type=\"wp-page\" data-elementor-id=\"120\" class=\"elementor elementor-120\">\n\t\t\t\t<div class=\"elementor-element elementor-element-1ff6f51 e-flex e-con-boxed e-con e-parent\" data-id=\"1ff6f51\" data-element_type=\"container\" data-e-type=\"container\">\n\t\t\t\t\t<div class=\"e-con-inner\">\n\t\t\t\t<div class=\"elementor-element elementor-element-1ddee49 elementor-widget elementor-widget-spacer\" data-id=\"1ddee49\" data-element_type=\"widget\" data-e-type=\"widget\" data-widget_type=\"spacer.default\">\n\t\t\t\t\t\t\t<div class=\"elementor-spacer\">\n\t\t\t<div class=\"elementor-spacer-inner\"><\/div>\n\t\t<\/div>\n\t\t\t\t\t\t<\/div>\n\t\t\t\t<div class=\"elementor-element elementor-element-67b0d8c elementor-widget elementor-widget-heading\" data-id=\"67b0d8c\" data-element_type=\"widget\" data-e-type=\"widget\" data-widget_type=\"heading.default\">\n\t\t\t\t\t<h2 class=\"elementor-heading-title elementor-size-default\">Midsummer<\/h2>\t\t\t\t<\/div>\n\t\t\t\t\t<\/div>\n\t\t\t\t<\/div>\n\t\t<div class=\"elementor-element elementor-element-fa7a408 e-flex e-con-boxed e-con e-parent\" data-id=\"fa7a408\" data-element_type=\"container\" data-e-type=\"container\">\n\t\t\t\t\t<div class=\"e-con-inner\">\n\t\t\t\t<div class=\"elementor-element elementor-element-22f1c07 elementor-absolute elementor-view-default elementor-widget elementor-widget-icon\" data-id=\"22f1c07\" data-element_type=\"widget\" data-e-type=\"widget\" data-settings=\"{&quot;_position&quot;:&quot;absolute&quot;}\" data-widget_type=\"icon.default\">\n\t\t\t\t\t\t\t<div class=\"elementor-icon-wrapper\">\n\t\t\t<div class=\"elementor-icon\">\n\t\t\t<svg aria-hidden=\"true\" class=\"e-font-icon-svg e-fas-square\" viewbox=\"0 0 448 512\" xmlns=\"http:\/\/www.w3.org\/2000\/svg\"><path d=\"M400 32H48C21.5 32 0 53.5 0 80v352c0 26.5 21.5 48 48 48h352c26.5 0 48-21.5 48-48V80c0-26.5-21.5-48-48-48z\"><\/path><\/svg>\t\t\t<\/div>\n\t\t<\/div>\n\t\t\t\t\t\t<\/div>\n\t\t\t\t\t<\/div>\n\t\t\t\t<\/div>\n\t\t<div class=\"elementor-element elementor-element-8f26a30 e-grid e-con-boxed e-con e-parent\" data-id=\"8f26a30\" data-element_type=\"container\" data-e-type=\"container\">\n\t\t\t\t\t<div class=\"e-con-inner\">\n\t\t\t\t<div class=\"elementor-element elementor-element-fd46e47 elementor-widget elementor-widget-text-editor\" data-id=\"fd46e47\" data-element_type=\"widget\" data-e-type=\"widget\" data-widget_type=\"text-editor.default\">\n\t\t\t\t\t\t\t\t\t<p class=\"cvGsUA direction-ltr align-start para-style-body\"><span class=\"a_GcMg font-feature-liga-off font-feature-clig-off font-feature-calt-off text-decoration-none text-strikethrough-none\">Midsommar \u00e4r f\u00f6r m\u00e5nga f\u00f6rknippat med m\u00e4nniskor i folkdr\u00e4kt som dansar ringdanser med <\/span>barn och vuxna runt midsommarst\u00e5ngen. Precis s\u00e5 tycker vi ocks\u00e5 det ska vara.<\/p><p class=\"cvGsUA direction-ltr align-start para-style-body\"><span class=\"a_GcMg font-feature-liga-off font-feature-clig-off font-feature-calt-off text-decoration-none text-strikethrough-none\">Varje midsommar \u00e4r Malm\u00f6 Folkdansare runt om i Malm\u00f6 och arrangerar midsommarfirande\u00a0<\/span>med ringdanser och uppvisningar. H\u00e5ll koll h\u00e4r och p\u00e5 v\u00e5ra sociala medier var vi kommer att vara kommande midsommar.<\/p><p class=\"cvGsUA direction-ltr align-start para-style-body\"><span class=\"a_GcMg font-feature-liga-off font-feature-clig-off font-feature-calt-off text-decoration-none text-strikethrough-none\">Vill du att vi hj\u00e4lper till med ringdanser och visar upp v\u00e5ra dansgrupper genom en uppvisning n\u00e4r\u00a0<\/span>ni har midsommarfirande eller vid n\u00e5got annat tillf\u00e4lle s\u00e5 \u00e4r ni v\u00e4lkomna att kontakta oss f\u00f6r mer information.<\/p>\t\t\t\t\t\t\t\t<\/div>\n\t\t<div class=\"elementor-element elementor-element-28e8bdd e-grid e-con-full e-con e-child\" data-id=\"28e8bdd\" data-element_type=\"container\" data-e-type=\"container\">\n\t\t\t\t<div class=\"elementor-element elementor-element-89da55c elementor-widget elementor-widget-image\" data-id=\"89da55c\" data-element_type=\"widget\" data-e-type=\"widget\" data-widget_type=\"image.default\">\n\t\t\t\t\t\t\t\t\t\t\t\t\t\t\t<img decoding=\"async\" src=\"https:\/\/folkdans.nu\/wp-content\/uploads\/2025\/11\/midsommar-scaled.webp\" title=\"midsommar\" alt=\"midsommar\" loading=\"lazy\" \/>\t\t\t\t\t\t\t\t\t\t\t\t\t\t\t<\/div>\n\t\t\t\t<div class=\"elementor-element elementor-element-5d2fe2b elementor-widget elementor-widget-image\" data-id=\"5d2fe2b\" data-element_type=\"widget\" data-e-type=\"widget\" data-widget_type=\"image.default\">\n\t\t\t\t\t\t\t\t\t\t\t\t\t\t\t<img decoding=\"async\" src=\"https:\/\/folkdans.nu\/wp-content\/uploads\/2025\/11\/IMG_2055-scaled.webp\" title=\"IMG_2055\" alt=\"IMG_2055\" loading=\"lazy\" \/>\t\t\t\t\t\t\t\t\t\t\t\t\t\t\t<\/div>\n\t\t\t\t<div class=\"elementor-element elementor-element-a98feba elementor-widget elementor-widget-image\" data-id=\"a98feba\" data-element_type=\"widget\" data-e-type=\"widget\" data-widget_type=\"image.default\">\n\t\t\t\t\t\t\t\t\t\t\t\t\t\t\t<img decoding=\"async\" src=\"https:\/\/folkdans.nu\/wp-content\/uploads\/2025\/11\/IMG-20240623-WA0011-1.webp\" title=\"IMG-20240623-WA0011\" alt=\"IMG-20240623-WA0011\" loading=\"lazy\" \/>\t\t\t\t\t\t\t\t\t\t\t\t\t\t\t<\/div>\n\t\t\t\t<div class=\"elementor-element elementor-element-8b81d80 elementor-widget elementor-widget-image\" data-id=\"8b81d80\" data-element_type=\"widget\" data-e-type=\"widget\" data-widget_type=\"image.default\">\n\t\t\t\t\t\t\t\t\t\t\t\t\t\t\t<img decoding=\"async\" src=\"https:\/\/folkdans.nu\/wp-content\/uploads\/2025\/11\/anton-och-jonas-scaled.webp\" title=\"anton och jonas\" alt=\"anton och jonas\" loading=\"lazy\" \/>\t\t\t\t\t\t\t\t\t\t\t\t\t\t\t<\/div>\n\t\t\t\t<\/div>\n\t\t\t\t\t<\/div>\n\t\t\t\t<\/div>\n\t\t<div class=\"elementor-element elementor-element-ac6f6f2 e-flex e-con-boxed e-con e-parent\" data-id=\"ac6f6f2\" data-element_type=\"container\" data-e-type=\"container\">\n\t\t\t\t\t<div class=\"e-con-inner\">\n\t\t\t\t<div class=\"elementor-element elementor-element-2df7d5f elementor-widget elementor-widget-spacer\" data-id=\"2df7d5f\" data-element_type=\"widget\" data-e-type=\"widget\" data-widget_type=\"spacer.default\">\n\t\t\t\t\t\t\t<div class=\"elementor-spacer\">\n\t\t\t<div class=\"elementor-spacer-inner\"><\/div>\n\t\t<\/div>\n\t\t\t\t\t\t<\/div>\n\t\t\t\t\t<\/div>\n\t\t\t\t<\/div>\n\t\t\t\t<\/div>","protected":false},"excerpt":{"rendered":"<p>Midsommar Midsommar \u00e4r f\u00f6r m\u00e5nga f\u00f6rknippat med m\u00e4nniskor i folkdr\u00e4kt som dansar ringdanser med barn och vuxna runt midsommarst\u00e5ngen. Precis s\u00e5 tycker vi ocks\u00e5 det ska vara. Varje midsommar \u00e4r [&hellip;]<\/p>\n","protected":false},"author":3,"featured_media":0,"parent":0,"menu_order":0,"comment_status":"closed","ping_status":"closed","template":"","meta":{"footnotes":""},"class_list":["post-120","page","type-page","status-publish","hentry"],"_links":{"self":[{"href":"https:\/\/folkdans.nu\/en\/wp-json\/wp\/v2\/pages\/120","targetHints":{"allow":["GET"]}}],"collection":[{"href":"https:\/\/folkdans.nu\/en\/wp-json\/wp\/v2\/pages"}],"about":[{"href":"https:\/\/folkdans.nu\/en\/wp-json\/wp\/v2\/types\/page"}],"author":[{"embeddable":true,"href":"https:\/\/folkdans.nu\/en\/wp-json\/wp\/v2\/users\/3"}],"replies":[{"embeddable":true,"href":"https:\/\/folkdans.nu\/en\/wp-json\/wp\/v2\/comments?post=120"}],"version-history":[{"count":52,"href":"https:\/\/folkdans.nu\/en\/wp-json\/wp\/v2\/pages\/120\/revisions"}],"predecessor-version":[{"id":1170,"href":"https:\/\/folkdans.nu\/en\/wp-json\/wp\/v2\/pages\/120\/revisions\/1170"}],"wp:attachment":[{"href":"https:\/\/folkdans.nu\/en\/wp-json\/wp\/v2\/media?parent=120"}],"curies":[{"name":"wp","href":"https:\/\/api.w.org\/{rel}","templated":true}]}}