{"id":122,"date":"2025-11-18T18:44:34","date_gmt":"2025-11-18T17:44:34","guid":{"rendered":"https:\/\/folkdans.nu\/?page_id=122"},"modified":"2026-03-28T16:35:23","modified_gmt":"2026-03-28T15:35:23","slug":"folkdans-pa-stranden","status":"publish","type":"page","link":"https:\/\/folkdans.nu\/en\/folkdans-pa-stranden\/","title":{"rendered":"Folk dancing on the beach"},"content":{"rendered":"\t\t<div data-elementor-type=\"wp-page\" data-elementor-id=\"122\" class=\"elementor elementor-122\">\n\t\t\t\t<div class=\"elementor-element elementor-element-b210cf9 e-flex e-con-boxed e-con e-parent\" data-id=\"b210cf9\" data-element_type=\"container\" data-e-type=\"container\">\n\t\t\t\t\t<div class=\"e-con-inner\">\n\t\t\t\t<div class=\"elementor-element elementor-element-d2fc2fb elementor-widget elementor-widget-spacer\" data-id=\"d2fc2fb\" data-element_type=\"widget\" data-e-type=\"widget\" data-widget_type=\"spacer.default\">\n\t\t\t\t\t\t\t<div class=\"elementor-spacer\">\n\t\t\t<div class=\"elementor-spacer-inner\"><\/div>\n\t\t<\/div>\n\t\t\t\t\t\t<\/div>\n\t\t\t\t\t<\/div>\n\t\t\t\t<\/div>\n\t\t<div class=\"elementor-element elementor-element-7e28662 e-flex e-con-boxed e-con e-parent\" data-id=\"7e28662\" data-element_type=\"container\" data-e-type=\"container\">\n\t\t\t\t\t<div class=\"e-con-inner\">\n\t\t\t\t<div class=\"elementor-element elementor-element-0760f22 elementor-widget elementor-widget-heading\" data-id=\"0760f22\" data-element_type=\"widget\" data-e-type=\"widget\" data-widget_type=\"heading.default\">\n\t\t\t\t\t<h2 class=\"elementor-heading-title elementor-size-default\">Folkdans p\u00e5 Stranden<\/h2>\t\t\t\t<\/div>\n\t\t\t\t\t<\/div>\n\t\t\t\t<\/div>\n\t\t<div class=\"elementor-element elementor-element-de0d1af e-flex e-con-boxed e-con e-parent\" data-id=\"de0d1af\" data-element_type=\"container\" data-e-type=\"container\">\n\t\t\t\t\t<div class=\"e-con-inner\">\n\t\t<div class=\"elementor-element elementor-element-9122412 e-con-full e-flex e-con e-child\" data-id=\"9122412\" data-element_type=\"container\" data-e-type=\"container\">\n\t\t\t\t<div class=\"elementor-element elementor-element-92ec50f elementor-widget elementor-widget-text-editor\" data-id=\"92ec50f\" data-element_type=\"widget\" data-e-type=\"widget\" data-widget_type=\"text-editor.default\">\n\t\t\t\t\t\t\t\t\t<p class=\"cvGsUA direction-ltr align-start para-style-body\"><span class=\"a_GcMg font-feature-liga-off font-feature-clig-off font-feature-calt-off text-decoration-none text-strikethrough-none\">Kom och dansa svensk folkdans med oss p\u00e5 Ribban i sommar!<br \/><\/span>Sedan sommaren 2023 l\u00e4r Malm\u00f6 Folkdansare ut folkdans varje tisdag under sju veckor vid dansscenen vid Strandkiosken vid Kallisbryggan p\u00e5 Ribersborg.<br \/>Mer information om sommaren kommer under v\u00e5ren.<\/p><p class=\"cvGsUA direction-ltr align-start para-style-body\"><span class=\"a_GcMg font-feature-liga-off font-feature-clig-off font-feature-calt-off text-decoration-none text-strikethrough-none\">Information om vad som h\u00e4nder dessa kv\u00e4llar:<br \/><\/span>Vi b\u00f6rjar med prova-p\u00e5 dans d\u00e4r vi g\u00e5r igenom olika danser baserat p\u00e5 grundsteg som vals, schottis, polka, hambo, polska, m.fl.<br \/>D\u00e4refter f\u00f6ljer allm\u00e4ndans med v\u00e5ra hj\u00e4rliga dansledare som kommer leda er in i dansens virvlar ibland med fri dans och ibland med instruktionsleda danser.<span style=\"color: rgba(0,0,0,var(--o42jjq,1)); font-family: YAFdJt8dAY0_0, _fb_, auto; caret-color: #000000;\">.<\/span><\/p><p class=\"cvGsUA direction-ltr align-start para-style-body\">\u00a0<\/p>\t\t\t\t\t\t\t\t<\/div>\n\t\t\t\t<\/div>\n\t\t<div class=\"elementor-element elementor-element-6599e65 e-con-full e-flex e-con e-child\" data-id=\"6599e65\" data-element_type=\"container\" data-e-type=\"container\">\n\t\t\t\t<div class=\"elementor-element elementor-element-67fbb6c elementor-widget elementor-widget-image-carousel\" data-id=\"67fbb6c\" data-element_type=\"widget\" data-e-type=\"widget\" data-settings=\"{&quot;slides_to_show&quot;:&quot;1&quot;,&quot;navigation&quot;:&quot;none&quot;,&quot;autoplay_speed&quot;:2000,&quot;effect&quot;:&quot;fade&quot;,&quot;speed&quot;:1000,&quot;autoplay&quot;:&quot;yes&quot;,&quot;pause_on_hover&quot;:&quot;yes&quot;,&quot;pause_on_interaction&quot;:&quot;yes&quot;,&quot;infinite&quot;:&quot;yes&quot;}\" data-widget_type=\"image-carousel.default\">\n\t\t\t\t\t\t\t<div class=\"elementor-image-carousel-wrapper swiper\" role=\"region\" aria-roledescription=\"carousel\" aria-label=\"Bildkarusell\" dir=\"ltr\">\n\t\t\t<div class=\"elementor-image-carousel swiper-wrapper\" aria-live=\"off\">\n\t\t\t\t\t\t\t\t<div class=\"swiper-slide\" role=\"group\" aria-roledescription=\"slide\" aria-label=\"1 av 4\"><figure class=\"swiper-slide-inner\"><img decoding=\"async\" class=\"swiper-slide-image\" src=\"https:\/\/folkdans.nu\/wp-content\/uploads\/2025\/11\/ny-1-1024x768.webp\" alt=\"ny\" \/><\/figure><\/div><div class=\"swiper-slide\" role=\"group\" aria-roledescription=\"slide\" aria-label=\"2 av 4\"><figure class=\"swiper-slide-inner\"><img decoding=\"async\" class=\"swiper-slide-image\" src=\"https:\/\/folkdans.nu\/wp-content\/uploads\/2025\/11\/240702-Dans-pa-stranden-MADNYD-3-1-1024x768.webp\" alt=\"240702 Dans p\u00e5 stranden MADNYD (3)\" \/><\/figure><\/div><div class=\"swiper-slide\" role=\"group\" aria-roledescription=\"slide\" aria-label=\"3 av 4\"><figure class=\"swiper-slide-inner\"><img decoding=\"async\" class=\"swiper-slide-image\" src=\"https:\/\/folkdans.nu\/wp-content\/uploads\/2025\/11\/IMG_738913174-1-1024x768.webp\" alt=\"IMG_7389[13174]\" \/><\/figure><\/div><div class=\"swiper-slide\" role=\"group\" aria-roledescription=\"slide\" aria-label=\"4 av 4\"><figure class=\"swiper-slide-inner\"><img decoding=\"async\" class=\"swiper-slide-image\" src=\"https:\/\/folkdans.nu\/wp-content\/uploads\/2025\/11\/230725-Dans-pa-stranden-MONNIM-1-1024x768.webp\" alt=\"230725 Dans p\u00e5 stranden MONNIM\" \/><\/figure><\/div>\t\t\t<\/div>\n\t\t\t\t\t\t\t\n\t\t\t\t\t\t\t\t\t<\/div>\n\t\t\t\t\t\t<\/div>\n\t\t\t\t<\/div>\n\t\t<div class=\"elementor-element elementor-element-a77ed4a e-con-full e-flex e-con e-child\" data-id=\"a77ed4a\" data-element_type=\"container\" data-e-type=\"container\">\n\t\t\t\t<div class=\"elementor-element elementor-element-c3b9b17 elementor-widget elementor-widget-image-carousel\" data-id=\"c3b9b17\" data-element_type=\"widget\" data-e-type=\"widget\" data-settings=\"{&quot;slides_to_show&quot;:&quot;1&quot;,&quot;navigation&quot;:&quot;none&quot;,&quot;autoplay_speed&quot;:2000,&quot;effect&quot;:&quot;fade&quot;,&quot;speed&quot;:1000,&quot;autoplay&quot;:&quot;yes&quot;,&quot;pause_on_hover&quot;:&quot;yes&quot;,&quot;pause_on_interaction&quot;:&quot;yes&quot;,&quot;infinite&quot;:&quot;yes&quot;}\" data-widget_type=\"image-carousel.default\">\n\t\t\t\t\t\t\t<div class=\"elementor-image-carousel-wrapper swiper\" role=\"region\" aria-roledescription=\"carousel\" aria-label=\"Bildkarusell\" dir=\"ltr\">\n\t\t\t<div class=\"elementor-image-carousel swiper-wrapper\" aria-live=\"off\">\n\t\t\t\t\t\t\t\t<div class=\"swiper-slide\" role=\"group\" aria-roledescription=\"slide\" aria-label=\"1 av 5\"><figure class=\"swiper-slide-inner\"><img decoding=\"async\" class=\"swiper-slide-image\" src=\"https:\/\/folkdans.nu\/wp-content\/uploads\/2025\/11\/Kopia-av-20250708_184923-1-1024x576.webp\" alt=\"Kopia av 20250708_184923\" \/><\/figure><\/div><div class=\"swiper-slide\" role=\"group\" aria-roledescription=\"slide\" aria-label=\"2 av 5\"><figure class=\"swiper-slide-inner\"><img decoding=\"async\" class=\"swiper-slide-image\" src=\"https:\/\/folkdans.nu\/wp-content\/uploads\/2025\/11\/Kopia-av-240702-Dans-pa-stranden-MADNYD-37-1-1024x576.webp\" alt=\"Kopia av 240702 Dans p\u00e5 stranden MADNYD (37)\" \/><\/figure><\/div><div class=\"swiper-slide\" role=\"group\" aria-roledescription=\"slide\" aria-label=\"3 av 5\"><figure class=\"swiper-slide-inner\"><img decoding=\"async\" class=\"swiper-slide-image\" src=\"https:\/\/folkdans.nu\/wp-content\/uploads\/2025\/11\/Kopia-av-240625-Dans-pa-stranden-MADNYD-13-1024x576.webp\" alt=\"Kopia av 240625 Dans p\u00e5 stranden MADNYD (13)\" \/><\/figure><\/div><div class=\"swiper-slide\" role=\"group\" aria-roledescription=\"slide\" aria-label=\"4 av 5\"><figure class=\"swiper-slide-inner\"><img decoding=\"async\" class=\"swiper-slide-image\" src=\"https:\/\/folkdans.nu\/wp-content\/uploads\/2025\/11\/Kopia-av-240625-Dans-pa-stranden-MADNYD-48-1024x576.webp\" alt=\"Kopia av 240625 Dans p\u00e5 stranden MADNYD (48)\" \/><\/figure><\/div><div class=\"swiper-slide\" role=\"group\" aria-roledescription=\"slide\" aria-label=\"5 av 5\"><figure class=\"swiper-slide-inner\"><img decoding=\"async\" class=\"swiper-slide-image\" src=\"https:\/\/folkdans.nu\/wp-content\/uploads\/2025\/11\/Kopia-av-20250708_193833-1024x576.webp\" alt=\"Kopia av 20250708_193833\" \/><\/figure><\/div>\t\t\t<\/div>\n\t\t\t\t\t\t\t\n\t\t\t\t\t\t\t\t\t<\/div>\n\t\t\t\t\t\t<\/div>\n\t\t\t\t<\/div>\n\t\t<div class=\"elementor-element elementor-element-9838f0b e-con-full e-flex e-con e-child\" data-id=\"9838f0b\" data-element_type=\"container\" data-e-type=\"container\">\n\t\t\t\t<div class=\"elementor-element elementor-element-c7a0a4f elementor-widget elementor-widget-text-editor\" data-id=\"c7a0a4f\" data-element_type=\"widget\" data-e-type=\"widget\" data-widget_type=\"text-editor.default\">\n\t\t\t\t\t\t\t\t\t<p style=\"color: rgba(0,0,0,var(--o42jjq,1)); caret-color: #000000; --8sd0kg: none; font-family: YAFdJt8dAY0_0, _fb_, auto; --cyv3zq: 16.9694px; --gjplxq: 1.4; line-height: 23px;\"><span style=\"color: #463e34; font-family: Quicksand, sans-serif;\">S\u00e5 ta med dansv\u00e4nliga skor, vattenflaska, fika och glatt hum\u00f6r s\u00e5 ses vi p\u00e5 stranden i sommar!<\/span><\/p><p class=\"cvGsUA direction-ltr align-start para-style-body\"><span class=\"a_GcMg font-feature-liga-off font-feature-clig-off font-feature-calt-off text-decoration-none text-strikethrough-none\">Vid fr\u00e5gor kontakta oss enligt formul\u00e4ret till h\u00f6ger.<\/span><\/p><p class=\"cvGsUA direction-ltr align-start para-style-body\">Evenemanget sker i samarbete med \u00d6resunds Dansf\u00f6rening och Studiefr\u00e4mjandet<\/p>\t\t\t\t\t\t\t\t<\/div>\n\t\t\t\t<\/div>\n\t\t\t\t\t<\/div>\n\t\t\t\t<\/div>\n\t\t<div class=\"elementor-element elementor-element-ea757d5 e-flex e-con-boxed e-con e-parent\" data-id=\"ea757d5\" data-element_type=\"container\" data-e-type=\"container\">\n\t\t\t\t\t<div class=\"e-con-inner\">\n\t\t\t\t<div class=\"elementor-element elementor-element-943edcd elementor-widget elementor-widget-spacer\" data-id=\"943edcd\" data-element_type=\"widget\" data-e-type=\"widget\" data-widget_type=\"spacer.default\">\n\t\t\t\t\t\t\t<div class=\"elementor-spacer\">\n\t\t\t<div class=\"elementor-spacer-inner\"><\/div>\n\t\t<\/div>\n\t\t\t\t\t\t<\/div>\n\t\t\t\t\t<\/div>\n\t\t\t\t<\/div>\n\t\t\t\t<\/div>\n\t\t","protected":false},"excerpt":{"rendered":"<p>Folkdans p\u00e5 Stranden Kom och dansa svensk folkdans med oss p\u00e5 Ribban i sommar!Sedan sommaren 2023 l\u00e4r Malm\u00f6 Folkdansare ut folkdans varje tisdag under sju veckor vid dansscenen vid Strandkiosken [&hellip;]<\/p>\n","protected":false},"author":3,"featured_media":0,"parent":0,"menu_order":0,"comment_status":"closed","ping_status":"closed","template":"","meta":{"footnotes":""},"class_list":["post-122","page","type-page","status-publish","hentry"],"_links":{"self":[{"href":"https:\/\/folkdans.nu\/en\/wp-json\/wp\/v2\/pages\/122","targetHints":{"allow":["GET"]}}],"collection":[{"href":"https:\/\/folkdans.nu\/en\/wp-json\/wp\/v2\/pages"}],"about":[{"href":"https:\/\/folkdans.nu\/en\/wp-json\/wp\/v2\/types\/page"}],"author":[{"embeddable":true,"href":"https:\/\/folkdans.nu\/en\/wp-json\/wp\/v2\/users\/3"}],"replies":[{"embeddable":true,"href":"https:\/\/folkdans.nu\/en\/wp-json\/wp\/v2\/comments?post=122"}],"version-history":[{"count":16,"href":"https:\/\/folkdans.nu\/en\/wp-json\/wp\/v2\/pages\/122\/revisions"}],"predecessor-version":[{"id":1352,"href":"https:\/\/folkdans.nu\/en\/wp-json\/wp\/v2\/pages\/122\/revisions\/1352"}],"wp:attachment":[{"href":"https:\/\/folkdans.nu\/en\/wp-json\/wp\/v2\/media?parent=122"}],"curies":[{"name":"wp","href":"https:\/\/api.w.org\/{rel}","templated":true}]}}