{"id":124,"date":"2025-11-18T18:43:59","date_gmt":"2025-11-18T17:43:59","guid":{"rendered":"https:\/\/folkdans.nu\/?page_id=124"},"modified":"2026-03-28T14:59:54","modified_gmt":"2026-03-28T13:59:54","slug":"anlita-oss","status":"publish","type":"page","link":"https:\/\/folkdans.nu\/en\/anlita-oss\/","title":{"rendered":"Hire us"},"content":{"rendered":"<div data-elementor-type=\"wp-page\" data-elementor-id=\"124\" class=\"elementor elementor-124\">\n\t\t\t\t<div class=\"elementor-element elementor-element-4156fd3 e-flex e-con-boxed e-con e-parent\" data-id=\"4156fd3\" data-element_type=\"container\" data-e-type=\"container\">\n\t\t\t\t\t<div class=\"e-con-inner\">\n\t\t\t\t<div class=\"elementor-element elementor-element-f23a96b elementor-widget elementor-widget-spacer\" data-id=\"f23a96b\" data-element_type=\"widget\" data-e-type=\"widget\" data-widget_type=\"spacer.default\">\n\t\t\t\t\t\t\t<div class=\"elementor-spacer\">\n\t\t\t<div class=\"elementor-spacer-inner\"><\/div>\n\t\t<\/div>\n\t\t\t\t\t\t<\/div>\n\t\t\t\t\t<\/div>\n\t\t\t\t<\/div>\n\t\t<div class=\"elementor-element elementor-element-bcc46ba e-grid e-con-boxed e-con e-parent\" data-id=\"bcc46ba\" data-element_type=\"container\" data-e-type=\"container\">\n\t\t\t\t\t<div class=\"e-con-inner\">\n\t\t\t\t<div class=\"elementor-element elementor-element-8ce3f81 elementor-widget elementor-widget-heading\" data-id=\"8ce3f81\" data-element_type=\"widget\" data-e-type=\"widget\" data-widget_type=\"heading.default\">\n\t\t\t\t\t<h2 class=\"elementor-heading-title elementor-size-default\">Hire us<\/h2>\t\t\t\t<\/div>\n\t\t<div class=\"elementor-element elementor-element-58f63fb e-con-full e-flex e-con e-child\" data-id=\"58f63fb\" data-element_type=\"container\" data-e-type=\"container\">\n\t\t\t\t<div class=\"elementor-element elementor-element-dc2c483 elementor-widget elementor-widget-spacer\" data-id=\"dc2c483\" data-element_type=\"widget\" data-e-type=\"widget\" data-widget_type=\"spacer.default\">\n\t\t\t\t\t\t\t<div class=\"elementor-spacer\">\n\t\t\t<div class=\"elementor-spacer-inner\"><\/div>\n\t\t<\/div>\n\t\t\t\t\t\t<\/div>\n\t\t\t\t<div class=\"elementor-element elementor-element-e170000 elementor-widget elementor-widget-text-editor\" data-id=\"e170000\" data-element_type=\"widget\" data-e-type=\"widget\" data-widget_type=\"text-editor.default\">\n\t\t\t\t\t\t\t\t\t<p>Vill du f\u00f6rgylla ditt arrangemang med svensk folkkultur? Vi erbjuder uppvisningar, prova\u2011p\u00e5\u2011dans och ringdanser runt midsommarst\u00e5ng eller julgran \u2013 med b\u00e5de barn och vuxna dansare beroende p\u00e5 era \u00f6nskem\u00e5l.<\/p><p>Vi hj\u00e4lper f\u00f6retag och privatpersoner att skapa minnesv\u00e4rda stunder vid olika evenemang, s\u00e5som firmafester, seminarier, br\u00f6llop, bes\u00f6k fr\u00e5n utlandet eller andra festligheter. Med musik, dans och interaktiva inslag bidrar vi till en levande och st\u00e4mningsfull atmosf\u00e4r som passar b\u00e5de sm\u00e5 och stora sammanhang.<br \/>Kontakta oss f\u00f6r mer information, prisuppgift och f\u00f6r att skr\u00e4ddarsy ett program som passar just ert event.<\/p>\t\t\t\t\t\t\t\t<\/div>\n\t\t\t\t<\/div>\n\t\t\t\t\t<\/div>\n\t\t\t\t<\/div>\n\t\t<div class=\"elementor-element elementor-element-1ea2ba8 e-grid e-con-boxed e-con e-parent\" data-id=\"1ea2ba8\" data-element_type=\"container\" data-e-type=\"container\">\n\t\t\t\t\t<div class=\"e-con-inner\">\n\t\t<div class=\"elementor-element elementor-element-4de4058 e-con-full e-flex e-con e-child\" data-id=\"4de4058\" data-element_type=\"container\" data-e-type=\"container\">\n\t\t\t\t<div class=\"elementor-element elementor-element-a2c1962 elementor-widget elementor-widget-heading\" data-id=\"a2c1962\" data-element_type=\"widget\" data-e-type=\"widget\" data-widget_type=\"heading.default\">\n\t\t\t\t\t<h2 class=\"elementor-heading-title elementor-size-default\">Uppvisning<\/h2>\t\t\t\t<\/div>\n\t\t\t\t<div class=\"elementor-element elementor-element-8f21617 elementor-widget elementor-widget-text-editor\" data-id=\"8f21617\" data-element_type=\"widget\" data-e-type=\"widget\" data-widget_type=\"text-editor.default\">\n\t\t\t\t\t\t\t\t\t<p>Vi erbjuder st\u00e4mningsfulla uppvisningar d\u00e4r traditionell musik och dans m\u00f6ts. En upplevelse som ger publiken en levande inblick i v\u00e5rt kulturarv.<\/p>\t\t\t\t\t\t\t\t<\/div>\n\t\t\t\t<\/div>\n\t\t\t\t<div class=\"elementor-element elementor-element-0fad89c elementor-widget elementor-widget-spacer\" data-id=\"0fad89c\" data-element_type=\"widget\" data-e-type=\"widget\" data-widget_type=\"spacer.default\">\n\t\t\t\t\t\t\t<div class=\"elementor-spacer\">\n\t\t\t<div class=\"elementor-spacer-inner\"><\/div>\n\t\t<\/div>\n\t\t\t\t\t\t<\/div>\n\t\t\t\t<div class=\"elementor-element elementor-element-6ad4930 elementor-widget elementor-widget-spacer\" data-id=\"6ad4930\" data-element_type=\"widget\" data-e-type=\"widget\" data-widget_type=\"spacer.default\">\n\t\t\t\t\t\t\t<div class=\"elementor-spacer\">\n\t\t\t<div class=\"elementor-spacer-inner\"><\/div>\n\t\t<\/div>\n\t\t\t\t\t\t<\/div>\n\t\t<div class=\"elementor-element elementor-element-0110ea9 e-con-full e-flex e-con e-child\" data-id=\"0110ea9\" data-element_type=\"container\" data-e-type=\"container\">\n\t\t\t\t<div class=\"elementor-element elementor-element-991cb4b elementor-widget elementor-widget-heading\" data-id=\"991cb4b\" data-element_type=\"widget\" data-e-type=\"widget\" data-widget_type=\"heading.default\">\n\t\t\t\t\t<h2 class=\"elementor-heading-title elementor-size-default\">Lek\/ringdans<\/h2>\t\t\t\t<\/div>\n\t\t\t\t<div class=\"elementor-element elementor-element-d6fd909 elementor-widget elementor-widget-text-editor\" data-id=\"d6fd909\" data-element_type=\"widget\" data-e-type=\"widget\" data-widget_type=\"text-editor.default\">\n\t\t\t\t\t\t\t\t\t<p>Med enkla steg och glada melodier bjuder vi in alla att delta i klassiska lekar och ringdanser. Perfekt f\u00f6r barn, familjer och gemenskap.<\/p>\t\t\t\t\t\t\t\t<\/div>\n\t\t\t\t<\/div>\n\t\t<div class=\"elementor-element elementor-element-cc5ddbd e-con-full e-flex e-con e-child\" data-id=\"cc5ddbd\" data-element_type=\"container\" data-e-type=\"container\">\n\t\t\t\t<div class=\"elementor-element elementor-element-73e6620 elementor-widget elementor-widget-heading\" data-id=\"73e6620\" data-element_type=\"widget\" data-e-type=\"widget\" data-widget_type=\"heading.default\">\n\t\t\t\t\t<h2 class=\"elementor-heading-title elementor-size-default\">Dansutl\u00e4rning<\/h2>\t\t\t\t<\/div>\n\t\t\t\t<div class=\"elementor-element elementor-element-34c804f elementor-widget elementor-widget-text-editor\" data-id=\"34c804f\" data-element_type=\"widget\" data-e-type=\"widget\" data-widget_type=\"text-editor.default\">\n\t\t\t\t\t\t\t\t\t<p>Vill ni sj\u00e4lva prova p\u00e5 folkdans? Vi l\u00e4r ut grundsteg och danser p\u00e5 ett pedagogiskt och roligt s\u00e4tt, anpassat f\u00f6r b\u00e5de nyb\u00f6rjare och vana dansare.<\/p>\t\t\t\t\t\t\t\t<\/div>\n\t\t\t\t<\/div>\n\t\t\t\t<div class=\"elementor-element elementor-element-158e69d elementor-widget elementor-widget-spacer\" data-id=\"158e69d\" data-element_type=\"widget\" data-e-type=\"widget\" data-widget_type=\"spacer.default\">\n\t\t\t\t\t\t\t<div class=\"elementor-spacer\">\n\t\t\t<div class=\"elementor-spacer-inner\"><\/div>\n\t\t<\/div>\n\t\t\t\t\t\t<\/div>\n\t\t\t\t<div class=\"elementor-element elementor-element-699eae1 elementor-widget elementor-widget-spacer\" data-id=\"699eae1\" data-element_type=\"widget\" data-e-type=\"widget\" data-widget_type=\"spacer.default\">\n\t\t\t\t\t\t\t<div class=\"elementor-spacer\">\n\t\t\t<div class=\"elementor-spacer-inner\"><\/div>\n\t\t<\/div>\n\t\t\t\t\t\t<\/div>\n\t\t<div class=\"elementor-element elementor-element-8108eb9 e-con-full e-flex e-con e-child\" data-id=\"8108eb9\" data-element_type=\"container\" data-e-type=\"container\">\n\t\t\t\t<div class=\"elementor-element elementor-element-a6a156f elementor-widget elementor-widget-heading\" data-id=\"a6a156f\" data-element_type=\"widget\" data-e-type=\"widget\" data-widget_type=\"heading.default\">\n\t\t\t\t\t<h2 class=\"elementor-heading-title elementor-size-default\">F\u00f6rel\u00e4sning<\/h2>\t\t\t\t<\/div>\n\t\t\t\t<div class=\"elementor-element elementor-element-810d4eb elementor-widget elementor-widget-text-editor\" data-id=\"810d4eb\" data-element_type=\"widget\" data-e-type=\"widget\" data-widget_type=\"text-editor.default\">\n\t\t\t\t\t\t\t\t\t<p>Vi erbjuder inspirerande f\u00f6rel\u00e4sningar om folkdr\u00e4kter \u2013 deras historia, symbolik och anv\u00e4ndning i olika traditioner. H\u00e4r f\u00e5r ni en unik inblick i hur kl\u00e4derna speglar kulturarv, identitet och hantverk genom tiderna.<\/p>\t\t\t\t\t\t\t\t<\/div>\n\t\t\t\t<\/div>\n\t\t<div class=\"elementor-element elementor-element-32eed89 e-con-full e-flex e-con e-child\" data-id=\"32eed89\" data-element_type=\"container\" data-e-type=\"container\">\n\t\t\t\t<div class=\"elementor-element elementor-element-cbed3d0 elementor-widget elementor-widget-heading\" data-id=\"cbed3d0\" data-element_type=\"widget\" data-e-type=\"widget\" data-widget_type=\"heading.default\">\n\t\t\t\t\t<h2 class=\"elementor-heading-title elementor-size-default\">Kurser<\/h2>\t\t\t\t<\/div>\n\t\t\t\t<div class=\"elementor-element elementor-element-6c63436 elementor-widget elementor-widget-text-editor\" data-id=\"6c63436\" data-element_type=\"widget\" data-e-type=\"widget\" data-widget_type=\"text-editor.default\">\n\t\t\t\t\t\t\t\t\t<p>F\u00f6r den som vill f\u00f6rdjupa sig erbjuder vi kurser d\u00e4r deltagarna f\u00e5r l\u00e4ra sig olika danser, musiktraditioner och folkliga uttryck \u00f6ver en eller flera tillf\u00e4llen.<\/p>\t\t\t\t\t\t\t\t<\/div>\n\t\t\t\t<\/div>\n\t\t\t\t<div class=\"elementor-element elementor-element-ea5a1c2 elementor-widget elementor-widget-spacer\" data-id=\"ea5a1c2\" data-element_type=\"widget\" data-e-type=\"widget\" data-widget_type=\"spacer.default\">\n\t\t\t\t\t\t\t<div class=\"elementor-spacer\">\n\t\t\t<div class=\"elementor-spacer-inner\"><\/div>\n\t\t<\/div>\n\t\t\t\t\t\t<\/div>\n\t\t\t\t\t<\/div>\n\t\t\t\t<\/div>\n\t\t\t\t<\/div>","protected":false},"excerpt":{"rendered":"<p>Anlita oss Vill du f\u00f6rgylla ditt arrangemang med svensk folkkultur? Vi erbjuder uppvisningar, prova\u2011p\u00e5\u2011dans och ringdanser runt midsommarst\u00e5ng eller julgran \u2013 med b\u00e5de barn och vuxna dansare beroende p\u00e5 era [&hellip;]<\/p>\n","protected":false},"author":3,"featured_media":0,"parent":0,"menu_order":0,"comment_status":"closed","ping_status":"closed","template":"","meta":{"footnotes":""},"class_list":["post-124","page","type-page","status-publish","hentry"],"_links":{"self":[{"href":"https:\/\/folkdans.nu\/en\/wp-json\/wp\/v2\/pages\/124","targetHints":{"allow":["GET"]}}],"collection":[{"href":"https:\/\/folkdans.nu\/en\/wp-json\/wp\/v2\/pages"}],"about":[{"href":"https:\/\/folkdans.nu\/en\/wp-json\/wp\/v2\/types\/page"}],"author":[{"embeddable":true,"href":"https:\/\/folkdans.nu\/en\/wp-json\/wp\/v2\/users\/3"}],"replies":[{"embeddable":true,"href":"https:\/\/folkdans.nu\/en\/wp-json\/wp\/v2\/comments?post=124"}],"version-history":[{"count":16,"href":"https:\/\/folkdans.nu\/en\/wp-json\/wp\/v2\/pages\/124\/revisions"}],"predecessor-version":[{"id":1206,"href":"https:\/\/folkdans.nu\/en\/wp-json\/wp\/v2\/pages\/124\/revisions\/1206"}],"wp:attachment":[{"href":"https:\/\/folkdans.nu\/en\/wp-json\/wp\/v2\/media?parent=124"}],"curies":[{"name":"wp","href":"https:\/\/api.w.org\/{rel}","templated":true}]}}