{"id":126,"date":"2025-11-18T18:44:43","date_gmt":"2025-11-18T17:44:43","guid":{"rendered":"https:\/\/folkdans.nu\/?page_id=126"},"modified":"2026-03-28T15:01:14","modified_gmt":"2026-03-28T14:01:14","slug":"hyr-lokal","status":"publish","type":"page","link":"https:\/\/folkdans.nu\/en\/hyr-lokal\/","title":{"rendered":"Rent a room"},"content":{"rendered":"<div data-elementor-type=\"wp-page\" data-elementor-id=\"126\" class=\"elementor elementor-126\">\n\t\t\t\t<div class=\"elementor-element elementor-element-3e4cbb4 e-flex e-con-boxed e-con e-parent\" data-id=\"3e4cbb4\" data-element_type=\"container\" data-e-type=\"container\">\n\t\t\t\t\t<div class=\"e-con-inner\">\n\t\t\t\t<div class=\"elementor-element elementor-element-50dc972 elementor-widget elementor-widget-spacer\" data-id=\"50dc972\" data-element_type=\"widget\" data-e-type=\"widget\" data-widget_type=\"spacer.default\">\n\t\t\t\t\t\t\t<div class=\"elementor-spacer\">\n\t\t\t<div class=\"elementor-spacer-inner\"><\/div>\n\t\t<\/div>\n\t\t\t\t\t\t<\/div>\n\t\t\t\t\t<\/div>\n\t\t\t\t<\/div>\n\t\t<div class=\"elementor-element elementor-element-cd2a2a8 e-flex e-con-boxed e-con e-parent\" data-id=\"cd2a2a8\" data-element_type=\"container\" data-e-type=\"container\">\n\t\t\t\t\t<div class=\"e-con-inner\">\n\t\t\t\t<div class=\"elementor-element elementor-element-8a19582 elementor-widget elementor-widget-heading\" data-id=\"8a19582\" data-element_type=\"widget\" data-e-type=\"widget\" data-widget_type=\"heading.default\">\n\t\t\t\t\t<h2 class=\"elementor-heading-title elementor-size-default\">Rent a room<\/h2>\t\t\t\t<\/div>\n\t\t\t\t\t<\/div>\n\t\t\t\t<\/div>\n\t\t<div class=\"elementor-element elementor-element-f67bafa e-flex e-con-boxed e-con e-parent\" data-id=\"f67bafa\" data-element_type=\"container\" data-e-type=\"container\">\n\t\t\t\t\t<div class=\"e-con-inner\">\n\t\t\t\t<div class=\"elementor-element elementor-element-d68bae1 elementor-widget elementor-widget-text-editor\" data-id=\"d68bae1\" data-element_type=\"widget\" data-e-type=\"widget\" data-widget_type=\"text-editor.default\">\n\t\t\t\t\t\t\t\t\t<p class=\"cvGsUA direction-ltr align-start para-style-body\"><span class=\"a_GcMg font-feature-liga-off font-feature-clig-off font-feature-calt-off text-decoration-none text-strikethrough-none\">Beh\u00f6ver ni en plats f\u00f6r m\u00f6ten, kurser eller festligheter? V\u00e5r f\u00f6reningslokal g\u00e5r att boka f\u00f6r b\u00e5de sm\u00e5 och stora arrangemang. Lokalen \u00e4r utrustad f\u00f6r dans, musik och samvaro.<\/span><\/p>\n<p class=\"cvGsUA direction-ltr align-start para-style-body\">\n<\/p><p class=\"cvGsUA direction-ltr align-start para-style-body\"><span class=\"a_GcMg font-feature-liga-off font-feature-clig-off font-feature-calt-off text-decoration-none text-strikethrough-none\">Lokalen \u00e4r p\u00e5 totalt 600 kvadratmeter och best\u00e5r av:<br><ul><li><span style=\"background-color: transparent;\">stora danslokalen<\/span><\/li><li><span style=\"background-color: transparent;\">lilla danslokalen<\/span><\/li><li><span style=\"background-color: transparent;\">caf\u00e9 med plats f\u00f6r cirka 40 personer<\/span><\/li><li><span style=\"background-color: transparent;\">k\u00f6k utrustat med diskmaskin, kyl, frys, spis och ugn samt servis.<\/span><\/li><\/ul><\/span><\/p>\n\n<ul>\n<\/ul>\n<p class=\"cvGsUA direction-ltr align-start para-style-body\">\n<\/p><p class=\"cvGsUA direction-ltr align-start para-style-body\"><span class=\"a_GcMg font-feature-liga-off font-feature-clig-off font-feature-calt-off text-decoration-none text-strikethrough-none\">Resten av ytan \u00e4r kontor och f\u00f6rr\u00e5d till f\u00f6reningen. Ut\u00f6ver v\u00e5ra danstr\u00e4ningar, m\u00f6ten och aktiviteter finns det m\u00f6jlighet att hyra lokalen.<\/span><\/p>\n<p class=\"cvGsUA direction-ltr align-start para-style-body\">\n<\/p><p class=\"cvGsUA direction-ltr align-start para-style-body\"><span class=\"a_GcMg font-feature-liga-off font-feature-clig-off font-feature-calt-off text-decoration-none text-strikethrough-none\">Kontakta oss f\u00f6r mer information om tillg\u00e4nglighet, priser och vad som ing\u00e5r.<\/span><\/p>\t\t\t\t\t\t\t\t<\/div>\n\t\t\t\t\t<\/div>\n\t\t\t\t<\/div>\n\t\t<div class=\"elementor-element elementor-element-fc6678a e-flex e-con-boxed e-con e-parent\" data-id=\"fc6678a\" data-element_type=\"container\" data-e-type=\"container\">\n\t\t\t\t\t<div class=\"e-con-inner\">\n\t\t\t\t<div class=\"elementor-element elementor-element-3cdd13a elementor-widget elementor-widget-spacer\" data-id=\"3cdd13a\" data-element_type=\"widget\" data-e-type=\"widget\" data-widget_type=\"spacer.default\">\n\t\t\t\t\t\t\t<div class=\"elementor-spacer\">\n\t\t\t<div class=\"elementor-spacer-inner\"><\/div>\n\t\t<\/div>\n\t\t\t\t\t\t<\/div>\n\t\t\t\t\t<\/div>\n\t\t\t\t<\/div>\n\t\t\t\t<\/div>","protected":false},"excerpt":{"rendered":"<p>Hyr lokal Beh\u00f6ver ni en plats f\u00f6r m\u00f6ten, kurser eller festligheter? V\u00e5r f\u00f6reningslokal g\u00e5r att boka f\u00f6r b\u00e5de sm\u00e5 och stora arrangemang. Lokalen \u00e4r utrustad f\u00f6r dans, musik och samvaro. [&hellip;]<\/p>\n","protected":false},"author":3,"featured_media":0,"parent":0,"menu_order":0,"comment_status":"closed","ping_status":"closed","template":"","meta":{"footnotes":""},"class_list":["post-126","page","type-page","status-publish","hentry"],"_links":{"self":[{"href":"https:\/\/folkdans.nu\/en\/wp-json\/wp\/v2\/pages\/126","targetHints":{"allow":["GET"]}}],"collection":[{"href":"https:\/\/folkdans.nu\/en\/wp-json\/wp\/v2\/pages"}],"about":[{"href":"https:\/\/folkdans.nu\/en\/wp-json\/wp\/v2\/types\/page"}],"author":[{"embeddable":true,"href":"https:\/\/folkdans.nu\/en\/wp-json\/wp\/v2\/users\/3"}],"replies":[{"embeddable":true,"href":"https:\/\/folkdans.nu\/en\/wp-json\/wp\/v2\/comments?post=126"}],"version-history":[{"count":10,"href":"https:\/\/folkdans.nu\/en\/wp-json\/wp\/v2\/pages\/126\/revisions"}],"predecessor-version":[{"id":1215,"href":"https:\/\/folkdans.nu\/en\/wp-json\/wp\/v2\/pages\/126\/revisions\/1215"}],"wp:attachment":[{"href":"https:\/\/folkdans.nu\/en\/wp-json\/wp\/v2\/media?parent=126"}],"curies":[{"name":"wp","href":"https:\/\/api.w.org\/{rel}","templated":true}]}}