{"id":128,"date":"2025-11-18T18:44:46","date_gmt":"2025-11-18T17:44:46","guid":{"rendered":"https:\/\/folkdans.nu\/?page_id=128"},"modified":"2026-03-28T15:02:28","modified_gmt":"2026-03-28T14:02:28","slug":"julgranshuggning","status":"publish","type":"page","link":"https:\/\/folkdans.nu\/en\/julgranshuggning\/","title":{"rendered":"Christmas tree felling"},"content":{"rendered":"<div data-elementor-type=\"wp-page\" data-elementor-id=\"128\" class=\"elementor elementor-128\">\n\t\t\t\t<div class=\"elementor-element elementor-element-6eee1b9 e-flex e-con-boxed e-con e-parent\" data-id=\"6eee1b9\" data-element_type=\"container\" data-e-type=\"container\">\n\t\t\t\t\t<div class=\"e-con-inner\">\n\t\t\t\t<div class=\"elementor-element elementor-element-7dd4951 elementor-widget elementor-widget-spacer\" data-id=\"7dd4951\" data-element_type=\"widget\" data-e-type=\"widget\" data-widget_type=\"spacer.default\">\n\t\t\t\t\t\t\t<div class=\"elementor-spacer\">\n\t\t\t<div class=\"elementor-spacer-inner\"><\/div>\n\t\t<\/div>\n\t\t\t\t\t\t<\/div>\n\t\t\t\t\t<\/div>\n\t\t\t\t<\/div>\n\t\t<div class=\"elementor-element elementor-element-058a51c e-flex e-con-boxed e-con e-parent\" data-id=\"058a51c\" data-element_type=\"container\" data-e-type=\"container\">\n\t\t\t\t\t<div class=\"e-con-inner\">\n\t\t\t\t<div class=\"elementor-element elementor-element-e487edf elementor-widget elementor-widget-heading\" data-id=\"e487edf\" data-element_type=\"widget\" data-e-type=\"widget\" data-widget_type=\"heading.default\">\n\t\t\t\t\t<h2 class=\"elementor-heading-title elementor-size-default\">Christmas tree felling<\/h2>\t\t\t\t<\/div>\n\t\t\t\t\t<\/div>\n\t\t\t\t<\/div>\n\t\t<div class=\"elementor-element elementor-element-ba66c19 e-flex e-con-boxed e-con e-parent\" data-id=\"ba66c19\" data-element_type=\"container\" data-e-type=\"container\">\n\t\t\t\t\t<div class=\"e-con-inner\">\n\t\t\t\t<div class=\"elementor-element elementor-element-7cb2b63 elementor-widget elementor-widget-text-editor\" data-id=\"7cb2b63\" data-element_type=\"widget\" data-e-type=\"widget\" data-widget_type=\"text-editor.default\">\n\t\t\t\t\t\t\t\t\t<p class=\"cvGsUA direction-ltr align-start para-style-body\"><span class=\"a_GcMg font-feature-liga-off font-feature-clig-off font-feature-calt-off text-decoration-none text-strikethrough-none\">Are you looking for a different and memorable activity for your company? We offer Christmas tree cutting where you can experience a wonderful time in the forest together and cut your own tree.<\/span><\/p>\n<p class=\"cvGsUA direction-ltr align-start para-style-body\">When the tree is carved, grilled sausages with bread and something warm to drink - mulled wine, coffee or tea - await you. A perfect end to a day where you have both fresh air and a fresh tree to decorate for Christmas.<\/p>\n<p class=\"cvGsUA direction-ltr align-start para-style-body\"><span class=\"a_GcMg font-feature-liga-off font-feature-clig-off font-feature-calt-off text-decoration-none text-strikethrough-none\">For more information, please contact us via the form under Contact.<\/span><\/p>\t\t\t\t\t\t\t\t<\/div>\n\t\t\t\t\t<\/div>\n\t\t\t\t<\/div>\n\t\t<div class=\"elementor-element elementor-element-ea422b8 e-flex e-con-boxed e-con e-parent\" data-id=\"ea422b8\" data-element_type=\"container\" data-e-type=\"container\">\n\t\t\t\t\t<div class=\"e-con-inner\">\n\t\t\t\t<div class=\"elementor-element elementor-element-19f4825 elementor-widget elementor-widget-spacer\" data-id=\"19f4825\" data-element_type=\"widget\" data-e-type=\"widget\" data-widget_type=\"spacer.default\">\n\t\t\t\t\t\t\t<div class=\"elementor-spacer\">\n\t\t\t<div class=\"elementor-spacer-inner\"><\/div>\n\t\t<\/div>\n\t\t\t\t\t\t<\/div>\n\t\t\t\t\t<\/div>\n\t\t\t\t<\/div>\n\t\t\t\t<\/div>","protected":false},"excerpt":{"rendered":"<p>Julgranshuggning Letar ni efter en annorlunda och minnesv\u00e4rd aktivitet f\u00f6r ert f\u00f6retag? Vi erbjuder julgranshuggning d\u00e4r ni tillsammans f\u00e5r uppleva en h\u00e4rlig stund i skogen och hugga er egen gran. [&hellip;]<\/p>\n","protected":false},"author":3,"featured_media":0,"parent":0,"menu_order":0,"comment_status":"closed","ping_status":"closed","template":"","meta":{"footnotes":""},"class_list":["post-128","page","type-page","status-publish","hentry"],"_links":{"self":[{"href":"https:\/\/folkdans.nu\/en\/wp-json\/wp\/v2\/pages\/128","targetHints":{"allow":["GET"]}}],"collection":[{"href":"https:\/\/folkdans.nu\/en\/wp-json\/wp\/v2\/pages"}],"about":[{"href":"https:\/\/folkdans.nu\/en\/wp-json\/wp\/v2\/types\/page"}],"author":[{"embeddable":true,"href":"https:\/\/folkdans.nu\/en\/wp-json\/wp\/v2\/users\/3"}],"replies":[{"embeddable":true,"href":"https:\/\/folkdans.nu\/en\/wp-json\/wp\/v2\/comments?post=128"}],"version-history":[{"count":8,"href":"https:\/\/folkdans.nu\/en\/wp-json\/wp\/v2\/pages\/128\/revisions"}],"predecessor-version":[{"id":1222,"href":"https:\/\/folkdans.nu\/en\/wp-json\/wp\/v2\/pages\/128\/revisions\/1222"}],"wp:attachment":[{"href":"https:\/\/folkdans.nu\/en\/wp-json\/wp\/v2\/media?parent=128"}],"curies":[{"name":"wp","href":"https:\/\/api.w.org\/{rel}","templated":true}]}}