{"id":133,"date":"2025-11-18T18:45:30","date_gmt":"2025-11-18T17:45:30","guid":{"rendered":"https:\/\/folkdans.nu\/?page_id=133"},"modified":"2026-04-07T18:00:05","modified_gmt":"2026-04-07T16:00:05","slug":"snurrebocken","status":"publish","type":"page","link":"https:\/\/folkdans.nu\/en\/snurrebocken\/","title":{"rendered":"The whirligig"},"content":{"rendered":"<div data-elementor-type=\"wp-page\" data-elementor-id=\"133\" class=\"elementor elementor-133\">\n\t\t\t\t<div class=\"elementor-element elementor-element-44a77a4 e-flex e-con-boxed e-con e-parent\" data-id=\"44a77a4\" data-element_type=\"container\" data-e-type=\"container\">\n\t\t\t\t\t<div class=\"e-con-inner\">\n\t\t\t\t<div class=\"elementor-element elementor-element-9d282a4 elementor-widget elementor-widget-spacer\" data-id=\"9d282a4\" data-element_type=\"widget\" data-e-type=\"widget\" data-widget_type=\"spacer.default\">\n\t\t\t\t\t\t\t<div class=\"elementor-spacer\">\n\t\t\t<div class=\"elementor-spacer-inner\"><\/div>\n\t\t<\/div>\n\t\t\t\t\t\t<\/div>\n\t\t\t\t<div class=\"elementor-element elementor-element-d6d3a57 elementor-widget elementor-widget-text-editor\" data-id=\"d6d3a57\" data-element_type=\"widget\" data-e-type=\"widget\" data-widget_type=\"text-editor.default\">\n\t\t\t\t\t\t\t\t\t<p><strong>Mer \u00e4n bara en medlemstidning!<\/strong><\/p>\t\t\t\t\t\t\t\t<\/div>\n\t\t\t\t<div class=\"elementor-element elementor-element-08f1ff9 elementor-widget elementor-widget-heading\" data-id=\"08f1ff9\" data-element_type=\"widget\" data-e-type=\"widget\" data-widget_type=\"heading.default\">\n\t\t\t\t\t<h2 class=\"elementor-heading-title elementor-size-default\">The whirligig<\/h2>\t\t\t\t<\/div>\n\t\t\t\t<div class=\"elementor-element elementor-element-c26c602 elementor-widget elementor-widget-text-editor\" data-id=\"c26c602\" data-element_type=\"widget\" data-e-type=\"widget\" data-widget_type=\"text-editor.default\">\n\t\t\t\t\t\t\t\t\t<p>Har du h\u00f6rt talas om Snurrebocken? Det \u00e4r inte bara ett namn som f\u00e5r en att le \u2013 det \u00e4r Malm\u00f6 Folkdansares egen medlemstidning, full av dansgl\u00e4dje, kultur och gemenskap!<\/p><p>I varje nummer bjuds du p\u00e5 en h\u00e4rlig blandning av reportage, bilder och ber\u00e4ttelser fr\u00e5n v\u00e5ra aktiviteter: midsommarfiranden, dans p\u00e5 stranden, hantverkscaf\u00e9er, ungdomsl\u00e4ger och uppvisningar som f\u00e5r publiken att klappa h\u00e4nderna i takt. H\u00e4r hittar du ocks\u00e5 tips om kommande kurser, resor och festligheter \u2013 allt som g\u00f6r v\u00e5r f\u00f6rening levande \u00e5ret runt.<\/p><p>Snurrebocken \u00e4r som en dans i tryckt form \u2013 ibland lugn som en vals, ibland fartfylld som en hambo! Den speglar v\u00e5r passion f\u00f6r folkdans, musik och traditioner, men ocks\u00e5 v\u00e5r vilja att utvecklas och ha kul tillsammans.<br \/>S\u00e5 \u2013 \u00e4r du redo att snurra med oss? Snurrebocken \u00e4r din biljett till dansgolvet, gemenskapen och alla de sm\u00e5 och stora \u00f6gonblick som g\u00f6r Malm\u00f6 Folkdansare till en unik f\u00f6rening.<\/p><p>Vill du l\u00e4sa senaste numret? Klicka dig in och l\u00e5t dig inspireras! <\/p>\t\t\t\t\t\t\t\t<\/div>\n\t\t<div class=\"elementor-element elementor-element-85734db e-grid e-con-full e-con e-child\" data-id=\"85734db\" data-element_type=\"container\" data-e-type=\"container\">\n\t\t\t\t<div class=\"elementor-element elementor-element-0c11177 elementor-widget elementor-widget-image\" data-id=\"0c11177\" data-element_type=\"widget\" data-e-type=\"widget\" data-widget_type=\"image.default\">\n\t\t\t\t\t\t\t\t\t\t\t\t\t\t\t\t<a href=\"http:\/\/folkdans.nu\/wp-content\/uploads\/2026\/01\/2601-Snurrebocken.pdf\" target=\"_blank\">\n\t\t\t\t\t\t\t<img fetchpriority=\"high\" decoding=\"async\" width=\"602\" height=\"851\" src=\"http:\/\/folkdans.nu\/wp-content\/uploads\/2026\/01\/2601-Snurrebocken.jpg\" class=\"attachment-large size-large wp-image-738\" alt=\"\" srcset=\"http:\/\/folkdans.nu\/wp-content\/uploads\/2026\/01\/2601-Snurrebocken.jpg 602w, http:\/\/folkdans.nu\/wp-content\/uploads\/2026\/01\/2601-Snurrebocken-212x300.jpg 212w, http:\/\/folkdans.nu\/wp-content\/uploads\/2026\/01\/2601-Snurrebocken-8x12.jpg 8w\" sizes=\"(max-width: 602px) 100vw, 602px\" \/>\t\t\t\t\t\t\t\t<\/a>\n\t\t\t\t\t\t\t\t\t\t\t\t\t\t\t<\/div>\n\t\t\t\t<div class=\"elementor-element elementor-element-a3a55b7 elementor-widget elementor-widget-image\" data-id=\"a3a55b7\" data-element_type=\"widget\" data-e-type=\"widget\" data-widget_type=\"image.default\">\n\t\t\t\t\t\t\t\t\t\t\t\t\t\t\t\t<a href=\"http:\/\/folkdans.nu\/wp-content\/uploads\/2026\/04\/2602-Snurrebocken.pdf\" target=\"_blank\">\n\t\t\t\t\t\t\t<img decoding=\"async\" width=\"676\" height=\"952\" src=\"http:\/\/folkdans.nu\/wp-content\/uploads\/2026\/04\/2602-Snurrebocken-1a-sida.jpg\" class=\"attachment-large size-large wp-image-1354\" alt=\"\" srcset=\"http:\/\/folkdans.nu\/wp-content\/uploads\/2026\/04\/2602-Snurrebocken-1a-sida.jpg 676w, http:\/\/folkdans.nu\/wp-content\/uploads\/2026\/04\/2602-Snurrebocken-1a-sida-213x300.jpg 213w, http:\/\/folkdans.nu\/wp-content\/uploads\/2026\/04\/2602-Snurrebocken-1a-sida-9x12.jpg 9w\" sizes=\"(max-width: 676px) 100vw, 676px\" \/>\t\t\t\t\t\t\t\t<\/a>\n\t\t\t\t\t\t\t\t\t\t\t\t\t\t\t<\/div>\n\t\t\t\t<\/div>\n\t\t<div class=\"elementor-element elementor-element-c86bba1 e-grid e-con-full e-con e-child\" data-id=\"c86bba1\" data-element_type=\"container\" data-e-type=\"container\">\n\t\t\t\t<div class=\"elementor-element elementor-element-8aa4e87 elementor-widget elementor-widget-image\" data-id=\"8aa4e87\" data-element_type=\"widget\" data-e-type=\"widget\" data-widget_type=\"image.default\">\n\t\t\t\t\t\t\t\t\t\t\t\t\t\t\t\t<a href=\"http:\/\/folkdans.nu\/wp-content\/uploads\/2025\/11\/2501-Snurrebocken.pdf\" target=\"_blank\">\n\t\t\t\t\t\t\t<img decoding=\"async\" width=\"222\" height=\"300\" src=\"http:\/\/folkdans.nu\/wp-content\/uploads\/2025\/11\/2501-Snurrebocken-222x300.jpg\" class=\"attachment-medium size-medium wp-image-707\" alt=\"\" srcset=\"http:\/\/folkdans.nu\/wp-content\/uploads\/2025\/11\/2501-Snurrebocken-222x300.jpg 222w, http:\/\/folkdans.nu\/wp-content\/uploads\/2025\/11\/2501-Snurrebocken-9x12.jpg 9w, http:\/\/folkdans.nu\/wp-content\/uploads\/2025\/11\/2501-Snurrebocken.jpg 597w\" sizes=\"(max-width: 222px) 100vw, 222px\" \/>\t\t\t\t\t\t\t\t<\/a>\n\t\t\t\t\t\t\t\t\t\t\t\t\t\t\t<\/div>\n\t\t\t\t<div class=\"elementor-element elementor-element-884a620 elementor-widget elementor-widget-image\" data-id=\"884a620\" data-element_type=\"widget\" data-e-type=\"widget\" data-widget_type=\"image.default\">\n\t\t\t\t\t\t\t\t\t\t\t\t\t\t\t\t<a href=\"http:\/\/folkdans.nu\/wp-content\/uploads\/2025\/11\/2502-Snurrebocken.pdf\" target=\"_blank\">\n\t\t\t\t\t\t\t<img loading=\"lazy\" decoding=\"async\" width=\"211\" height=\"300\" src=\"http:\/\/folkdans.nu\/wp-content\/uploads\/2025\/11\/2502-Snurrebocken.jpg\" class=\"attachment-medium size-medium wp-image-644\" alt=\"\" \/>\t\t\t\t\t\t\t\t<\/a>\n\t\t\t\t\t\t\t\t\t\t\t\t\t\t\t<\/div>\n\t\t\t\t<div class=\"elementor-element elementor-element-a90af2f elementor-widget elementor-widget-image\" data-id=\"a90af2f\" data-element_type=\"widget\" data-e-type=\"widget\" data-widget_type=\"image.default\">\n\t\t\t\t\t\t\t\t\t\t\t\t\t\t\t\t<a href=\"http:\/\/folkdans.nu\/wp-content\/uploads\/2025\/11\/2503-Snurrebocken.pdf\" target=\"_blank\">\n\t\t\t\t\t\t\t<img loading=\"lazy\" decoding=\"async\" width=\"211\" height=\"300\" src=\"http:\/\/folkdans.nu\/wp-content\/uploads\/2025\/11\/2503-Snurrebocken.jpg\" class=\"attachment-medium size-medium wp-image-645\" alt=\"\" \/>\t\t\t\t\t\t\t\t<\/a>\n\t\t\t\t\t\t\t\t\t\t\t\t\t\t\t<\/div>\n\t\t\t\t<div class=\"elementor-element elementor-element-8115cb4 elementor-widget elementor-widget-image\" data-id=\"8115cb4\" data-element_type=\"widget\" data-e-type=\"widget\" data-widget_type=\"image.default\">\n\t\t\t\t\t\t\t\t\t\t\t\t\t\t\t\t<a href=\"http:\/\/folkdans.nu\/wp-content\/uploads\/2025\/11\/2504-Snurrebocken.pdf\" target=\"_blank\">\n\t\t\t\t\t\t\t<img loading=\"lazy\" decoding=\"async\" width=\"211\" height=\"300\" src=\"http:\/\/folkdans.nu\/wp-content\/uploads\/2025\/11\/2504-Snurrebocken.jpg\" class=\"attachment-medium size-medium wp-image-646\" alt=\"\" \/>\t\t\t\t\t\t\t\t<\/a>\n\t\t\t\t\t\t\t\t\t\t\t\t\t\t\t<\/div>\n\t\t\t\t<div class=\"elementor-element elementor-element-c118034 elementor-widget elementor-widget-image\" data-id=\"c118034\" data-element_type=\"widget\" data-e-type=\"widget\" data-widget_type=\"image.default\">\n\t\t\t\t\t\t\t\t\t\t\t\t\t\t\t\t<a href=\"http:\/\/folkdans.nu\/wp-content\/uploads\/2025\/11\/2505-Snurrebocken.pdf\" target=\"_blank\">\n\t\t\t\t\t\t\t<img loading=\"lazy\" decoding=\"async\" width=\"223\" height=\"300\" src=\"http:\/\/folkdans.nu\/wp-content\/uploads\/2025\/11\/2505-Snurrebocken-223x300.jpg\" class=\"attachment-medium size-medium wp-image-704\" alt=\"\" srcset=\"http:\/\/folkdans.nu\/wp-content\/uploads\/2025\/11\/2505-Snurrebocken-223x300.jpg 223w, http:\/\/folkdans.nu\/wp-content\/uploads\/2025\/11\/2505-Snurrebocken-9x12.jpg 9w, http:\/\/folkdans.nu\/wp-content\/uploads\/2025\/11\/2505-Snurrebocken.jpg 601w\" sizes=\"(max-width: 223px) 100vw, 223px\" \/>\t\t\t\t\t\t\t\t<\/a>\n\t\t\t\t\t\t\t\t\t\t\t\t\t\t\t<\/div>\n\t\t\t\t<\/div>\n\t\t<div class=\"elementor-element elementor-element-8e54e2f e-grid e-con-full e-con e-child\" data-id=\"8e54e2f\" data-element_type=\"container\" data-e-type=\"container\">\n\t\t\t\t<div class=\"elementor-element elementor-element-b9ad250 elementor-widget elementor-widget-image\" data-id=\"b9ad250\" data-element_type=\"widget\" data-e-type=\"widget\" data-widget_type=\"image.default\">\n\t\t\t\t\t\t\t\t\t\t\t\t\t\t\t\t<a href=\"http:\/\/folkdans.nu\/wp-content\/uploads\/2025\/11\/2024-01-Snurrebocken.pdf\" target=\"_blank\">\n\t\t\t\t\t\t\t<img loading=\"lazy\" decoding=\"async\" width=\"212\" height=\"300\" src=\"http:\/\/folkdans.nu\/wp-content\/uploads\/2025\/11\/2024-01-Snurrebocken-212x300.jpg\" class=\"attachment-medium size-medium wp-image-633\" alt=\"\" srcset=\"http:\/\/folkdans.nu\/wp-content\/uploads\/2025\/11\/2024-01-Snurrebocken-212x300.jpg 212w, http:\/\/folkdans.nu\/wp-content\/uploads\/2025\/11\/2024-01-Snurrebocken-8x12.jpg 8w, http:\/\/folkdans.nu\/wp-content\/uploads\/2025\/11\/2024-01-Snurrebocken.jpg 594w\" sizes=\"(max-width: 212px) 100vw, 212px\" \/>\t\t\t\t\t\t\t\t<\/a>\n\t\t\t\t\t\t\t\t\t\t\t\t\t\t\t<\/div>\n\t\t\t\t<div class=\"elementor-element elementor-element-d140052 elementor-widget elementor-widget-image\" data-id=\"d140052\" data-element_type=\"widget\" data-e-type=\"widget\" data-widget_type=\"image.default\">\n\t\t\t\t\t\t\t\t\t\t\t\t\t\t\t\t<a href=\"http:\/\/folkdans.nu\/wp-content\/uploads\/2025\/11\/2024-2-Snurrebocken.pdf\" target=\"_blank\">\n\t\t\t\t\t\t\t<img loading=\"lazy\" decoding=\"async\" width=\"208\" height=\"300\" src=\"http:\/\/folkdans.nu\/wp-content\/uploads\/2025\/11\/2024-2-Snurrebocken-208x300.jpg\" class=\"attachment-medium size-medium wp-image-631\" alt=\"\" srcset=\"http:\/\/folkdans.nu\/wp-content\/uploads\/2025\/11\/2024-2-Snurrebocken-208x300.jpg 208w, http:\/\/folkdans.nu\/wp-content\/uploads\/2025\/11\/2024-2-Snurrebocken-8x12.jpg 8w, http:\/\/folkdans.nu\/wp-content\/uploads\/2025\/11\/2024-2-Snurrebocken.jpg 552w\" sizes=\"(max-width: 208px) 100vw, 208px\" \/>\t\t\t\t\t\t\t\t<\/a>\n\t\t\t\t\t\t\t\t\t\t\t\t\t\t\t<\/div>\n\t\t\t\t<div class=\"elementor-element elementor-element-c548e39 elementor-widget elementor-widget-image\" data-id=\"c548e39\" data-element_type=\"widget\" data-e-type=\"widget\" data-widget_type=\"image.default\">\n\t\t\t\t\t\t\t\t\t\t\t\t\t\t\t\t<a href=\"http:\/\/folkdans.nu\/wp-content\/uploads\/2025\/11\/2024-3-Snurrebocken.pdf\" target=\"_blank\">\n\t\t\t\t\t\t\t<img loading=\"lazy\" decoding=\"async\" width=\"210\" height=\"300\" src=\"http:\/\/folkdans.nu\/wp-content\/uploads\/2025\/11\/2024-3-Snurrebocken-210x300.jpg\" class=\"attachment-medium size-medium wp-image-629\" alt=\"\" srcset=\"http:\/\/folkdans.nu\/wp-content\/uploads\/2025\/11\/2024-3-Snurrebocken-210x300.jpg 210w, http:\/\/folkdans.nu\/wp-content\/uploads\/2025\/11\/2024-3-Snurrebocken-8x12.jpg 8w, http:\/\/folkdans.nu\/wp-content\/uploads\/2025\/11\/2024-3-Snurrebocken.jpg 670w\" sizes=\"(max-width: 210px) 100vw, 210px\" \/>\t\t\t\t\t\t\t\t<\/a>\n\t\t\t\t\t\t\t\t\t\t\t\t\t\t\t<\/div>\n\t\t\t\t<div class=\"elementor-element elementor-element-bd1400f elementor-widget elementor-widget-image\" data-id=\"bd1400f\" data-element_type=\"widget\" data-e-type=\"widget\" data-widget_type=\"image.default\">\n\t\t\t\t\t\t\t\t\t\t\t\t\t\t\t\t<a href=\"http:\/\/folkdans.nu\/wp-content\/uploads\/2025\/11\/2024-4-Snurrebocken.pdf\" target=\"_blank\">\n\t\t\t\t\t\t\t<img loading=\"lazy\" decoding=\"async\" width=\"211\" height=\"300\" src=\"http:\/\/folkdans.nu\/wp-content\/uploads\/2025\/11\/2024-4-Snurrebocken.jpg\" class=\"attachment-medium size-medium wp-image-627\" alt=\"\" \/>\t\t\t\t\t\t\t\t<\/a>\n\t\t\t\t\t\t\t\t\t\t\t\t\t\t\t<\/div>\n\t\t\t\t<div class=\"elementor-element elementor-element-b05d58c elementor-widget elementor-widget-image\" data-id=\"b05d58c\" data-element_type=\"widget\" data-e-type=\"widget\" data-widget_type=\"image.default\">\n\t\t\t\t\t\t\t\t\t\t\t\t\t\t\t\t<a href=\"http:\/\/folkdans.nu\/wp-content\/uploads\/2025\/11\/2024-5-Snurrebocken.pdf\" target=\"_blank\">\n\t\t\t\t\t\t\t<img loading=\"lazy\" decoding=\"async\" width=\"209\" height=\"300\" src=\"http:\/\/folkdans.nu\/wp-content\/uploads\/2025\/11\/2024-5-Snurrebocken.jpg\" class=\"attachment-medium size-medium wp-image-625\" alt=\"\" \/>\t\t\t\t\t\t\t\t<\/a>\n\t\t\t\t\t\t\t\t\t\t\t\t\t\t\t<\/div>\n\t\t\t\t<\/div>\n\t\t<div class=\"elementor-element elementor-element-ff27f71 e-grid e-con-full e-con e-child\" data-id=\"ff27f71\" data-element_type=\"container\" data-e-type=\"container\">\n\t\t\t\t<div class=\"elementor-element elementor-element-7121400 elementor-widget elementor-widget-image\" data-id=\"7121400\" data-element_type=\"widget\" data-e-type=\"widget\" data-widget_type=\"image.default\">\n\t\t\t\t\t\t\t\t\t\t\t\t\t\t\t\t<a href=\"http:\/\/folkdans.nu\/wp-content\/uploads\/2025\/11\/2023-1-Snurrebocken.pdf\" target=\"_blank\">\n\t\t\t\t\t\t\t<img loading=\"lazy\" decoding=\"async\" width=\"212\" height=\"300\" src=\"http:\/\/folkdans.nu\/wp-content\/uploads\/2025\/11\/2023-1-Snurrebocken-1a-sida-212x300.png\" class=\"attachment-medium size-medium wp-image-643\" alt=\"\" srcset=\"http:\/\/folkdans.nu\/wp-content\/uploads\/2025\/11\/2023-1-Snurrebocken-1a-sida-212x300.png 212w, http:\/\/folkdans.nu\/wp-content\/uploads\/2025\/11\/2023-1-Snurrebocken-1a-sida-8x12.png 8w, http:\/\/folkdans.nu\/wp-content\/uploads\/2025\/11\/2023-1-Snurrebocken-1a-sida.png 636w\" sizes=\"(max-width: 212px) 100vw, 212px\" \/>\t\t\t\t\t\t\t\t<\/a>\n\t\t\t\t\t\t\t\t\t\t\t\t\t\t\t<\/div>\n\t\t\t\t<div class=\"elementor-element elementor-element-e4c6c49 elementor-widget elementor-widget-image\" data-id=\"e4c6c49\" data-element_type=\"widget\" data-e-type=\"widget\" data-widget_type=\"image.default\">\n\t\t\t\t\t\t\t\t\t\t\t\t\t\t\t\t<a href=\"http:\/\/folkdans.nu\/wp-content\/uploads\/2025\/11\/2023-2-Snurrebocken.pdf\" target=\"_blank\">\n\t\t\t\t\t\t\t<img loading=\"lazy\" decoding=\"async\" width=\"217\" height=\"300\" src=\"http:\/\/folkdans.nu\/wp-content\/uploads\/2025\/11\/2023-2-Snurrebocken-1a-sida-217x300.png\" class=\"attachment-medium size-medium wp-image-641\" alt=\"\" srcset=\"http:\/\/folkdans.nu\/wp-content\/uploads\/2025\/11\/2023-2-Snurrebocken-1a-sida-217x300.png 217w, http:\/\/folkdans.nu\/wp-content\/uploads\/2025\/11\/2023-2-Snurrebocken-1a-sida-9x12.png 9w, http:\/\/folkdans.nu\/wp-content\/uploads\/2025\/11\/2023-2-Snurrebocken-1a-sida.png 603w\" sizes=\"(max-width: 217px) 100vw, 217px\" \/>\t\t\t\t\t\t\t\t<\/a>\n\t\t\t\t\t\t\t\t\t\t\t\t\t\t\t<\/div>\n\t\t\t\t<div class=\"elementor-element elementor-element-6c1eee1 elementor-widget elementor-widget-image\" data-id=\"6c1eee1\" data-element_type=\"widget\" data-e-type=\"widget\" data-widget_type=\"image.default\">\n\t\t\t\t\t\t\t\t\t\t\t\t\t\t\t\t<a href=\"http:\/\/folkdans.nu\/wp-content\/uploads\/2025\/11\/2023-3-Snurrebocken.pdf\" target=\"_blank\">\n\t\t\t\t\t\t\t<img loading=\"lazy\" decoding=\"async\" width=\"219\" height=\"300\" src=\"http:\/\/folkdans.nu\/wp-content\/uploads\/2025\/11\/2023-3-Snurrebocken-219x300.jpg\" class=\"attachment-medium size-medium wp-image-639\" alt=\"\" srcset=\"http:\/\/folkdans.nu\/wp-content\/uploads\/2025\/11\/2023-3-Snurrebocken-219x300.jpg 219w, http:\/\/folkdans.nu\/wp-content\/uploads\/2025\/11\/2023-3-Snurrebocken-9x12.jpg 9w, http:\/\/folkdans.nu\/wp-content\/uploads\/2025\/11\/2023-3-Snurrebocken.jpg 592w\" sizes=\"(max-width: 219px) 100vw, 219px\" \/>\t\t\t\t\t\t\t\t<\/a>\n\t\t\t\t\t\t\t\t\t\t\t\t\t\t\t<\/div>\n\t\t\t\t<div class=\"elementor-element elementor-element-2a41352 elementor-widget elementor-widget-image\" data-id=\"2a41352\" data-element_type=\"widget\" data-e-type=\"widget\" data-widget_type=\"image.default\">\n\t\t\t\t\t\t\t\t\t\t\t\t\t\t\t\t<a href=\"http:\/\/folkdans.nu\/wp-content\/uploads\/2025\/11\/2023-4-Snurrebocken.pdf\" target=\"_blank\">\n\t\t\t\t\t\t\t<img loading=\"lazy\" decoding=\"async\" width=\"212\" height=\"300\" src=\"http:\/\/folkdans.nu\/wp-content\/uploads\/2025\/11\/2023-4-Snurrebocken-212x300.jpg\" class=\"attachment-medium size-medium wp-image-637\" alt=\"\" srcset=\"http:\/\/folkdans.nu\/wp-content\/uploads\/2025\/11\/2023-4-Snurrebocken-212x300.jpg 212w, http:\/\/folkdans.nu\/wp-content\/uploads\/2025\/11\/2023-4-Snurrebocken-8x12.jpg 8w, http:\/\/folkdans.nu\/wp-content\/uploads\/2025\/11\/2023-4-Snurrebocken.jpg 601w\" sizes=\"(max-width: 212px) 100vw, 212px\" \/>\t\t\t\t\t\t\t\t<\/a>\n\t\t\t\t\t\t\t\t\t\t\t\t\t\t\t<\/div>\n\t\t\t\t<div class=\"elementor-element elementor-element-e8ced13 elementor-widget elementor-widget-image\" data-id=\"e8ced13\" data-element_type=\"widget\" data-e-type=\"widget\" data-widget_type=\"image.default\">\n\t\t\t\t\t\t\t\t\t\t\t\t\t\t\t\t<a href=\"http:\/\/folkdans.nu\/wp-content\/uploads\/2025\/11\/2023-5-Snurrebocken.pdf\" target=\"_blank\">\n\t\t\t\t\t\t\t<img loading=\"lazy\" decoding=\"async\" width=\"212\" height=\"300\" src=\"http:\/\/folkdans.nu\/wp-content\/uploads\/2025\/11\/2023-5-Snurrebocken-212x300.jpg\" class=\"attachment-medium size-medium wp-image-635\" alt=\"\" srcset=\"http:\/\/folkdans.nu\/wp-content\/uploads\/2025\/11\/2023-5-Snurrebocken-212x300.jpg 212w, http:\/\/folkdans.nu\/wp-content\/uploads\/2025\/11\/2023-5-Snurrebocken-8x12.jpg 8w, http:\/\/folkdans.nu\/wp-content\/uploads\/2025\/11\/2023-5-Snurrebocken.jpg 561w\" sizes=\"(max-width: 212px) 100vw, 212px\" \/>\t\t\t\t\t\t\t\t<\/a>\n\t\t\t\t\t\t\t\t\t\t\t\t\t\t\t<\/div>\n\t\t\t\t<\/div>\n\t\t\t\t\t<\/div>\n\t\t\t\t<\/div>\n\t\t<div class=\"elementor-element elementor-element-cf025d1 e-flex e-con-boxed e-con e-parent\" data-id=\"cf025d1\" data-element_type=\"container\" data-e-type=\"container\">\n\t\t\t\t\t<div class=\"e-con-inner\">\n\t\t\t\t<div class=\"elementor-element elementor-element-3903c66 elementor-widget elementor-widget-spacer\" data-id=\"3903c66\" data-element_type=\"widget\" data-e-type=\"widget\" data-widget_type=\"spacer.default\">\n\t\t\t\t\t\t\t<div class=\"elementor-spacer\">\n\t\t\t<div class=\"elementor-spacer-inner\"><\/div>\n\t\t<\/div>\n\t\t\t\t\t\t<\/div>\n\t\t\t\t\t<\/div>\n\t\t\t\t<\/div>\n\t\t\t\t<\/div>","protected":false},"excerpt":{"rendered":"<p>Mer \u00e4n bara en medlemstidning! Snurrebocken Har du h\u00f6rt talas om Snurrebocken? Det \u00e4r inte bara ett namn som f\u00e5r en att le \u2013 det \u00e4r Malm\u00f6 Folkdansares egen medlemstidning, [&hellip;]<\/p>\n","protected":false},"author":3,"featured_media":0,"parent":0,"menu_order":0,"comment_status":"closed","ping_status":"closed","template":"","meta":{"footnotes":""},"class_list":["post-133","page","type-page","status-publish","hentry"],"_links":{"self":[{"href":"https:\/\/folkdans.nu\/en\/wp-json\/wp\/v2\/pages\/133","targetHints":{"allow":["GET"]}}],"collection":[{"href":"https:\/\/folkdans.nu\/en\/wp-json\/wp\/v2\/pages"}],"about":[{"href":"https:\/\/folkdans.nu\/en\/wp-json\/wp\/v2\/types\/page"}],"author":[{"embeddable":true,"href":"https:\/\/folkdans.nu\/en\/wp-json\/wp\/v2\/users\/3"}],"replies":[{"embeddable":true,"href":"https:\/\/folkdans.nu\/en\/wp-json\/wp\/v2\/comments?post=133"}],"version-history":[{"count":25,"href":"https:\/\/folkdans.nu\/en\/wp-json\/wp\/v2\/pages\/133\/revisions"}],"predecessor-version":[{"id":1358,"href":"https:\/\/folkdans.nu\/en\/wp-json\/wp\/v2\/pages\/133\/revisions\/1358"}],"wp:attachment":[{"href":"https:\/\/folkdans.nu\/en\/wp-json\/wp\/v2\/media?parent=133"}],"curies":[{"name":"wp","href":"https:\/\/api.w.org\/{rel}","templated":true}]}}