{"id":135,"date":"2025-11-18T18:44:30","date_gmt":"2025-11-18T17:44:30","guid":{"rendered":"https:\/\/folkdans.nu\/?page_id=135"},"modified":"2026-03-28T15:49:07","modified_gmt":"2026-03-28T14:49:07","slug":"drakt-kultur","status":"publish","type":"page","link":"https:\/\/folkdans.nu\/en\/drakt-kultur\/","title":{"rendered":"Costume &amp; culture"},"content":{"rendered":"<div data-elementor-type=\"wp-page\" data-elementor-id=\"135\" class=\"elementor elementor-135\">\n\t\t\t\t<div class=\"elementor-element elementor-element-b6e745b e-flex e-con-boxed e-con e-parent\" data-id=\"b6e745b\" data-element_type=\"container\" data-e-type=\"container\">\n\t\t\t\t\t<div class=\"e-con-inner\">\n\t\t\t\t<div class=\"elementor-element elementor-element-4e760be elementor-widget elementor-widget-spacer\" data-id=\"4e760be\" data-element_type=\"widget\" data-e-type=\"widget\" data-widget_type=\"spacer.default\">\n\t\t\t\t\t\t\t<div class=\"elementor-spacer\">\n\t\t\t<div class=\"elementor-spacer-inner\"><\/div>\n\t\t<\/div>\n\t\t\t\t\t\t<\/div>\n\t\t\t\t\t<\/div>\n\t\t\t\t<\/div>\n\t\t<div class=\"elementor-element elementor-element-8bfadea e-flex e-con-boxed e-con e-parent\" data-id=\"8bfadea\" data-element_type=\"container\" data-e-type=\"container\">\n\t\t\t\t\t<div class=\"e-con-inner\">\n\t\t\t\t<div class=\"elementor-element elementor-element-73da18d elementor-widget elementor-widget-heading\" data-id=\"73da18d\" data-element_type=\"widget\" data-e-type=\"widget\" data-widget_type=\"heading.default\">\n\t\t\t\t\t<h2 class=\"elementor-heading-title elementor-size-default\"><p><span>Dr\u00e4kt- och Kulturgruppen<\/span><\/p><\/h2>\t\t\t\t<\/div>\n\t\t\t\t<div class=\"elementor-element elementor-element-05b7f35 elementor-widget elementor-widget-heading\" data-id=\"05b7f35\" data-element_type=\"widget\" data-e-type=\"widget\" data-widget_type=\"heading.default\">\n\t\t\t\t\t<h2 class=\"elementor-heading-title elementor-size-default\">Bevarar och f\u00f6r traditionen vidare<\/h2>\t\t\t\t<\/div>\n\t\t\t\t\t<\/div>\n\t\t\t\t<\/div>\n\t\t<div class=\"elementor-element elementor-element-d5524cf e-flex e-con-boxed e-con e-parent\" data-id=\"d5524cf\" data-element_type=\"container\" data-e-type=\"container\">\n\t\t\t\t\t<div class=\"e-con-inner\">\n\t\t\t\t<div class=\"elementor-element elementor-element-a78002e elementor-widget elementor-widget-spacer\" data-id=\"a78002e\" data-element_type=\"widget\" data-e-type=\"widget\" data-widget_type=\"spacer.default\">\n\t\t\t\t\t\t\t<div class=\"elementor-spacer\">\n\t\t\t<div class=\"elementor-spacer-inner\"><\/div>\n\t\t<\/div>\n\t\t\t\t\t\t<\/div>\n\t\t\t\t\t<\/div>\n\t\t\t\t<\/div>\n\t\t<div class=\"elementor-element elementor-element-99b6365 e-grid e-con-boxed e-con e-parent\" data-id=\"99b6365\" data-element_type=\"container\" data-e-type=\"container\">\n\t\t\t\t\t<div class=\"e-con-inner\">\n\t\t\t\t<div class=\"elementor-element elementor-element-3c140b5 elementor-widget__width-initial elementor-widget elementor-widget-text-editor\" data-id=\"3c140b5\" data-element_type=\"widget\" data-e-type=\"widget\" data-widget_type=\"text-editor.default\">\n\t\t\t\t\t\t\t\t\t<p class=\"cvGsUA direction-ltr align-start para-style-body\">Vi arbetar f\u00f6r att bevara den unika dr\u00e4kttraditionen och inspirera fler att uppt\u00e4cka den. Gruppen tr\u00e4ffas regelbundet och erbjuder r\u00e5d och st\u00f6d till medlemmar kring hur man praktiskt kan \u00e4ndra eller komplettera sin dr\u00e4kt.<\/p><p class=\"cvGsUA direction-ltr align-start para-style-body\"><span class=\"a_GcMg font-feature-liga-off font-feature-clig-off font-feature-calt-off text-decoration-none text-strikethrough-none\">F\u00f6r att skapa levande kulturupplevelser arrangerar vi utflykter och studiebes\u00f6k. Ibland f\u00e5r deltagarna \u00e4ven m\u00f6jlighet att prova p\u00e5 olika tekniker tillsammans.<\/span><\/p><p class=\"cvGsUA direction-ltr align-start para-style-body\"><span class=\"a_GcMg font-feature-liga-off font-feature-clig-off font-feature-calt-off text-decoration-none text-strikethrough-none\">Malm\u00f6 Folkdansare f\u00f6rvaltar en omfattande dr\u00e4ktgarderob som medlemmar kan l\u00e5na fr\u00e5n. H\u00e4r finns \u00e4ven n\u00e5gra museiplagg \u2013 perfekta f\u00f6r att studera, inspireras av och kopiera.<\/span><\/p><p class=\"cvGsUA direction-ltr align-start para-style-body\"><span class=\"a_GcMg font-feature-liga-off font-feature-clig-off font-feature-calt-off text-decoration-none text-strikethrough-none\">Dr\u00e4kt i tiden &#8211; Du ska k\u00e4nna dig bekv\u00e4m i din dr\u00e4kt.<\/span><\/p><p class=\"cvGsUA direction-ltr align-start para-style-body\"><span class=\"a_GcMg font-feature-liga-off font-feature-clig-off font-feature-calt-off text-decoration-none text-strikethrough-none\">Har du fr\u00e5gor? Kontakta oss g\u00e4rna via formul\u00e4ret under kontakt.<\/span><\/p>\t\t\t\t\t\t\t\t<\/div>\n\t\t\t\t<div class=\"elementor-element elementor-element-6f6fab8 elementor-widget elementor-widget-image\" data-id=\"6f6fab8\" data-element_type=\"widget\" data-e-type=\"widget\" data-widget_type=\"image.default\">\n\t\t\t\t\t\t\t\t\t\t\t\t\t\t\t<img decoding=\"async\" src=\"https:\/\/folkdans.nu\/wp-content\/uploads\/2026\/03\/draktsmycke-kors-2-Ronny.jpg\" title=\"dr\u00e4ktsmycke-kors 2 Ronny\" alt=\"dr\u00e4ktsmycke-kors 2 Ronny\" loading=\"lazy\" \/>\t\t\t\t\t\t\t\t\t\t\t\t\t\t\t<\/div>\n\t\t\t\t\t<\/div>\n\t\t\t\t<\/div>\n\t\t<div class=\"elementor-element elementor-element-b8b65d9 e-flex e-con-boxed e-con e-parent\" data-id=\"b8b65d9\" data-element_type=\"container\" data-e-type=\"container\">\n\t\t\t\t\t<div class=\"e-con-inner\">\n\t\t\t\t<div class=\"elementor-element elementor-element-0afa674 elementor-widget elementor-widget-spacer\" data-id=\"0afa674\" data-element_type=\"widget\" data-e-type=\"widget\" data-widget_type=\"spacer.default\">\n\t\t\t\t\t\t\t<div class=\"elementor-spacer\">\n\t\t\t<div class=\"elementor-spacer-inner\"><\/div>\n\t\t<\/div>\n\t\t\t\t\t\t<\/div>\n\t\t\t\t<div class=\"elementor-element elementor-element-4bd6824 elementor-widget elementor-widget-heading\" data-id=\"4bd6824\" data-element_type=\"widget\" data-e-type=\"widget\" data-widget_type=\"heading.default\">\n\t\t\t\t\t<h2 class=\"elementor-heading-title elementor-size-default\">Tips fr\u00e5n Dr\u00e4kt- och Kulturgruppen<\/h2>\t\t\t\t<\/div>\n\t\t\t\t<div class=\"elementor-element elementor-element-dcaae2e elementor-widget elementor-widget-spacer\" data-id=\"dcaae2e\" data-element_type=\"widget\" data-e-type=\"widget\" data-widget_type=\"spacer.default\">\n\t\t\t\t\t\t\t<div class=\"elementor-spacer\">\n\t\t\t<div class=\"elementor-spacer-inner\"><\/div>\n\t\t<\/div>\n\t\t\t\t\t\t<\/div>\n\t\t\t\t\t<\/div>\n\t\t\t\t<\/div>\n\t\t<div class=\"elementor-element elementor-element-3d57741 e-grid e-con-boxed e-con e-parent\" data-id=\"3d57741\" data-element_type=\"container\" data-e-type=\"container\">\n\t\t\t\t\t<div class=\"e-con-inner\">\n\t\t<div class=\"elementor-element elementor-element-5ade786 e-con-full e-flex e-con e-child\" data-id=\"5ade786\" data-element_type=\"container\" data-e-type=\"container\">\n\t\t\t\t<div class=\"elementor-element elementor-element-6e0ef00 elementor-widget elementor-widget-heading\" data-id=\"6e0ef00\" data-element_type=\"widget\" data-e-type=\"widget\" data-widget_type=\"heading.default\">\n\t\t\t\t\t<h2 class=\"elementor-heading-title elementor-size-default\">En guldgruva f\u00f6r den vetgirige<\/h2>\t\t\t\t<\/div>\n\t\t\t\t<div class=\"elementor-element elementor-element-2d8c1e2 elementor-widget elementor-widget-text-editor\" data-id=\"2d8c1e2\" data-element_type=\"widget\" data-e-type=\"widget\" data-widget_type=\"text-editor.default\">\n\t\t\t\t\t\t\t\t\t<p class=\"cvGsUA direction-ltr align-start para-style-body\">Vill du veta mer om sk\u00e5nska dr\u00e4kter? Vi rekommenderar Sigfrid Svenssons klassiska avhandling \u2013 troligen den mest l\u00e4sta k\u00e4llan om sk\u00e5nska dr\u00e4kter. Trots att den gavs ut redan 1935 \u00e4r den fortfarande ov\u00e4rderlig.\u00a0<\/p>\t\t\t\t\t\t\t\t<\/div>\n\t\t\t\t<div class=\"elementor-element elementor-element-4a455ed elementor-widget elementor-widget-spacer\" data-id=\"4a455ed\" data-element_type=\"widget\" data-e-type=\"widget\" data-widget_type=\"spacer.default\">\n\t\t\t\t\t\t\t<div class=\"elementor-spacer\">\n\t\t\t<div class=\"elementor-spacer-inner\"><\/div>\n\t\t<\/div>\n\t\t\t\t\t\t<\/div>\n\t\t\t\t<div class=\"elementor-element elementor-element-30872eb elementor-widget elementor-widget-text-editor\" data-id=\"30872eb\" data-element_type=\"widget\" data-e-type=\"widget\" data-widget_type=\"text-editor.default\">\n\t\t\t\t\t\t\t\t\t<p>Till v\u00e5r gl\u00e4dje finns boken tillg\u00e4nglig online:<\/p>\t\t\t\t\t\t\t\t<\/div>\n\t\t\t\t<div class=\"elementor-element elementor-element-75a04fc elementor-align-center elementor-widget elementor-widget-button\" data-id=\"75a04fc\" data-element_type=\"widget\" data-e-type=\"widget\" data-widget_type=\"button.default\">\n\t\t\t\t\t\t\t\t\t\t<a class=\"elementor-button elementor-button-link elementor-size-sm\" href=\"https:\/\/pubs.sub.su.se\/1993.pdf\">\n\t\t\t\t\t\t<span class=\"elementor-button-content-wrapper\">\n\t\t\t\t\t\t\t\t\t<span class=\"elementor-button-text\">Sk\u00e5nska folkdr\u00e4kter<\/span>\n\t\t\t\t\t<\/span>\n\t\t\t\t\t<\/a>\n\t\t\t\t\t\t\t\t<\/div>\n\t\t\t\t<\/div>\n\t\t<div class=\"elementor-element elementor-element-d1da2ba e-con-full e-flex e-con e-child\" data-id=\"d1da2ba\" data-element_type=\"container\" data-e-type=\"container\">\n\t\t\t\t<div class=\"elementor-element elementor-element-8e5fe2a elementor-widget elementor-widget-heading\" data-id=\"8e5fe2a\" data-element_type=\"widget\" data-e-type=\"widget\" data-widget_type=\"heading.default\">\n\t\t\t\t\t<h2 class=\"elementor-heading-title elementor-size-default\">Dr\u00e4ktnyckel \u2013 digital kunskapsbank<\/h2>\t\t\t\t<\/div>\n\t\t\t\t<div class=\"elementor-element elementor-element-7bdad90 elementor-widget elementor-widget-text-editor\" data-id=\"7bdad90\" data-element_type=\"widget\" data-e-type=\"widget\" data-widget_type=\"text-editor.default\">\n\t\t\t\t\t\t\t\t\t<p class=\"cvGsUA direction-ltr align-start para-style-body\">Dr\u00e4ktnyckel \u00e4r en digital databas som ska bli en identifierings- och informationsnyckel till landets folk- och bygdedr\u00e4kter. Sidans utveckling bygger p\u00e5 att alla som har kunskap om dr\u00e4kter delar med sig. M\u00e5let \u00e4r att tillsammans bevara och sprida kunskap om Sveriges dr\u00e4kttraditioner.<\/p><p class=\"cvGsUA direction-ltr align-start para-style-body\"><span class=\"a_GcMg font-feature-liga-off font-feature-clig-off font-feature-calt-off text-decoration-none text-strikethrough-none\">Charlotte Weibull samlade en omfattande kunskapsbank om sk\u00e5nska dr\u00e4kter \u2013 minst en A4-p\u00e4rm per h\u00e4rad i Sk\u00e5ne. Tack vare Burl\u00f6vs kommun har materialet skannats och gjorts tillg\u00e4ngligt i Dr\u00e4ktnyckeln. Det \u00e4r en fantastisk resurs f\u00f6r dr\u00e4ktintresserade, \u00e4ven om man kan diskutera hur skarpa h\u00e4radsgr\u00e4nserna egentligen var f\u00f6r kl\u00e4dseln. Utforska materialet och j\u00e4mf\u00f6r g\u00e4rna med andra k\u00e4llor!<\/span><\/p>\t\t\t\t\t\t\t\t<\/div>\n\t\t\t\t<div class=\"elementor-element elementor-element-fd35e48 elementor-align-center elementor-widget elementor-widget-button\" data-id=\"fd35e48\" data-element_type=\"widget\" data-e-type=\"widget\" data-widget_type=\"button.default\">\n\t\t\t\t\t\t\t\t\t\t<a class=\"elementor-button elementor-button-link elementor-size-sm\" href=\"https:\/\/www.draktnyckel.se\/\">\n\t\t\t\t\t\t<span class=\"elementor-button-content-wrapper\">\n\t\t\t\t\t\t\t\t\t<span class=\"elementor-button-text\">Dr\u00e4ktnyckeln<\/span>\n\t\t\t\t\t<\/span>\n\t\t\t\t\t<\/a>\n\t\t\t\t\t\t\t\t<\/div>\n\t\t\t\t<div class=\"elementor-element elementor-element-657dd05 elementor-widget elementor-widget-spacer\" data-id=\"657dd05\" data-element_type=\"widget\" data-e-type=\"widget\" data-widget_type=\"spacer.default\">\n\t\t\t\t\t\t\t<div class=\"elementor-spacer\">\n\t\t\t<div class=\"elementor-spacer-inner\"><\/div>\n\t\t<\/div>\n\t\t\t\t\t\t<\/div>\n\t\t\t\t<\/div>\n\t\t\t\t<div class=\"elementor-element elementor-element-4fae3a5 elementor-widget elementor-widget-image\" data-id=\"4fae3a5\" data-element_type=\"widget\" data-e-type=\"widget\" data-widget_type=\"image.default\">\n\t\t\t\t\t\t\t\t\t\t\t\t\t\t\t<img fetchpriority=\"high\" decoding=\"async\" width=\"356\" height=\"361\" src=\"https:\/\/folkdans.nu\/wp-content\/uploads\/2026\/03\/170507-5-Trad-in-i-dansen-St-Andreas-kyrka-KAOP-smycke.jpg\" class=\"attachment-large size-large wp-image-1263\" alt=\"\" srcset=\"https:\/\/folkdans.nu\/wp-content\/uploads\/2026\/03\/170507-5-Trad-in-i-dansen-St-Andreas-kyrka-KAOP-smycke.jpg 356w, https:\/\/folkdans.nu\/wp-content\/uploads\/2026\/03\/170507-5-Trad-in-i-dansen-St-Andreas-kyrka-KAOP-smycke-296x300.jpg 296w, https:\/\/folkdans.nu\/wp-content\/uploads\/2026\/03\/170507-5-Trad-in-i-dansen-St-Andreas-kyrka-KAOP-smycke-12x12.jpg 12w\" sizes=\"(max-width: 356px) 100vw, 356px\" \/>\t\t\t\t\t\t\t\t\t\t\t\t\t\t\t<\/div>\n\t\t\t\t<div class=\"elementor-element elementor-element-9c7abd9 elementor-widget elementor-widget-image\" data-id=\"9c7abd9\" data-element_type=\"widget\" data-e-type=\"widget\" data-widget_type=\"image.default\">\n\t\t\t\t\t\t\t\t\t\t\t\t\t\t\t<img decoding=\"async\" width=\"283\" height=\"374\" src=\"https:\/\/folkdans.nu\/wp-content\/uploads\/2026\/03\/StrBnd_1969.jpg\" class=\"attachment-large size-large wp-image-1247\" alt=\"\" srcset=\"https:\/\/folkdans.nu\/wp-content\/uploads\/2026\/03\/StrBnd_1969.jpg 283w, https:\/\/folkdans.nu\/wp-content\/uploads\/2026\/03\/StrBnd_1969-227x300.jpg 227w, https:\/\/folkdans.nu\/wp-content\/uploads\/2026\/03\/StrBnd_1969-9x12.jpg 9w\" sizes=\"(max-width: 283px) 100vw, 283px\" \/>\t\t\t\t\t\t\t\t\t\t\t\t\t\t\t<\/div>\n\t\t<div class=\"elementor-element elementor-element-a441242 e-con-full e-flex e-con e-child\" data-id=\"a441242\" data-element_type=\"container\" data-e-type=\"container\">\n\t\t\t\t<div class=\"elementor-element elementor-element-08913df elementor-widget elementor-widget-heading\" data-id=\"08913df\" data-element_type=\"widget\" data-e-type=\"widget\" data-widget_type=\"heading.default\">\n\t\t\t\t\t<h2 class=\"elementor-heading-title elementor-size-default\">Rekommenderad litteratur fr\u00e5n Malm\u00f6 Folkdansares bibliotek<\/h2>\t\t\t\t<\/div>\n\t\t\t\t<div class=\"elementor-element elementor-element-a0dc83e elementor-widget elementor-widget-text-editor\" data-id=\"a0dc83e\" data-element_type=\"widget\" data-e-type=\"widget\" data-widget_type=\"text-editor.default\">\n\t\t\t\t\t\t\t\t\t<ul><li><span class=\"a_GcMg font-feature-liga-off font-feature-clig-off font-feature-calt-off text-decoration-none text-strikethrough-none\">Bergstrand, Margareta: Oppl\u00f6tar och s\u00e4rkar fr\u00e5n Sk\u00e5ne. Ur Kulturens samlingar, Lund 1983.<\/span><\/li><li><span class=\"a_GcMg font-feature-liga-off font-feature-clig-off font-feature-calt-off text-decoration-none text-strikethrough-none\">Bergstrand, Margareta: Sk\u00e5nska s\u00e4rkar. Ur Kulturens samlingar, Lund 1976.<\/span><\/li><li><span class=\"a_GcMg font-feature-liga-off font-feature-clig-off font-feature-calt-off text-decoration-none text-strikethrough-none\">Ingers, Gertrud: Sk\u00e5nska dr\u00e4kter, Kvinnodr\u00e4kten i Malm\u00f6hus l\u00e4n, 1984.<\/span><\/li><li><span class=\"a_GcMg font-feature-liga-off font-feature-clig-off font-feature-calt-off text-decoration-none text-strikethrough-none\">Jacobsson, Ingela &amp; Bill, \u00c5sa: Oppl\u00f6t, r\u00f6ekjol och stubb, Trelleborgs museum 2019.<\/span><\/li><li><span class=\"a_GcMg font-feature-liga-off font-feature-clig-off font-feature-calt-off text-decoration-none text-strikethrough-none\">Svensson, Sigfrid: Folkligt dr\u00e4ktsilver. Ur Kulturens samlingar, V\u00e4ster\u00e5s 1978.<\/span><\/li><li><span class=\"a_GcMg font-feature-liga-off font-feature-clig-off font-feature-calt-off text-decoration-none text-strikethrough-none\">Svensson, Sigfrid: Sk\u00e5nes Folkdr\u00e4kter, En dr\u00e4kthistorisk unders\u00f6kning 1500\u20131900, Nordiska museets handlingar nr 3. Stockholm 1935.<\/span><\/li><\/ul>\t\t\t\t\t\t\t\t<\/div>\n\t\t\t\t<\/div>\n\t\t\t\t\t<\/div>\n\t\t\t\t<\/div>\n\t\t<div class=\"elementor-element elementor-element-1c6c056 e-flex e-con-boxed e-con e-parent\" data-id=\"1c6c056\" data-element_type=\"container\" data-e-type=\"container\">\n\t\t\t\t\t<div class=\"e-con-inner\">\n\t\t\t\t<div class=\"elementor-element elementor-element-0bb54a7 elementor-widget elementor-widget-spacer\" data-id=\"0bb54a7\" data-element_type=\"widget\" data-e-type=\"widget\" data-widget_type=\"spacer.default\">\n\t\t\t\t\t\t\t<div class=\"elementor-spacer\">\n\t\t\t<div class=\"elementor-spacer-inner\"><\/div>\n\t\t<\/div>\n\t\t\t\t\t\t<\/div>\n\t\t\t\t\t<\/div>\n\t\t\t\t<\/div>\n\t\t\t\t<\/div>","protected":false},"excerpt":{"rendered":"<p>Dr\u00e4kt- och Kulturgruppen Bevarar och f\u00f6r traditionen vidare Vi arbetar f\u00f6r att bevara den unika dr\u00e4kttraditionen och inspirera fler att uppt\u00e4cka den. Gruppen tr\u00e4ffas regelbundet och erbjuder r\u00e5d och st\u00f6d [&hellip;]<\/p>\n","protected":false},"author":3,"featured_media":0,"parent":0,"menu_order":0,"comment_status":"closed","ping_status":"closed","template":"","meta":{"footnotes":""},"class_list":["post-135","page","type-page","status-publish","hentry"],"_links":{"self":[{"href":"https:\/\/folkdans.nu\/en\/wp-json\/wp\/v2\/pages\/135","targetHints":{"allow":["GET"]}}],"collection":[{"href":"https:\/\/folkdans.nu\/en\/wp-json\/wp\/v2\/pages"}],"about":[{"href":"https:\/\/folkdans.nu\/en\/wp-json\/wp\/v2\/types\/page"}],"author":[{"embeddable":true,"href":"https:\/\/folkdans.nu\/en\/wp-json\/wp\/v2\/users\/3"}],"replies":[{"embeddable":true,"href":"https:\/\/folkdans.nu\/en\/wp-json\/wp\/v2\/comments?post=135"}],"version-history":[{"count":55,"href":"https:\/\/folkdans.nu\/en\/wp-json\/wp\/v2\/pages\/135\/revisions"}],"predecessor-version":[{"id":1295,"href":"https:\/\/folkdans.nu\/en\/wp-json\/wp\/v2\/pages\/135\/revisions\/1295"}],"wp:attachment":[{"href":"https:\/\/folkdans.nu\/en\/wp-json\/wp\/v2\/media?parent=135"}],"curies":[{"name":"wp","href":"https:\/\/api.w.org\/{rel}","templated":true}]}}