{"id":137,"date":"2025-11-18T18:44:51","date_gmt":"2025-11-18T17:44:51","guid":{"rendered":"https:\/\/folkdans.nu\/?page_id=137"},"modified":"2026-02-22T16:53:56","modified_gmt":"2026-02-22T15:53:56","slug":"kontakt","status":"publish","type":"page","link":"https:\/\/folkdans.nu\/en\/kontakt\/","title":{"rendered":"Contact us"},"content":{"rendered":"<div data-elementor-type=\"wp-page\" data-elementor-id=\"137\" class=\"elementor elementor-137\">\n\t\t\t\t<div class=\"elementor-element elementor-element-8100da0 e-flex e-con-boxed e-con e-parent\" data-id=\"8100da0\" data-element_type=\"container\" data-e-type=\"container\">\n\t\t\t\t\t<div class=\"e-con-inner\">\n\t\t\t\t<div class=\"elementor-element elementor-element-d668308 elementor-widget elementor-widget-spacer\" data-id=\"d668308\" data-element_type=\"widget\" data-e-type=\"widget\" data-widget_type=\"spacer.default\">\n\t\t\t\t\t\t\t<div class=\"elementor-spacer\">\n\t\t\t<div class=\"elementor-spacer-inner\"><\/div>\n\t\t<\/div>\n\t\t\t\t\t\t<\/div>\n\t\t\t\t<div class=\"elementor-element elementor-element-617315d elementor-widget elementor-widget-heading\" data-id=\"617315d\" data-element_type=\"widget\" data-e-type=\"widget\" data-widget_type=\"heading.default\">\n\t\t\t\t\t<h2 class=\"elementor-heading-title elementor-size-default\">Contact us<\/h2>\t\t\t\t<\/div>\n\t\t\t\t\t<\/div>\n\t\t\t\t<\/div>\n\t\t<div class=\"elementor-element elementor-element-42c635e e-grid e-con-boxed e-con e-parent\" data-id=\"42c635e\" data-element_type=\"container\" data-e-type=\"container\">\n\t\t\t\t\t<div class=\"e-con-inner\">\n\t\t\t\t<div class=\"elementor-element elementor-element-c1aafe6 elementor-widget elementor-widget-text-editor\" data-id=\"c1aafe6\" data-element_type=\"widget\" data-e-type=\"widget\" data-widget_type=\"text-editor.default\">\n\t\t\t\t\t\t\t\t\t<p class=\"cvGsUA direction-ltr align-center para-style-body\"><span class=\"a_GcMg font-feature-liga-off font-feature-clig-off font-feature-calt-off text-decoration-none text-strikethrough-none\">For general information about the association by phone, contact:<\/span><\/p><p class=\"cvGsUA direction-ltr align-center para-style-body\"><span class=\"a_GcMg font-feature-liga-off font-feature-clig-off font-feature-calt-off text-decoration-none text-strikethrough-none\">0725-47 78 81 (Karin Persson)<\/span><\/p><p class=\"cvGsUA direction-ltr align-center para-style-body\"><span class=\"a_GcMg font-feature-liga-off font-feature-clig-off font-feature-calt-off text-decoration-none text-strikethrough-none\">Address:<br \/><\/span><span class=\"a_GcMg font-feature-liga-off font-feature-clig-off font-feature-calt-off text-decoration-none text-strikethrough-none\">Malm\u00f6 Folk Dancers<br \/><\/span><span class=\"a_GcMg font-feature-liga-off font-feature-clig-off font-feature-calt-off text-decoration-none text-strikethrough-none\">Sallerupsv\u00e4gen 26<br \/><\/span><span class=\"a_GcMg font-feature-liga-off font-feature-clig-off font-feature-calt-off text-decoration-none text-strikethrough-none\">212 18 Malm\u00f6<\/span><\/p><p class=\"cvGsUA direction-ltr align-center para-style-body\"><span class=\"a_GcMg font-feature-liga-off font-feature-clig-off font-feature-calt-off text-decoration-none text-strikethrough-none\">Organisationsnummer: 802505-9000<br \/><\/span><span class=\"a_GcMg font-feature-liga-off font-feature-clig-off font-feature-calt-off text-decoration-none text-strikethrough-none\">Bankgiro: 5205-1000<br \/><\/span><span class=\"a_GcMg font-feature-liga-off font-feature-clig-off font-feature-calt-off text-decoration-none text-strikethrough-none\">Swish: 123 348 1199<\/span><\/p>\t\t\t\t\t\t\t\t<\/div>\n\t\t\t\t<div class=\"elementor-element elementor-element-de69281 elementor-widget elementor-widget-google_maps\" data-id=\"de69281\" data-element_type=\"widget\" data-e-type=\"widget\" data-widget_type=\"google_maps.default\">\n\t\t\t\t\t\t\t<div class=\"elementor-custom-embed\">\n\t\t\t<iframe loading=\"lazy\"\n\t\t\t\t\tsrc=\"https:\/\/maps.google.com\/maps?q=Sallerupsv%C3%A4gen%2026%2C%20212%2018%20Malm%C3%B6%2C%20Sweden&#038;t=m&#038;z=15&#038;output=embed&#038;iwloc=near\"\n\t\t\t\t\ttitle=\"Sallerupsv\u00e4gen 26, 212 18 Malm\u00f6, Sweden\"\n\t\t\t\t\taria-label=\"Sallerupsv\u00e4gen 26, 212 18 Malm\u00f6, Sweden\"\n\t\t\t><\/iframe>\n\t\t<\/div>\n\t\t\t\t\t\t<\/div>\n\t\t\t\t\t<\/div>\n\t\t\t\t<\/div>\n\t\t<div class=\"elementor-element elementor-element-bba90e7 e-flex e-con-boxed e-con e-parent\" data-id=\"bba90e7\" data-element_type=\"container\" data-e-type=\"container\">\n\t\t\t\t\t<div class=\"e-con-inner\">\n\t\t\t\t<div class=\"elementor-element elementor-element-dc3f44d elementor-widget elementor-widget-heading\" data-id=\"dc3f44d\" data-element_type=\"widget\" data-e-type=\"widget\" data-widget_type=\"heading.default\">\n\t\t\t\t\t<h2 class=\"elementor-heading-title elementor-size-default\">What can we help you with?<\/h2>\t\t\t\t<\/div>\n\t\t\t\t<div class=\"elementor-element elementor-element-4bb4e81 elementor-widget elementor-widget-shortcode\" data-id=\"4bb4e81\" data-element_type=\"widget\" data-e-type=\"widget\" data-widget_type=\"shortcode.default\">\n\t\t\t\t\t\t\t<div class=\"elementor-shortcode\"><div class=\"forminator-ui forminator-custom-form forminator-custom-form-809 forminator-design--basic  forminator_ajax\" data-forminator-render=\"0\" data-form=\"forminator-module-809\" data-uid=\"69e01ca48e7ae\"><br\/><\/div><form\n\t\t\t\tid=\"forminator-module-809\"\n\t\t\t\tclass=\"forminator-ui forminator-custom-form forminator-custom-form-809 forminator-design--basic  forminator_ajax\"\n\t\t\t\tmethod=\"post\"\n\t\t\t\tdata-forminator-render=\"0\"\n\t\t\t\tdata-form-id=\"809\"\n\t\t\t\t data-color-option=\"theme\" data-design=\"basic\" data-grid=\"open\" style=\"display: none;\"\n\t\t\t\tdata-uid=\"69e01ca48e7ae\" action=\"\"\n\t\t\t><div role=\"alert\" aria-live=\"polite\" class=\"forminator-response-message forminator-error\" aria-hidden=\"true\"><\/div><div class=\"forminator-row\"><div id=\"name-1\" class=\"forminator-field-name forminator-col forminator-col-12\"><div class=\"forminator-field\"><label for=\"forminator-field-name-1_69e01ca48e7ae\" id=\"forminator-field-name-1_69e01ca48e7ae-label\" class=\"forminator-label\">Name of the organisation <span class=\"forminator-required\">*<\/span><\/label><input type=\"text\" name=\"name-1\" value=\"\" placeholder=\"\" id=\"forminator-field-name-1_69e01ca48e7ae\" class=\"forminator-input forminator-name--field\" aria-required=\"true\" autocomplete=\"name\" \/><\/div><\/div><\/div><div class=\"forminator-row\"><div id=\"email-1\" class=\"forminator-field-email forminator-col forminator-col-12\"><div class=\"forminator-field\"><label for=\"forminator-field-email-1_69e01ca48e7ae\" id=\"forminator-field-email-1_69e01ca48e7ae-label\" class=\"forminator-label\">E-mail address <span class=\"forminator-required\">*<\/span><\/label><input type=\"email\" name=\"email-1\" value=\"\" placeholder=\"\" id=\"forminator-field-email-1_69e01ca48e7ae\" class=\"forminator-input forminator-email--field\" data-required=\"true\" aria-required=\"true\" autocomplete=\"email\" \/><\/div><\/div><\/div><div class=\"forminator-row\"><div id=\"select-1\" class=\"forminator-field-select forminator-col forminator-col-12\"><div class=\"forminator-field\"><label for=\"forminator-form-809__field--select-1_69e01ca48e7ae\" id=\"forminator-form-809__field--select-1_69e01ca48e7ae-label\" class=\"forminator-label\">I would like to be contacted about: <span class=\"forminator-required\">*<\/span><\/label><select  id=\"forminator-form-809__field--select-1_69e01ca48e7ae\" class=\"forminator-select--field forminator-select2 forminator-select2-multiple\" data-required=\"1\" name=\"select-1\" data-default-value=\"\" data-hidden-behavior=\"zero\" data-placeholder=\"Jag vill bli kontaktad ang\u00e5ende:\" data-search=\"false\" data-search-placeholder=\"Jag vill bli kontaktad ang\u00e5ende:\" data-checkbox=\"false\" data-allow-clear=\"false\" aria-labelledby=\"forminator-form-809__field--select-1_69e01ca48e7ae-label\"><option value=\"\"  >I would like to be contacted about:<\/option><option value=\"one\"  data-calculation=\"0\">Folk dance Children<\/option><option value=\"two\"  data-calculation=\"0\">Folk dance Adults<\/option><option value=\"three\"  data-calculation=\"0\">Gentlemen's dance<\/option><option value=\"seven\"  data-calculation=\"0\">Costume &amp; Culture<\/option><option value=\"four\"  data-calculation=\"0\">Uppvisning (Boka)<\/option><option value=\"five\"  data-calculation=\"0\">Utl\u00e4rning (Boka)<\/option><option value=\"six\"  data-calculation=\"0\">F\u00f6rel\u00e4sning (Boka)<\/option><option value=\"eight\"  data-calculation=\"0\">Renting the premises<\/option><option value=\"nine\"  data-calculation=\"0\">Financial issues<\/option><option value=\"ten\"  data-calculation=\"0\">Other<\/option><\/select><\/div><\/div><\/div><div class=\"forminator-row\"><div id=\"textarea-1\" class=\"forminator-field-textarea forminator-col forminator-col-12\"><div class=\"forminator-field\"><label for=\"forminator-field-textarea-1_69e01ca48e7ae\" id=\"forminator-field-textarea-1_69e01ca48e7ae-label\" class=\"forminator-label\">Notification <span class=\"forminator-required\">*<\/span><\/label><span id=\"forminator-field-textarea-1_69e01ca48e7ae-description\" class=\"forminator-description\"><span data-limit=\"180\" data-type=\"characters\" data-editor=\"\">0 \/ 180<\/span><\/span><textarea name=\"textarea-1\" placeholder=\"\" id=\"forminator-field-textarea-1_69e01ca48e7ae\" class=\"forminator-textarea\" rows=\"6\" style=\"min-height:140px;\" maxlength=\"180\" ><\/textarea><\/div><\/div><\/div><input type=\"hidden\" name=\"referer_url\" value=\"\" \/><div class=\"forminator-row forminator-row-last\"><div class=\"forminator-col\"><div class=\"forminator-field\"><button class=\"forminator-button forminator-button-submit\">Skicka<\/button><\/div><\/div><\/div><input type=\"hidden\" id=\"forminator_nonce\" name=\"forminator_nonce\" value=\"7dfcd865d1\" \/><input type=\"hidden\" name=\"_wp_http_referer\" value=\"\/en\/wp-json\/wp\/v2\/pages\/137\" \/><input type=\"hidden\" name=\"form_id\" value=\"809\"><input type=\"hidden\" name=\"page_id\" value=\"137\"><input type=\"hidden\" name=\"form_type\" value=\"default\"><input type=\"hidden\" name=\"current_url\" value=\"https:\/\/folkdans.nu\/en\/kontakt\/\"><input type=\"hidden\" name=\"render_id\" value=\"0\"><input type=\"hidden\" name=\"action\" value=\"forminator_submit_form_custom-forms\"><input type=\"hidden\" name=\"trp-form-language\" value=\"en\"\/><\/form><\/div>\n\t\t\t\t\t\t<\/div>\n\t\t\t\t\t<\/div>\n\t\t\t\t<\/div>\n\t\t<div class=\"elementor-element elementor-element-b418c2e e-flex e-con-boxed e-con e-parent\" data-id=\"b418c2e\" data-element_type=\"container\" data-e-type=\"container\">\n\t\t\t\t\t<div class=\"e-con-inner\">\n\t\t\t\t<div class=\"elementor-element elementor-element-aad96d8 elementor-widget elementor-widget-spacer\" data-id=\"aad96d8\" data-element_type=\"widget\" data-e-type=\"widget\" data-widget_type=\"spacer.default\">\n\t\t\t\t\t\t\t<div class=\"elementor-spacer\">\n\t\t\t<div class=\"elementor-spacer-inner\"><\/div>\n\t\t<\/div>\n\t\t\t\t\t\t<\/div>\n\t\t\t\t\t<\/div>\n\t\t\t\t<\/div>\n\t\t\t\t<\/div>","protected":false},"excerpt":{"rendered":"<p>Kontakt F\u00f6r allm\u00e4n information om f\u00f6reningen via telefon, kontakta: 0725-47 78 81 (Karin Persson) Adress:Malm\u00f6 FolkdansareSallerupsv\u00e4gen 26212 18 Malm\u00f6 Organisationsnummer: 802505-9000Bankgiro: 5205-1000Swish: 123 348 1199 Vad kan vi hj\u00e4lpa dig [&hellip;]<\/p>\n","protected":false},"author":3,"featured_media":0,"parent":0,"menu_order":0,"comment_status":"closed","ping_status":"closed","template":"","meta":{"footnotes":""},"class_list":["post-137","page","type-page","status-publish","hentry"],"_links":{"self":[{"href":"https:\/\/folkdans.nu\/en\/wp-json\/wp\/v2\/pages\/137","targetHints":{"allow":["GET"]}}],"collection":[{"href":"https:\/\/folkdans.nu\/en\/wp-json\/wp\/v2\/pages"}],"about":[{"href":"https:\/\/folkdans.nu\/en\/wp-json\/wp\/v2\/types\/page"}],"author":[{"embeddable":true,"href":"https:\/\/folkdans.nu\/en\/wp-json\/wp\/v2\/users\/3"}],"replies":[{"embeddable":true,"href":"https:\/\/folkdans.nu\/en\/wp-json\/wp\/v2\/comments?post=137"}],"version-history":[{"count":19,"href":"https:\/\/folkdans.nu\/en\/wp-json\/wp\/v2\/pages\/137\/revisions"}],"predecessor-version":[{"id":836,"href":"https:\/\/folkdans.nu\/en\/wp-json\/wp\/v2\/pages\/137\/revisions\/836"}],"wp:attachment":[{"href":"https:\/\/folkdans.nu\/en\/wp-json\/wp\/v2\/media?parent=137"}],"curies":[{"name":"wp","href":"https:\/\/api.w.org\/{rel}","templated":true}]}}