{"id":201,"date":"2025-11-18T19:40:51","date_gmt":"2025-11-18T18:40:51","guid":{"rendered":"https:\/\/folkdans.nu\/?page_id=201"},"modified":"2026-03-04T18:56:58","modified_gmt":"2026-03-04T17:56:58","slug":"kalender","status":"publish","type":"page","link":"https:\/\/folkdans.nu\/en\/kalender\/","title":{"rendered":"Calendar of events"},"content":{"rendered":"<div data-elementor-type=\"wp-page\" data-elementor-id=\"201\" class=\"elementor elementor-201\">\n\t\t\t\t<div class=\"elementor-element elementor-element-c9665f0 e-flex e-con-boxed e-con e-parent\" data-id=\"c9665f0\" data-element_type=\"container\" data-e-type=\"container\">\n\t\t\t\t\t<div class=\"e-con-inner\">\n\t\t\t\t\t<\/div>\n\t\t\t\t<\/div>\n\t\t<div class=\"elementor-element elementor-element-7cdd971 e-flex e-con-boxed e-con e-parent\" data-id=\"7cdd971\" data-element_type=\"container\" data-e-type=\"container\">\n\t\t\t\t\t<div class=\"e-con-inner\">\n\t\t\t\t<div class=\"elementor-element elementor-element-ad48871 elementor-widget elementor-widget-heading\" data-id=\"ad48871\" data-element_type=\"widget\" data-e-type=\"widget\" data-widget_type=\"heading.default\">\n\t\t\t\t\t<h2 class=\"elementor-heading-title elementor-size-default\">Kalender 2026<\/h2>\t\t\t\t<\/div>\n\t\t\t\t\t<\/div>\n\t\t\t\t<\/div>\n\t\t<div class=\"elementor-element elementor-element-0c22841 e-grid e-con-boxed e-con e-parent\" data-id=\"0c22841\" data-element_type=\"container\" data-e-type=\"container\">\n\t\t\t\t\t<div class=\"e-con-inner\">\n\t\t\t\t<div class=\"elementor-element elementor-element-0469e5d elementor-widget elementor-widget-text-editor\" data-id=\"0469e5d\" data-element_type=\"widget\" data-e-type=\"widget\" data-widget_type=\"text-editor.default\">\n\t\t\t\t\t\t\t\t\t<p>Kalendern \u00e4r fylld med planerade aktiviteter s\u00e5 l\u00e5ngt som vi i dagsl\u00e4get vet vad som kommer genomf\u00f6ras.<br \/>M\u00e5nga av aktiviteterna \u00e4r riktade till v\u00e5ra medlemmar, men \u00e4ven s\u00e5dana d\u00e4r vi syns runt om i Malm\u00f6 och Sk\u00e5ne.<\/p><p>Om inget annat anges \u00e4r aktiviteten i f\u00f6reningens lokal p\u00e5 Sallerupsv\u00e4gen 26 i Malm\u00f6.<\/p><p>F\u00f6r mer information kontakta oss via formul\u00e4ret under <a href=\"https:\/\/folkdans.nu\/en\/kontakt\/\" target=\"_blank\" rel=\"noopener\">Contact us<\/a>.<\/p>\t\t\t\t\t\t\t\t<\/div>\n\t\t\t\t<div class=\"elementor-element elementor-element-1507e85 elementor-widget elementor-widget-text-editor\" data-id=\"1507e85\" data-element_type=\"widget\" data-e-type=\"widget\" data-widget_type=\"text-editor.default\">\n\t\t\t\t\t\t\t\t\t<p><strong>Mars<br \/><\/strong>07 Storst\u00e4dning i 26:an kl. 10.00 \u2013 14.00, lunch ing\u00e5r &#8211; anm\u00e4lan till <a href=\"mailto:lokal@folkdans.nu\" target=\"_blank\" rel=\"noopener\">Lokal<\/a><\/p><p>14 Specialtr\u00e4ning Fackeldansen kl. 10.00-14.00<\/p><p>16 Samtr\u00e4ning med Hembygdsgillet, Malm\u00f6 kl. 18.45-21.00<\/p><p>18 Hantverkscaf\u00e9 med tema enkel bokbindning kl. 18.30-20.30 &#8211; anm\u00e4lan till <a href=\"mailto:drakt@folkdans.nu\" target=\"_blank\" rel=\"noopener\">Costume &amp; Culture<\/a><\/p><p>21 Distriktets \u00c5rsm\u00f6te hos Malm\u00f6 Folkdansare med jubileumsfest, se information per e-post till medlemmar<\/p><p>23 Tittekv\u00e4ll Knattelaget<\/p>\t\t\t\t\t\t\t\t<\/div>\n\t\t\t\t<div class=\"elementor-element elementor-element-08b6e96 elementor-widget elementor-widget-text-editor\" data-id=\"08b6e96\" data-element_type=\"widget\" data-e-type=\"widget\" data-widget_type=\"text-editor.default\">\n\t\t\t\t\t\t\t\t\t<p><strong>April<\/strong><\/p><p>02 \u00c4ggafest med bes\u00f6k kl. 19.00-21.00<\/p><p>28 Hanteverkscaf\u00e9<\/p>\t\t\t\t\t\t\t\t<\/div>\n\t\t\t\t<div class=\"elementor-element elementor-element-e7eb216 elementor-widget elementor-widget-text-editor\" data-id=\"e7eb216\" data-element_type=\"widget\" data-e-type=\"widget\" data-widget_type=\"text-editor.default\">\n\t\t\t\t\t\t\t\t\t<p><strong>Maj<\/strong><\/p><p>13 Funktion\u00e4rstr\u00e4ff kl. 18.00, plats meddelas senare<\/p>\t\t\t\t\t\t\t\t<\/div>\n\t\t\t\t<div class=\"elementor-element elementor-element-c2cb295 elementor-widget elementor-widget-text-editor\" data-id=\"c2cb295\" data-element_type=\"widget\" data-e-type=\"widget\" data-widget_type=\"text-editor.default\">\n\t\t\t\t\t\t\t\t\t<p><strong>Juni<\/strong><\/p><p>19 Midsommarfirande p\u00e5 Soldattorpet, Limhamn kl. 12.00-14.00<\/p><p>23 Dans p\u00e5 stranden vid Kallisbryggan, Ribersborg kl. 18.30-21.00<\/p><p>27 Spelmansst\u00e4mma i Smyge &#8211; uppvisning och prova-p\u00e5 dans<\/p><p>30 Dans p\u00e5 stranden vid Kallisbryggan, Ribersborg kl. 18.30-21.00<\/p>\t\t\t\t\t\t\t\t<\/div>\n\t\t\t\t<div class=\"elementor-element elementor-element-a79da3c elementor-widget elementor-widget-text-editor\" data-id=\"a79da3c\" data-element_type=\"widget\" data-e-type=\"widget\" data-widget_type=\"text-editor.default\">\n\t\t\t\t\t\t\t\t\t<p><strong>Juli<\/strong><\/p><p>07 Dans p\u00e5 stranden vid Kallisbryggan, Ribersborg kl. 18.30-21.00<\/p><p>14 Dans p\u00e5 stranden vid Kallisbryggan, Ribersborg kl. 18.30-21.00<\/p><p>21 Dans p\u00e5 stranden vid Kallisbryggan, Ribersborg kl. 18.30-21.00<\/p><p>22-26 Europead i Bergamo, Italien<\/p><p>28 Dans p\u00e5 stranden vid Kallisbryggan, Ribersborg kl. 18.30-21.00<\/p>\t\t\t\t\t\t\t\t<\/div>\n\t\t\t\t<div class=\"elementor-element elementor-element-10fec2e elementor-widget elementor-widget-text-editor\" data-id=\"10fec2e\" data-element_type=\"widget\" data-e-type=\"widget\" data-widget_type=\"text-editor.default\">\n\t\t\t\t\t\t\t\t\t<p><strong>Senare datum<\/strong><\/p><p>260804 Dans p\u00e5 stranden vid Kallisbryggan, Ribersborg kl. 18.30-21.00<\/p><p>260823 Charlotte Weibull-dagen p\u00e5 M\u00f6lleg\u00e5rden, \u00c5karp &#8211; uppvisningar och prova-p\u00e5 dans<\/p><p>260830 Sk\u00e5nedan vid Trollsj\u00f6n, Esl\u00f6v<\/p><p>260912 Jubileumsaktivitet: Hantverksdag<\/p><p>\u00a0<\/p>\t\t\t\t\t\t\t\t<\/div>\n\t\t\t\t\t<\/div>\n\t\t\t\t<\/div>\n\t\t<div class=\"elementor-element elementor-element-f32dfa8 e-flex e-con-boxed e-con e-parent\" data-id=\"f32dfa8\" data-element_type=\"container\" data-e-type=\"container\">\n\t\t\t\t\t<div class=\"e-con-inner\">\n\t\t\t\t\t<\/div>\n\t\t\t\t<\/div>\n\t\t\t\t<\/div>","protected":false},"excerpt":{"rendered":"<p>Kalender 2026 Kalendern \u00e4r fylld med planerade aktiviteter s\u00e5 l\u00e5ngt som vi i dagsl\u00e4get vet vad som kommer genomf\u00f6ras.M\u00e5nga av aktiviteterna \u00e4r riktade till v\u00e5ra medlemmar, men \u00e4ven s\u00e5dana d\u00e4r [&hellip;]<\/p>\n","protected":false},"author":3,"featured_media":0,"parent":0,"menu_order":0,"comment_status":"closed","ping_status":"closed","template":"","meta":{"footnotes":""},"class_list":["post-201","page","type-page","status-publish","hentry"],"_links":{"self":[{"href":"https:\/\/folkdans.nu\/en\/wp-json\/wp\/v2\/pages\/201","targetHints":{"allow":["GET"]}}],"collection":[{"href":"https:\/\/folkdans.nu\/en\/wp-json\/wp\/v2\/pages"}],"about":[{"href":"https:\/\/folkdans.nu\/en\/wp-json\/wp\/v2\/types\/page"}],"author":[{"embeddable":true,"href":"https:\/\/folkdans.nu\/en\/wp-json\/wp\/v2\/users\/3"}],"replies":[{"embeddable":true,"href":"https:\/\/folkdans.nu\/en\/wp-json\/wp\/v2\/comments?post=201"}],"version-history":[{"count":21,"href":"https:\/\/folkdans.nu\/en\/wp-json\/wp\/v2\/pages\/201\/revisions"}],"predecessor-version":[{"id":919,"href":"https:\/\/folkdans.nu\/en\/wp-json\/wp\/v2\/pages\/201\/revisions\/919"}],"wp:attachment":[{"href":"https:\/\/folkdans.nu\/en\/wp-json\/wp\/v2\/media?parent=201"}],"curies":[{"name":"wp","href":"https:\/\/api.w.org\/{rel}","templated":true}]}}