{"id":31,"date":"2025-11-18T18:32:00","date_gmt":"2025-11-18T17:32:00","guid":{"rendered":"https:\/\/folkdans.nu\/?page_id=31"},"modified":"2026-03-28T16:22:49","modified_gmt":"2026-03-28T15:22:49","slug":"medlemskap","status":"publish","type":"page","link":"https:\/\/folkdans.nu\/en\/medlemskap\/","title":{"rendered":"Membership"},"content":{"rendered":"<div data-elementor-type=\"wp-post\" data-elementor-id=\"31\" class=\"elementor elementor-31\">\n\t\t\t\t<div class=\"elementor-element elementor-element-4772a42 e-flex e-con-boxed e-con e-parent\" data-id=\"4772a42\" data-element_type=\"container\" data-e-type=\"container\">\n\t\t\t\t\t<div class=\"e-con-inner\">\n\t\t\t\t<div class=\"elementor-element elementor-element-bc8d5ea elementor-widget elementor-widget-spacer\" data-id=\"bc8d5ea\" data-element_type=\"widget\" data-e-type=\"widget\" data-widget_type=\"spacer.default\">\n\t\t\t\t\t\t\t<div class=\"elementor-spacer\">\n\t\t\t<div class=\"elementor-spacer-inner\"><\/div>\n\t\t<\/div>\n\t\t\t\t\t\t<\/div>\n\t\t\t\t<div class=\"elementor-element elementor-element-45f25a1 elementor-widget elementor-widget-heading\" data-id=\"45f25a1\" data-element_type=\"widget\" data-e-type=\"widget\" data-widget_type=\"heading.default\">\n\t\t\t\t\t<h2 class=\"elementor-heading-title elementor-size-default\">Membership<\/h2>\t\t\t\t<\/div>\n\t\t\t\t\t<\/div>\n\t\t\t\t<\/div>\n\t\t<div class=\"elementor-element elementor-element-0e39a8b e-grid e-con-boxed e-con e-parent\" data-id=\"0e39a8b\" data-element_type=\"container\" data-e-type=\"container\">\n\t\t\t\t\t<div class=\"e-con-inner\">\n\t\t\t\t<div class=\"elementor-element elementor-element-bfded81 elementor-widget elementor-widget-text-editor\" data-id=\"bfded81\" data-element_type=\"widget\" data-e-type=\"widget\" data-widget_type=\"text-editor.default\">\n\t\t\t\t\t\t\t\t\t<p>If you want to become a member, we recommend that you come down to a training session and talk to one of our leaders or contact the association via the contact form.<br \/>You can also get more information and the organisation's guidelines.<br \/><br \/>You can then fill in the membership application form below and pay the membership fee.<\/p>\t\t\t\t\t\t\t\t<\/div>\n\t\t\t\t<div class=\"elementor-element elementor-element-b12e38c elementor-widget elementor-widget-text-editor\" data-id=\"b12e38c\" data-element_type=\"widget\" data-e-type=\"widget\" data-widget_type=\"text-editor.default\">\n\t\t\t\t\t\t\t\t\t<p><strong>Membership fee 2026:<\/strong><\/p><ul><li>Full calendar year: 550 kr<\/li><li>Autumn term: SEK 450<\/li><li>Beginner &amp; advanced course: 700 SEK<\/li><\/ul><p><strong><br \/>Membership fee 2026 for members of other organisations linked to Folkdansringen:<\/strong><\/p><ul><li>Helt kalender\u00e5r: 400 kr<\/li><li>H\u00f6sttermin: 300 kr<\/li><\/ul>\t\t\t\t\t\t\t\t<\/div>\n\t\t\t\t\t<\/div>\n\t\t\t\t<\/div>\n\t\t<div class=\"elementor-element elementor-element-0efea98 e-grid e-con-boxed e-con e-parent\" data-id=\"0efea98\" data-element_type=\"container\" data-e-type=\"container\">\n\t\t\t\t\t<div class=\"e-con-inner\">\n\t\t\t\t<div class=\"elementor-element elementor-element-c601b61 elementor-align-center elementor-widget elementor-widget-button\" data-id=\"c601b61\" data-element_type=\"widget\" data-e-type=\"widget\" data-widget_type=\"button.default\">\n\t\t\t\t\t\t\t\t\t\t<a class=\"elementor-button elementor-button-link elementor-size-sm\" href=\"http:\/\/folkdans.nu\/wp-content\/uploads\/2025\/11\/MF-Medlemsblankett-bilaga-medlemsinfo.pdf\" target=\"_blank\">\n\t\t\t\t\t\t<span class=\"elementor-button-content-wrapper\">\n\t\t\t\t\t\t\t\t\t<span class=\"elementor-button-text\">Member info<\/span>\n\t\t\t\t\t<\/span>\n\t\t\t\t\t<\/a>\n\t\t\t\t\t\t\t\t<\/div>\n\t\t\t\t<div class=\"elementor-element elementor-element-fbd309f elementor-align-center elementor-widget elementor-widget-button\" data-id=\"fbd309f\" data-element_type=\"widget\" data-e-type=\"widget\" data-widget_type=\"button.default\">\n\t\t\t\t\t\t\t\t\t\t<a class=\"elementor-button elementor-button-link elementor-size-sm\" href=\"http:\/\/folkdans.nu\/wp-content\/uploads\/2025\/11\/MF-Medlemsblankett.pdf\" target=\"_blank\">\n\t\t\t\t\t\t<span class=\"elementor-button-content-wrapper\">\n\t\t\t\t\t\t\t\t\t<span class=\"elementor-button-text\">Membership application form<\/span>\n\t\t\t\t\t<\/span>\n\t\t\t\t\t<\/a>\n\t\t\t\t\t\t\t\t<\/div>\n\t\t\t\t<div class=\"elementor-element elementor-element-55f0ccd elementor-widget elementor-widget-spacer\" data-id=\"55f0ccd\" data-element_type=\"widget\" data-e-type=\"widget\" data-widget_type=\"spacer.default\">\n\t\t\t\t\t\t\t<div class=\"elementor-spacer\">\n\t\t\t<div class=\"elementor-spacer-inner\"><\/div>\n\t\t<\/div>\n\t\t\t\t\t\t<\/div>\n\t\t\t\t<div class=\"elementor-element elementor-element-e06d9c8 elementor-widget elementor-widget-spacer\" data-id=\"e06d9c8\" data-element_type=\"widget\" data-e-type=\"widget\" data-widget_type=\"spacer.default\">\n\t\t\t\t\t\t\t<div class=\"elementor-spacer\">\n\t\t\t<div class=\"elementor-spacer-inner\"><\/div>\n\t\t<\/div>\n\t\t\t\t\t\t<\/div>\n\t\t\t\t\t<\/div>\n\t\t\t\t<\/div>\n\t\t<div class=\"elementor-element elementor-element-9a72610 e-grid e-con-boxed e-con e-parent\" data-id=\"9a72610\" data-element_type=\"container\" data-e-type=\"container\">\n\t\t\t\t\t<div class=\"e-con-inner\">\n\t\t\t\t<div class=\"elementor-element elementor-element-dda635e elementor-widget elementor-widget-text-editor\" data-id=\"dda635e\" data-element_type=\"widget\" data-e-type=\"widget\" data-widget_type=\"text-editor.default\">\n\t\t\t\t\t\t\t\t\t<p><strong>Membership includes:<\/strong><\/p><ul><li>Dance training several times a week in our different groups.<\/li><li>The member magazine Bugbear.<\/li><li>Possibility to rent the premises at a discounted price.<\/li><li>Possibility of borrowing a costume and getting help with costume thread and sewing.<\/li><li>Possibility of accompanying travellers.<\/li><li>Membership of Folkdansringen Sk\u00e5ne-Blekinge and Svenska Folkdansringen.<\/li><li>Member pages on website and Facebook.<\/li><li>Participation in the association's various events such as parties, visits, excursions and activities.<\/li><\/ul>\t\t\t\t\t\t\t\t<\/div>\n\t\t\t\t<div class=\"elementor-element elementor-element-2495487 elementor-widget elementor-widget-text-editor\" data-id=\"2495487\" data-element_type=\"widget\" data-e-type=\"widget\" data-widget_type=\"text-editor.default\">\n\t\t\t\t\t\t\t\t\t<p class=\"cvGsUA direction-ltr align-start para-style-body\"><strong><span class=\"a_GcMg font-feature-liga-off font-feature-clig-off font-feature-calt-off text-decoration-none text-strikethrough-none\">Membership of Folkdansringen Sk\u00e5ne-Blekinge includes:<\/span><\/strong><\/p><p class=\"cvGsUA direction-ltr align-start para-style-body\"><span class=\"a_GcMg font-feature-liga-off font-feature-clig-off font-feature-calt-off text-decoration-none text-strikethrough-none\">- Member magazine Pilavisan<br \/><\/span><span class=\"a_GcMg font-feature-liga-off font-feature-clig-off font-feature-calt-off text-decoration-none text-strikethrough-none\">- Discount on district courses<br \/><\/span><span class=\"a_GcMg font-feature-liga-off font-feature-clig-off font-feature-calt-off text-decoration-none text-strikethrough-none\">- Sk\u00e5nedan in Esl\u00f6v - a dance day for everyone<br \/><br \/><br \/><br \/><\/span><\/p><p>To find out more about what membership of <strong>Swedish Folk Dance Ring<\/strong>\u00a0means?\u00a0<\/p>\t\t\t\t\t\t\t\t<\/div>\n\t\t\t\t\t<\/div>\n\t\t\t\t<\/div>\n\t\t<div class=\"elementor-element elementor-element-0cd900b e-grid e-con-boxed e-con e-parent\" data-id=\"0cd900b\" data-element_type=\"container\" data-e-type=\"container\">\n\t\t\t\t\t<div class=\"e-con-inner\">\n\t\t\t\t<div class=\"elementor-element elementor-element-d5d5a34 elementor-widget elementor-widget-spacer\" data-id=\"d5d5a34\" data-element_type=\"widget\" data-e-type=\"widget\" data-widget_type=\"spacer.default\">\n\t\t\t\t\t\t\t<div class=\"elementor-spacer\">\n\t\t\t<div class=\"elementor-spacer-inner\"><\/div>\n\t\t<\/div>\n\t\t\t\t\t\t<\/div>\n\t\t\t\t<div class=\"elementor-element elementor-element-c2dbf9e elementor-widget elementor-widget-spacer\" data-id=\"c2dbf9e\" data-element_type=\"widget\" data-e-type=\"widget\" data-widget_type=\"spacer.default\">\n\t\t\t\t\t\t\t<div class=\"elementor-spacer\">\n\t\t\t<div class=\"elementor-spacer-inner\"><\/div>\n\t\t<\/div>\n\t\t\t\t\t\t<\/div>\n\t\t\t\t<div class=\"elementor-element elementor-element-74ebbe9 elementor-align-center elementor-widget elementor-widget-button\" data-id=\"74ebbe9\" data-element_type=\"widget\" data-e-type=\"widget\" data-widget_type=\"button.default\">\n\t\t\t\t\t\t\t\t\t\t<a class=\"elementor-button elementor-button-link elementor-size-sm\" href=\"https:\/\/folkdansringen.se\/riks\/foreningochfunktionar\/medlemskap\/\" target=\"_blank\">\n\t\t\t\t\t\t<span class=\"elementor-button-content-wrapper\">\n\t\t\t\t\t\t\t\t\t<span class=\"elementor-button-text\">Click here for more information<\/span>\n\t\t\t\t\t<\/span>\n\t\t\t\t\t<\/a>\n\t\t\t\t\t\t\t\t<\/div>\n\t\t\t\t<div class=\"elementor-element elementor-element-88c9b7d elementor-widget elementor-widget-spacer\" data-id=\"88c9b7d\" data-element_type=\"widget\" data-e-type=\"widget\" data-widget_type=\"spacer.default\">\n\t\t\t\t\t\t\t<div class=\"elementor-spacer\">\n\t\t\t<div class=\"elementor-spacer-inner\"><\/div>\n\t\t<\/div>\n\t\t\t\t\t\t<\/div>\n\t\t\t\t\t<\/div>\n\t\t\t\t<\/div>\n\t\t<div class=\"elementor-element elementor-element-4d8d658 e-flex e-con-boxed e-con e-parent\" data-id=\"4d8d658\" data-element_type=\"container\" data-e-type=\"container\">\n\t\t\t\t\t<div class=\"e-con-inner\">\n\t\t\t\t<div class=\"elementor-element elementor-element-5a529b7 elementor-widget elementor-widget-spacer\" data-id=\"5a529b7\" data-element_type=\"widget\" data-e-type=\"widget\" data-widget_type=\"spacer.default\">\n\t\t\t\t\t\t\t<div class=\"elementor-spacer\">\n\t\t\t<div class=\"elementor-spacer-inner\"><\/div>\n\t\t<\/div>\n\t\t\t\t\t\t<\/div>\n\t\t\t\t\t<\/div>\n\t\t\t\t<\/div>\n\t\t\t\t<\/div>","protected":false},"excerpt":{"rendered":"<p>Medlemskap Vill du bli medlem rekommenderar vi att du\u00a0 kommer ner till en tr\u00e4ning och prata med n\u00e5gon av v\u00e5ra ledare eller kontakta f\u00f6reningen via kontaktformul\u00e4ret.D\u00e5 kan du ocks\u00e5 f\u00e5 [&hellip;]<\/p>\n","protected":false},"author":1,"featured_media":0,"parent":0,"menu_order":0,"comment_status":"closed","ping_status":"closed","template":"","meta":{"footnotes":""},"class_list":["post-31","page","type-page","status-publish","hentry"],"_links":{"self":[{"href":"https:\/\/folkdans.nu\/en\/wp-json\/wp\/v2\/pages\/31","targetHints":{"allow":["GET"]}}],"collection":[{"href":"https:\/\/folkdans.nu\/en\/wp-json\/wp\/v2\/pages"}],"about":[{"href":"https:\/\/folkdans.nu\/en\/wp-json\/wp\/v2\/types\/page"}],"author":[{"embeddable":true,"href":"https:\/\/folkdans.nu\/en\/wp-json\/wp\/v2\/users\/1"}],"replies":[{"embeddable":true,"href":"https:\/\/folkdans.nu\/en\/wp-json\/wp\/v2\/comments?post=31"}],"version-history":[{"count":53,"href":"https:\/\/folkdans.nu\/en\/wp-json\/wp\/v2\/pages\/31\/revisions"}],"predecessor-version":[{"id":1341,"href":"https:\/\/folkdans.nu\/en\/wp-json\/wp\/v2\/pages\/31\/revisions\/1341"}],"wp:attachment":[{"href":"https:\/\/folkdans.nu\/en\/wp-json\/wp\/v2\/media?parent=31"}],"curies":[{"name":"wp","href":"https:\/\/api.w.org\/{rel}","templated":true}]}}