{"id":53,"date":"2025-11-18T18:26:09","date_gmt":"2025-11-18T17:26:09","guid":{"rendered":"https:\/\/folkdans.nu\/about\/"},"modified":"2026-03-28T14:42:12","modified_gmt":"2026-03-28T13:42:12","slug":"dansgrupper","status":"publish","type":"page","link":"https:\/\/folkdans.nu\/en\/dansgrupper\/","title":{"rendered":"Dance groups"},"content":{"rendered":"<div data-elementor-type=\"wp-page\" data-elementor-id=\"53\" class=\"elementor elementor-53\">\n\t\t\t\t<div class=\"elementor-element elementor-element-59da1074 e-flex e-con-boxed e-con e-parent\" data-id=\"59da1074\" data-element_type=\"container\" data-e-type=\"container\">\n\t\t\t\t\t<div class=\"e-con-inner\">\n\t\t<div class=\"elementor-element elementor-element-7d39ba6d e-con-full e-flex e-con e-child\" data-id=\"7d39ba6d\" data-element_type=\"container\" data-e-type=\"container\">\n\t\t\t\t<div class=\"elementor-element elementor-element-1ae26499 animated-fast elementor-widget__width-inherit elementor-invisible elementor-widget elementor-widget-flex-hero\" data-id=\"1ae26499\" data-element_type=\"widget\" data-e-type=\"widget\" data-settings=\"{&quot;layout_preset&quot;:&quot;storytelling&quot;,&quot;primary_button_shape&quot;:&quot;round&quot;,&quot;_animation&quot;:&quot;fadeIn&quot;,&quot;_animation_delay&quot;:&quot;100&quot;,&quot;image_shape&quot;:&quot;sharp&quot;,&quot;box_shape&quot;:&quot;sharp&quot;}\" data-widget_type=\"flex-hero.default\">\n\t\t\t\t<div class=\"elementor-widget-container\">\n\t\t\t\t\t\t\t<div class=\"has-shape-sharp shape-type-box ehp-flex-hero has-layout-preset-storytelling\">\n\t\t\t\t\t\t<div class=\"ehp-flex-hero__overlay\"><\/div>\n\t\t\t<div class=\"ehp-flex-hero__content-container\">\n\t\t\t\t<p class=\"ehp-flex-hero__intro\">Allt du beh\u00f6ver veta om v\u00e5ra<\/p><h2 class=\"ehp-flex-hero__heading\">Dance groups<\/h2>\t\t\t<div class=\"ehp-flex-hero__ctas-container\">\n\t\t\t\t\t\t\t\t\t\t\t<\/div>\n\t\t\t\t\t<\/div>\n\t\t\t\t<div class=\"ehp-flex-hero__image-wrapper\">\n\t\t\t\t<\/div>\n\t\t\t\t<\/div>\n\t\t\t\t\t\t<\/div>\n\t\t\t\t<\/div>\n\t\t<div class=\"elementor-element elementor-element-a449f5c e-grid e-con-full e-con e-child\" data-id=\"a449f5c\" data-element_type=\"container\" data-e-type=\"container\">\n\t\t\t\t<div class=\"elementor-element elementor-element-9f4f315 elementor-widget elementor-widget-text-editor\" data-id=\"9f4f315\" data-element_type=\"widget\" data-e-type=\"widget\" data-widget_type=\"text-editor.default\">\n\t\t\t\t\t\t\t\t\t<h2><span class=\"a_GcMg font-feature-liga-off font-feature-clig-off font-feature-calt-off text-decoration-none text-strikethrough-none\">Knattelaget (fr\u00e5n 4 \u00e5r)<\/span><\/h2><p><span class=\"a_GcMg font-feature-liga-off font-feature-clig-off font-feature-calt-off text-decoration-none text-strikethrough-none\">Knattelaget \u00e4r v\u00e5r grupp f\u00f6r de allra yngsta, fr\u00e5n det \u00e5r man fyller 4. Under 45 sprudlande minuter f\u00e5r barnen dansa, sjunga och leka tillsammans med dansledarna Moa Nimg\u00e5rd och Anna Larsson, samt hj\u00e4lpledare Klara Albrecht. H\u00e4r tr\u00e4nas takt, tempo och koordination p\u00e5 ett lekfullt s\u00e4tt \u2013 men framf\u00f6r allt handlar det om att ha roligt och uppt\u00e4cka gl\u00e4djen i musik och r\u00f6relse<\/span><\/p>\t\t\t\t\t\t\t\t<\/div>\n\t\t\t\t<div class=\"elementor-element elementor-element-4cb286d elementor-widget elementor-widget-image\" data-id=\"4cb286d\" data-element_type=\"widget\" data-e-type=\"widget\" data-widget_type=\"image.default\">\n\t\t\t\t\t\t\t\t\t\t\t\t\t\t\t<img decoding=\"async\" src=\"https:\/\/folkdans.nu\/wp-content\/uploads\/2025\/11\/Messenger_creation_427F69AC-49D0-4650-B8D4-B46E57967D46-1.jpeg\" title=\"Messenger_creation_427F69AC-49D0-4650-B8D4-B46E57967D46\" alt=\"Messenger_creation_427F69AC-49D0-4650-B8D4-B46E57967D46\" loading=\"lazy\" \/>\t\t\t\t\t\t\t\t\t\t\t\t\t\t\t<\/div>\n\t\t\t\t<div class=\"elementor-element elementor-element-33d06cd elementor-widget elementor-widget-image\" data-id=\"33d06cd\" data-element_type=\"widget\" data-e-type=\"widget\" data-widget_type=\"image.default\">\n\t\t\t\t\t\t\t\t\t\t\t\t\t\t\t<img decoding=\"async\" src=\"https:\/\/folkdans.nu\/wp-content\/uploads\/2025\/11\/IMG-20251125-WA0012.jpg\" title=\"IMG-20251125-WA0012\" alt=\"IMG-20251125-WA0012\" loading=\"lazy\" \/>\t\t\t\t\t\t\t\t\t\t\t\t\t\t\t<\/div>\n\t\t\t\t<div class=\"elementor-element elementor-element-d0ca5d3 elementor-widget elementor-widget-text-editor\" data-id=\"d0ca5d3\" data-element_type=\"widget\" data-e-type=\"widget\" data-widget_type=\"text-editor.default\">\n\t\t\t\t\t\t\t\t\t<h2><span class=\"a_GcMg font-feature-liga-off font-feature-clig-off font-feature-calt-off text-decoration-none text-strikethrough-none\">Barnlaget (fr\u00e5n 7 \u00e5r)<\/span><\/h2><p class=\"cvGsUA direction-ltr align-start para-style-body\"><span class=\"a_GcMg font-feature-liga-off font-feature-clig-off font-feature-calt-off text-decoration-none text-strikethrough-none\">N\u00e4r barnen blir lite \u00e4ldre \u00e4r det dags att ta n\u00e4sta steg. I Barnlaget f\u00e5r man prova klassiska danssteg som polka, schottis och vals, och s\u00e4tta ihop dem till b\u00e5de pardanser och uppst\u00e4llningsdanser. H\u00e4r b\u00f6rjar resan mot att bli en skicklig dansare, samtidigt som man f\u00e5r en inblick i v\u00e5ra rika traditioner av dans och musik. Gruppen leds av dansledarna Ann-Katrin Norin och Alexandra Magnusson Bajorics.<\/span><\/p><p class=\"cvGsUA direction-ltr align-start para-style-body\">\u00a0<\/p>\t\t\t\t\t\t\t\t<\/div>\n\t\t\t\t<div class=\"elementor-element elementor-element-f1387bc elementor-widget elementor-widget-text-editor\" data-id=\"f1387bc\" data-element_type=\"widget\" data-e-type=\"widget\" data-widget_type=\"text-editor.default\">\n\t\t\t\t\t\t\t\t\t<h2 style=\"color: rgb(70, 62, 52); font-family: Quicksand, sans-serif;\"><span>Vuxna Folkdans Tempo\/teknik<\/span><\/h2><h2 style=\"color: rgba(0,0,0,var(--o42jjq,1)); caret-color: #000000; --8sd0kg: none; font-family: YAFdJt8dAY0_0, _fb_, auto; --cyv3zq: 17.591px; --gjplxq: 1.4; line-height: 24px;\"><span style=\"color: rgb(70, 62, 52); font-family: Quicksand, sans-serif; letter-spacing: 0px; word-spacing: 0em; font-size: 18px;\">F\u00f6r dig som gillar fartfylld dans och vill utveckla din teknik! Den h\u00e4r gruppen riktar sig till vana dansare som vill utmanas i b\u00e5de tempo och precision. Vi blandar traditionella och moderna folkdanser, pardanser och uppst\u00e4llningsdanser &#8211; ofta i varierade formationer. H\u00f6r f\u00e5r du b\u00e5de svettas och finslipa detaljerna tillsammans med andra engagerade dansare. M\u00e5nga av v\u00e5ra unga dansare dansar i denna gruppen. Gruppen leds av Nathali Willman och Camilla Lindvall.<\/span><\/h2>\t\t\t\t\t\t\t\t<\/div>\n\t\t\t\t<div class=\"elementor-element elementor-element-44cb122 elementor-widget elementor-widget-image\" data-id=\"44cb122\" data-element_type=\"widget\" data-e-type=\"widget\" data-widget_type=\"image.default\">\n\t\t\t\t\t\t\t\t\t\t\t\t\t\t\t<img decoding=\"async\" src=\"https:\/\/folkdans.nu\/wp-content\/uploads\/2025\/11\/20240429_194642-1-scaled.webp\" title=\"20240429_194642\" alt=\"20240429_194642\" loading=\"lazy\" \/>\t\t\t\t\t\t\t\t\t\t\t\t\t\t\t<\/div>\n\t\t\t\t<div class=\"elementor-element elementor-element-0c0e1a0 elementor-widget elementor-widget-image\" data-id=\"0c0e1a0\" data-element_type=\"widget\" data-e-type=\"widget\" data-widget_type=\"image.default\">\n\t\t\t\t\t\t\t\t\t\t\t\t\t\t\t<img decoding=\"async\" src=\"https:\/\/folkdans.nu\/wp-content\/uploads\/2025\/11\/Kopia-av-20250417_193531-1-scaled.webp\" title=\"Kopia av 20250417_193531\" alt=\"Kopia av 20250417_193531\" loading=\"lazy\" \/>\t\t\t\t\t\t\t\t\t\t\t\t\t\t\t<\/div>\n\t\t\t\t<div class=\"elementor-element elementor-element-58993d6 elementor-widget elementor-widget-text-editor\" data-id=\"58993d6\" data-element_type=\"widget\" data-e-type=\"widget\" data-widget_type=\"text-editor.default\">\n\t\t\t\t\t\t\t\t\t<h2><span class=\"a_GcMg font-feature-liga-off font-feature-clig-off font-feature-calt-off text-decoration-none text-strikethrough-none\">Vuxna Folkdans<\/span><\/h2><p class=\"cvGsUA direction-ltr align-start para-style-body\"><span class=\"a_GcMg font-feature-liga-off font-feature-clig-off font-feature-calt-off text-decoration-none text-strikethrough-none\">H\u00e4r dansar vi b\u00e5de gamla och nya folkdanser i en avslappnad och trivsam atmosf\u00e4r. Fokus ligger p\u00e5 r\u00f6relsegl\u00e4dje, gemenskap och att ha roligt tillsammans till levande musik. Gruppen leds av Marianne Halling.<\/span><\/p>\t\t\t\t\t\t\t\t<\/div>\n\t\t\t\t<div class=\"elementor-element elementor-element-4f30022 elementor-widget elementor-widget-text-editor\" data-id=\"4f30022\" data-element_type=\"widget\" data-e-type=\"widget\" data-widget_type=\"text-editor.default\">\n\t\t\t\t\t\t\t\t\t<h2><span class=\"a_GcMg font-feature-liga-off font-feature-clig-off font-feature-calt-off text-decoration-none text-strikethrough-none\">Herrskapsdansarna<\/span><\/h2><p class=\"cvGsUA direction-ltr align-start para-style-body\"><span class=\"a_GcMg font-feature-liga-off font-feature-clig-off font-feature-calt-off text-decoration-none text-strikethrough-none\">F\u00f6lj med p\u00e5 en tidsresa till 1700- och 1800-talets balsalar! Herrskapsdansarna f\u00f6rdjupar sig i historiska danser som menuett, gavott, frans\u00e4s och kontradans \u2013 danser som en g\u00e5ng fyllde salongerna i borgarhem och slott. Under ledning av Maria Cedergren f\u00e5r du uppleva dansens elegans och stil i en grupp d\u00e4r intresset f\u00f6r historia och r\u00f6relse m\u00f6ts.<\/span><\/p>\t\t\t\t\t\t\t\t<\/div>\n\t\t\t\t<div class=\"elementor-element elementor-element-1f4464e elementor-widget elementor-widget-image\" data-id=\"1f4464e\" data-element_type=\"widget\" data-e-type=\"widget\" data-widget_type=\"image.default\">\n\t\t\t\t\t\t\t\t\t\t\t\t\t\t\t<img decoding=\"async\" src=\"https:\/\/folkdans.nu\/wp-content\/uploads\/2025\/11\/Kopia-av-Dansens-dag_Herrskapsdans-3-1.webp\" title=\"Kopia av Dansens dag_Herrskapsdans 3\" alt=\"Kopia av Dansens dag_Herrskapsdans 3\" loading=\"lazy\" \/>\t\t\t\t\t\t\t\t\t\t\t\t\t\t\t<\/div>\n\t\t\t\t<\/div>\n\t\t\t\t<\/div>\n\t\t<div class=\"elementor-element elementor-element-d03da49 e-con-full e-flex e-con e-child\" data-id=\"d03da49\" data-element_type=\"container\" data-e-type=\"container\">\n\t\t\t\t<div class=\"elementor-element elementor-element-63ecfd43 elementor-widget elementor-widget-image\" data-id=\"63ecfd43\" data-element_type=\"widget\" data-e-type=\"widget\" data-widget_type=\"image.default\">\n\t\t\t\t\t\t\t\t\t\t\t\t\t\t\t<img decoding=\"async\" src=\"http:\/\/folkdans.nu\/wp-content\/uploads\/2025\/11\/Helena.webp\" title=\"\" alt=\"\" loading=\"lazy\" \/>\t\t\t\t\t\t\t\t\t\t\t\t\t\t\t<\/div>\n\t\t\t\t<\/div>\n\t\t\t\t\t<\/div>\n\t\t\t\t<\/div>\n\t\t\t\t<\/div>","protected":false},"excerpt":{"rendered":"<p>Allt du beh\u00f6ver veta om v\u00e5ra Dansgrupper Knattelaget (fr\u00e5n 4 \u00e5r) Knattelaget \u00e4r v\u00e5r grupp f\u00f6r de allra yngsta, fr\u00e5n det \u00e5r man fyller 4. Under 45 sprudlande minuter f\u00e5r [&hellip;]<\/p>\n","protected":false},"author":1,"featured_media":0,"parent":0,"menu_order":0,"comment_status":"closed","ping_status":"closed","template":"elementor_header_footer","meta":{"footnotes":""},"class_list":["post-53","page","type-page","status-publish","hentry"],"_links":{"self":[{"href":"https:\/\/folkdans.nu\/en\/wp-json\/wp\/v2\/pages\/53","targetHints":{"allow":["GET"]}}],"collection":[{"href":"https:\/\/folkdans.nu\/en\/wp-json\/wp\/v2\/pages"}],"about":[{"href":"https:\/\/folkdans.nu\/en\/wp-json\/wp\/v2\/types\/page"}],"author":[{"embeddable":true,"href":"https:\/\/folkdans.nu\/en\/wp-json\/wp\/v2\/users\/1"}],"replies":[{"embeddable":true,"href":"https:\/\/folkdans.nu\/en\/wp-json\/wp\/v2\/comments?post=53"}],"version-history":[{"count":47,"href":"https:\/\/folkdans.nu\/en\/wp-json\/wp\/v2\/pages\/53\/revisions"}],"predecessor-version":[{"id":1157,"href":"https:\/\/folkdans.nu\/en\/wp-json\/wp\/v2\/pages\/53\/revisions\/1157"}],"wp:attachment":[{"href":"https:\/\/folkdans.nu\/en\/wp-json\/wp\/v2\/media?parent=53"}],"curies":[{"name":"wp","href":"https:\/\/api.w.org\/{rel}","templated":true}]}}