{"id":60,"date":"2025-11-18T18:26:11","date_gmt":"2025-11-18T17:26:11","guid":{"rendered":"https:\/\/folkdans.nu\/classes\/"},"modified":"2026-03-28T14:39:01","modified_gmt":"2026-03-28T13:39:01","slug":"historia","status":"publish","type":"page","link":"https:\/\/folkdans.nu\/en\/historia\/","title":{"rendered":"History"},"content":{"rendered":"<div data-elementor-type=\"wp-page\" data-elementor-id=\"60\" class=\"elementor elementor-60\">\n\t\t\t\t<div class=\"elementor-element elementor-element-2a3f714 e-flex e-con-boxed e-con e-parent\" data-id=\"2a3f714\" data-element_type=\"container\" data-e-type=\"container\">\n\t\t\t\t\t<div class=\"e-con-inner\">\n\t\t\t\t<div class=\"elementor-element elementor-element-d7bdd47 elementor-widget elementor-widget-spacer\" data-id=\"d7bdd47\" data-element_type=\"widget\" data-e-type=\"widget\" data-widget_type=\"spacer.default\">\n\t\t\t\t\t\t\t<div class=\"elementor-spacer\">\n\t\t\t<div class=\"elementor-spacer-inner\"><\/div>\n\t\t<\/div>\n\t\t\t\t\t\t<\/div>\n\t\t\t\t\t<\/div>\n\t\t\t\t<\/div>\n\t\t<div class=\"elementor-element elementor-element-f736449 e-flex e-con-boxed e-con e-parent\" data-id=\"f736449\" data-element_type=\"container\" data-e-type=\"container\">\n\t\t\t\t\t<div class=\"e-con-inner\">\n\t\t\t\t<div class=\"elementor-element elementor-element-9b9a54d elementor-widget elementor-widget-heading\" data-id=\"9b9a54d\" data-element_type=\"widget\" data-e-type=\"widget\" data-widget_type=\"heading.default\">\n\t\t\t\t\t<h2 class=\"elementor-heading-title elementor-size-default\">History<\/h2>\t\t\t\t<\/div>\n\t\t\t\t\t<\/div>\n\t\t\t\t<\/div>\n\t\t<div class=\"elementor-element elementor-element-41cdbd7 e-flex e-con-boxed e-con e-parent\" data-id=\"41cdbd7\" data-element_type=\"container\" data-e-type=\"container\">\n\t\t\t\t\t<div class=\"e-con-inner\">\n\t\t<div class=\"elementor-element elementor-element-bff9538 e-con-full e-flex e-con e-child\" data-id=\"bff9538\" data-element_type=\"container\" data-e-type=\"container\">\n\t\t\t\t<div class=\"elementor-element elementor-element-012f629 elementor-widget elementor-widget-text-editor\" data-id=\"012f629\" data-element_type=\"widget\" data-e-type=\"widget\" data-widget_type=\"text-editor.default\">\n\t\t\t\t\t\t\t\t\t<p style=\"color: rgba(0,0,0,var(--o42jjq,1)); caret-color: #000000; --8sd0kg: none; font-family: YAFdJt8dAY0_0, _fb_, auto; --cyv3zq: 21.9614px; --gjplxq: 1.4; --s8nbea: p; line-height: 30px;\"><span style=\"color: rgba(0,0,0,var(--o42jjq,1)); font-family: Quicksand, sans-serif;\">Malm\u00f6 Folkdansare \u00e4r en ideell f\u00f6rening som har till uppgift att f\u00f6ra vidare den svenska folkkulturen samt skapa en plats f\u00f6r alla \u00e5ldrar att m\u00f6tas och umg\u00e5s p\u00e5. Detta g\u00f6r vi fr\u00e4mst genom v\u00e5r dansverksamhet, men ocks\u00e5 p\u00e5 m\u00e5nga andra s\u00e4tt, s\u00e5som genom lek, musik, s\u00e5ng, dr\u00e4kter, hantverk, matkultur samt seder och bruk.<\/span><\/p><p style=\"color: rgba(0,0,0,var(--o42jjq,1)); caret-color: #000000; --8sd0kg: none; --cyv3zq: 21.9614px; --gjplxq: 1.4; --s8nbea: p; line-height: 30px;\">Malm\u00f6 Folkdansare grundades 12 december 2016 som en sammanslagning av Folkdansens V\u00e4nner Malm\u00f6 (FV) och S\u00e4llskapet Gammeldansens V\u00e4nner Malm\u00f6 (SGV). De b\u00e5da f\u00f6reningarna har en l\u00e5ng historik d\u00e5 SGV bildades 1930 och FV 1938. Genom \u00e5ren har vi gjort m\u00e5nga aktiviteter, resor, bes\u00f6k, fester med mera i varje f\u00f6rening men \u00e4ven m\u00e5nga gemensamma aktiviteter, stora som sm\u00e5.\u00a0<\/p>\t\t\t\t\t\t\t\t<\/div>\n\t\t\t\t<\/div>\n\t\t<div class=\"elementor-element elementor-element-27fee1a e-con-full e-flex e-con e-child\" data-id=\"27fee1a\" data-element_type=\"container\" data-e-type=\"container\">\n\t\t\t\t<\/div>\n\t\t<div class=\"elementor-element elementor-element-fe546b3 e-con-full e-flex e-con e-child\" data-id=\"fe546b3\" data-element_type=\"container\" data-e-type=\"container\">\n\t\t\t\t<\/div>\n\t\t<div class=\"elementor-element elementor-element-b5470c4 e-con-full e-flex e-con e-child\" data-id=\"b5470c4\" data-element_type=\"container\" data-e-type=\"container\">\n\t\t\t\t<div class=\"elementor-element elementor-element-20be9ff elementor-widget elementor-widget-text-editor\" data-id=\"20be9ff\" data-element_type=\"widget\" data-e-type=\"widget\" data-widget_type=\"text-editor.default\">\n\t\t\t\t\t\t\t\t\t<p style=\"color: rgba(0,0,0,var(--o42jjq,1)); caret-color: #000000; --8sd0kg: none; --cyv3zq: 21.9614px; --gjplxq: 1.4; --s8nbea: p; line-height: 30px;\"><span style=\"font-size: 18px;\">F\u00f6r ett antal \u00e5r sedan b\u00f6rjar FV och SGV med gemensamma danstr\u00e4ningar n\u00e5gon g\u00e5ng per termin. Efterhand blev det fler och fler tr\u00e4ningar tillsammans och diskussionerna startade om vi skulle sl\u00e5 samman v\u00e5ra f\u00f6reningar. M\u00e5nga diskussioner senare togs beslutet att 2016 bilda Malm\u00f6 Folkdansare.<\/span><\/p><p style=\"color: rgba(0,0,0,var(--o42jjq,1)); caret-color: #000000; --8sd0kg: none; --cyv3zq: 21.9614px; --gjplxq: 1.4; --s8nbea: p; line-height: 30px;\"><span style=\"font-size: 18px;\">Det \u00e4r fantastiskt kul att vara en f\u00f6rening med mycket erfarenhet och stort intresse f\u00f6r v\u00e5r historia. Tillsammans med v\u00e5ra medlemmar sprider vi v\u00e5r gemensamma kunskap om folkdans, folkmusik, folkdr\u00e4kter, s\u00f6mnad, s\u00e5ng och hantverk vidare till kommande generationer.\u00a0<\/span><\/p>\t\t\t\t\t\t\t\t<\/div>\n\t\t\t\t<\/div>\n\t\t\t\t\t<\/div>\n\t\t\t\t<\/div>\n\t\t<div class=\"elementor-element elementor-element-f86fcb1 e-flex e-con-boxed e-con e-parent\" data-id=\"f86fcb1\" data-element_type=\"container\" data-e-type=\"container\">\n\t\t\t\t\t<div class=\"e-con-inner\">\n\t\t\t\t<div class=\"elementor-element elementor-element-3988d50 elementor-widget elementor-widget-spacer\" data-id=\"3988d50\" data-element_type=\"widget\" data-e-type=\"widget\" data-widget_type=\"spacer.default\">\n\t\t\t\t\t\t\t<div class=\"elementor-spacer\">\n\t\t\t<div class=\"elementor-spacer-inner\"><\/div>\n\t\t<\/div>\n\t\t\t\t\t\t<\/div>\n\t\t\t\t\t<\/div>\n\t\t\t\t<\/div>\n\t\t\t\t<\/div>","protected":false},"excerpt":{"rendered":"<p>Historia Malm\u00f6 Folkdansare \u00e4r en ideell f\u00f6rening som har till uppgift att f\u00f6ra vidare den svenska folkkulturen samt skapa en plats f\u00f6r alla \u00e5ldrar att m\u00f6tas och umg\u00e5s p\u00e5. Detta [&hellip;]<\/p>\n","protected":false},"author":1,"featured_media":0,"parent":0,"menu_order":0,"comment_status":"closed","ping_status":"closed","template":"elementor_header_footer","meta":{"footnotes":""},"class_list":["post-60","page","type-page","status-publish","hentry"],"_links":{"self":[{"href":"https:\/\/folkdans.nu\/en\/wp-json\/wp\/v2\/pages\/60","targetHints":{"allow":["GET"]}}],"collection":[{"href":"https:\/\/folkdans.nu\/en\/wp-json\/wp\/v2\/pages"}],"about":[{"href":"https:\/\/folkdans.nu\/en\/wp-json\/wp\/v2\/types\/page"}],"author":[{"embeddable":true,"href":"https:\/\/folkdans.nu\/en\/wp-json\/wp\/v2\/users\/1"}],"replies":[{"embeddable":true,"href":"https:\/\/folkdans.nu\/en\/wp-json\/wp\/v2\/comments?post=60"}],"version-history":[{"count":20,"href":"https:\/\/folkdans.nu\/en\/wp-json\/wp\/v2\/pages\/60\/revisions"}],"predecessor-version":[{"id":1151,"href":"https:\/\/folkdans.nu\/en\/wp-json\/wp\/v2\/pages\/60\/revisions\/1151"}],"wp:attachment":[{"href":"https:\/\/folkdans.nu\/en\/wp-json\/wp\/v2\/media?parent=60"}],"curies":[{"name":"wp","href":"https:\/\/api.w.org\/{rel}","templated":true}]}}