{"id":65,"date":"2025-11-18T18:26:12","date_gmt":"2025-11-18T17:26:12","guid":{"rendered":"https:\/\/folkdans.nu\/contact\/"},"modified":"2026-03-28T14:32:05","modified_gmt":"2026-03-28T13:32:05","slug":"styrelse-funktionarer","status":"publish","type":"page","link":"https:\/\/folkdans.nu\/en\/styrelse-funktionarer\/","title":{"rendered":"Board of Directors &amp; Officers"},"content":{"rendered":"<div data-elementor-type=\"wp-page\" data-elementor-id=\"65\" class=\"elementor elementor-65\">\n\t\t\t\t<div class=\"elementor-element elementor-element-bd506fe e-flex e-con-boxed e-con e-parent\" data-id=\"bd506fe\" data-element_type=\"container\" data-e-type=\"container\">\n\t\t\t\t\t<div class=\"e-con-inner\">\n\t\t\t\t<div class=\"elementor-element elementor-element-09c1b99 elementor-widget elementor-widget-spacer\" data-id=\"09c1b99\" data-element_type=\"widget\" data-e-type=\"widget\" data-widget_type=\"spacer.default\">\n\t\t\t\t\t\t\t<div class=\"elementor-spacer\">\n\t\t\t<div class=\"elementor-spacer-inner\"><\/div>\n\t\t<\/div>\n\t\t\t\t\t\t<\/div>\n\t\t\t\t\t<\/div>\n\t\t\t\t<\/div>\n\t\t<div class=\"elementor-element elementor-element-a94b647 e-flex e-con-boxed e-con e-parent\" data-id=\"a94b647\" data-element_type=\"container\" data-e-type=\"container\">\n\t\t\t\t\t<div class=\"e-con-inner\">\n\t\t\t\t<div class=\"elementor-element elementor-element-7cf8191 elementor-widget__width-initial elementor-widget elementor-widget-heading\" data-id=\"7cf8191\" data-element_type=\"widget\" data-e-type=\"widget\" data-widget_type=\"heading.default\">\n\t\t\t\t\t<h2 class=\"elementor-heading-title elementor-size-default\">Styrelse &amp; funktion\u00e4rer<\/h2>\t\t\t\t<\/div>\n\t\t\t\t\t<\/div>\n\t\t\t\t<\/div>\n\t\t<div class=\"elementor-element elementor-element-5de0347 e-grid e-con-boxed e-con e-parent\" data-id=\"5de0347\" data-element_type=\"container\" data-e-type=\"container\">\n\t\t\t\t\t<div class=\"e-con-inner\">\n\t\t\t\t<div class=\"elementor-element elementor-element-2691f2b elementor-widget elementor-widget-text-editor\" data-id=\"2691f2b\" data-element_type=\"widget\" data-e-type=\"widget\" data-widget_type=\"text-editor.default\">\n\t\t\t\t\t\t\t\t\t<p>H\u00e4r kan ni se vem som \u00e4r med i v\u00e5r styrelse och vem som \u00e4r funktion\u00e4r. Vill ni veta mer om vad de olika sektionerna och grupperna g\u00f6r?<\/p>\t\t\t\t\t\t\t\t<\/div>\n\t\t\t\t<div class=\"elementor-element elementor-element-5517f96 elementor-align-center elementor-widget elementor-widget-button\" data-id=\"5517f96\" data-element_type=\"widget\" data-e-type=\"widget\" data-widget_type=\"button.default\">\n\t\t\t\t\t\t\t\t\t\t<a class=\"elementor-button elementor-button-link elementor-size-sm\" href=\"https:\/\/folkdans.nu\/en\/sektioner-grupper\/\">\n\t\t\t\t\t\t<span class=\"elementor-button-content-wrapper\">\n\t\t\t\t\t\t\t\t\t<span class=\"elementor-button-text\">Sektioner &amp; grupper<\/span>\n\t\t\t\t\t<\/span>\n\t\t\t\t\t<\/a>\n\t\t\t\t\t\t\t\t<\/div>\n\t\t\t\t\t<\/div>\n\t\t\t\t<\/div>\n\t\t<div class=\"elementor-element elementor-element-0bd5bc4 e-flex e-con-boxed e-con e-parent\" data-id=\"0bd5bc4\" data-element_type=\"container\" data-e-type=\"container\">\n\t\t\t\t\t<div class=\"e-con-inner\">\n\t\t\t\t<div class=\"elementor-element elementor-element-bdcf900 elementor-widget elementor-widget-spacer\" data-id=\"bdcf900\" data-element_type=\"widget\" data-e-type=\"widget\" data-widget_type=\"spacer.default\">\n\t\t\t\t\t\t\t<div class=\"elementor-spacer\">\n\t\t\t<div class=\"elementor-spacer-inner\"><\/div>\n\t\t<\/div>\n\t\t\t\t\t\t<\/div>\n\t\t\t\t\t<\/div>\n\t\t\t\t<\/div>\n\t\t<div class=\"elementor-element elementor-element-b61bc9b e-grid e-con-boxed e-con e-parent\" data-id=\"b61bc9b\" data-element_type=\"container\" data-e-type=\"container\">\n\t\t\t\t\t<div class=\"e-con-inner\">\n\t\t\t\t<div class=\"elementor-element elementor-element-b1e4296 elementor-widget elementor-widget-heading\" data-id=\"b1e4296\" data-element_type=\"widget\" data-e-type=\"widget\" data-widget_type=\"heading.default\">\n\t\t\t\t\t<h2 class=\"elementor-heading-title elementor-size-default\">Styrelsen<\/h2>\t\t\t\t<\/div>\n\t\t\t\t<div class=\"elementor-element elementor-element-07dec6b elementor-widget elementor-widget-text-editor\" data-id=\"07dec6b\" data-element_type=\"widget\" data-e-type=\"widget\" data-widget_type=\"text-editor.default\">\n\t\t\t\t\t\t\t\t\t<p>Camilla Lindvall, ordf\u00f6rande<br \/>Ulrika Welin, sekreterare<br \/>Agneta Hansinger, kass\u00f6r<br \/>Monica Nimg\u00e5rd, ledamot; Dans och Musik<br \/>Karin Persson, ledamot; Lokal<br \/>Elisabeth Gerderoth, Ledamot<br \/>Madeleine Nydahl, Ledamot<br \/>Klara Albrecht, suppleant<br \/>Nathali Willman, suppleant<\/p>\t\t\t\t\t\t\t\t<\/div>\n\t\t\t\t\t<\/div>\n\t\t\t\t<\/div>\n\t\t<div class=\"elementor-element elementor-element-74b85b5 e-flex e-con-boxed e-con e-parent\" data-id=\"74b85b5\" data-element_type=\"container\" data-e-type=\"container\">\n\t\t\t\t\t<div class=\"e-con-inner\">\n\t\t\t\t<div class=\"elementor-element elementor-element-a7eb847 elementor-widget elementor-widget-heading\" data-id=\"a7eb847\" data-element_type=\"widget\" data-e-type=\"widget\" data-widget_type=\"heading.default\">\n\t\t\t\t\t<h2 class=\"elementor-heading-title elementor-size-default\">Sektioner &amp; funktion\u00e4rer<\/h2>\t\t\t\t<\/div>\n\t\t\t\t\t<\/div>\n\t\t\t\t<\/div>\n\t\t<div class=\"elementor-element elementor-element-6fbc03e e-grid e-con-boxed e-con e-parent\" data-id=\"6fbc03e\" data-element_type=\"container\" data-e-type=\"container\">\n\t\t\t\t\t<div class=\"e-con-inner\">\n\t\t\t\t<div class=\"elementor-element elementor-element-15f16f8 elementor-widget elementor-widget-heading\" data-id=\"15f16f8\" data-element_type=\"widget\" data-e-type=\"widget\" data-widget_type=\"heading.default\">\n\t\t\t\t\t<h2 class=\"elementor-heading-title elementor-size-default\">Dans &amp; musik<\/h2>\t\t\t\t<\/div>\n\t\t\t\t<div class=\"elementor-element elementor-element-e300857 elementor-widget elementor-widget-text-editor\" data-id=\"e300857\" data-element_type=\"widget\" data-e-type=\"widget\" data-widget_type=\"text-editor.default\">\n\t\t\t\t\t\t\t\t\t<p>Monica Nimg\u00e5rd, sektionsledare<br \/>Alexandra Magnusson-Bajorics<br \/>Anna Larsson<br \/>Ann-Katrin Norin<br \/>Ebba Nydahl Olsson<br \/>Camilla Lindvall<br \/>Jonas Nilsson<br \/>Madeleine Nydahl<br \/>Marianne Halling<br \/>Maria Cedergren<br \/>Moa Nilsson<br \/>Moa Nimg\u00e5rd<br \/>Nathali Willman<\/p>\t\t\t\t\t\t\t\t<\/div>\n\t\t\t\t<div class=\"elementor-element elementor-element-66f5b9b elementor-widget elementor-widget-heading\" data-id=\"66f5b9b\" data-element_type=\"widget\" data-e-type=\"widget\" data-widget_type=\"heading.default\">\n\t\t\t\t\t<h2 class=\"elementor-heading-title elementor-size-default\">Costume &amp; culture<\/h2>\t\t\t\t<\/div>\n\t\t\t\t<div class=\"elementor-element elementor-element-4bd9374 elementor-widget elementor-widget-text-editor\" data-id=\"4bd9374\" data-element_type=\"widget\" data-e-type=\"widget\" data-widget_type=\"text-editor.default\">\n\t\t\t\t\t\t\t\t\t<p>Anna M\u00e5nsson, gruppledare<br \/>Helene N\u00f6rell<br \/>Monica Willman<br \/>Nicole Voigt<br \/>Sofia Karlsson<\/p>\t\t\t\t\t\t\t\t<\/div>\n\t\t\t\t<div class=\"elementor-element elementor-element-e33b412 elementor-widget elementor-widget-heading\" data-id=\"e33b412\" data-element_type=\"widget\" data-e-type=\"widget\" data-widget_type=\"heading.default\">\n\t\t\t\t\t<h2 class=\"elementor-heading-title elementor-size-default\">Festgruppen<\/h2>\t\t\t\t<\/div>\n\t\t\t\t<div class=\"elementor-element elementor-element-976e18e elementor-widget elementor-widget-text-editor\" data-id=\"976e18e\" data-element_type=\"widget\" data-e-type=\"widget\" data-widget_type=\"text-editor.default\">\n\t\t\t\t\t\t\t\t\t<p>Kerstin Rur, gruppledare<br \/>Ann-Charlotte Nilsson<br \/>Lars Miselli<br \/>Sassa Miselli<\/p>\t\t\t\t\t\t\t\t<\/div>\n\t\t\t\t<div class=\"elementor-element elementor-element-446d3cc elementor-widget elementor-widget-heading\" data-id=\"446d3cc\" data-element_type=\"widget\" data-e-type=\"widget\" data-widget_type=\"heading.default\">\n\t\t\t\t\t<h2 class=\"elementor-heading-title elementor-size-default\">Lokalsektionen<\/h2>\t\t\t\t<\/div>\n\t\t\t\t<div class=\"elementor-element elementor-element-8fee436 elementor-widget elementor-widget-text-editor\" data-id=\"8fee436\" data-element_type=\"widget\" data-e-type=\"widget\" data-widget_type=\"text-editor.default\">\n\t\t\t\t\t\t\t\t\t<p>Karin Persson, sektionsledare<br \/>Lars Kayser<br \/>Patrik Kj\u00e4llquist<br \/>Royne Larsson<\/p>\t\t\t\t\t\t\t\t<\/div>\n\t\t\t\t<div class=\"elementor-element elementor-element-a5700f0 elementor-widget elementor-widget-heading\" data-id=\"a5700f0\" data-element_type=\"widget\" data-e-type=\"widget\" data-widget_type=\"heading.default\">\n\t\t\t\t\t<h2 class=\"elementor-heading-title elementor-size-default\">Mediagruppen<\/h2>\t\t\t\t<\/div>\n\t\t\t\t<div class=\"elementor-element elementor-element-e22fcd7 elementor-widget elementor-widget-text-editor\" data-id=\"e22fcd7\" data-element_type=\"widget\" data-e-type=\"widget\" data-widget_type=\"text-editor.default\">\n\t\t\t\t\t\t\t\t\t<p>Moa Nimg\u00e5rd, gruppledare<br \/>Emily Rundcrantz Leise<br \/>Madeleine Nydahl<br \/>Volker Albrecht<\/p>\t\t\t\t\t\t\t\t<\/div>\n\t\t\t\t<div class=\"elementor-element elementor-element-6f63f5b elementor-widget elementor-widget-heading\" data-id=\"6f63f5b\" data-element_type=\"widget\" data-e-type=\"widget\" data-widget_type=\"heading.default\">\n\t\t\t\t\t<h2 class=\"elementor-heading-title elementor-size-default\">Revisorer<\/h2>\t\t\t\t<\/div>\n\t\t\t\t<div class=\"elementor-element elementor-element-2631ab7 elementor-widget elementor-widget-text-editor\" data-id=\"2631ab7\" data-element_type=\"widget\" data-e-type=\"widget\" data-widget_type=\"text-editor.default\">\n\t\t\t\t\t\t\t\t\t<p>Volker Albrecht<br \/>Jan-\u00c5ke Rasmusson<br \/>Lars Kayser, ers\u00e4ttare<\/p>\t\t\t\t\t\t\t\t<\/div>\n\t\t\t\t<div class=\"elementor-element elementor-element-15c7917 elementor-widget elementor-widget-heading\" data-id=\"15c7917\" data-element_type=\"widget\" data-e-type=\"widget\" data-widget_type=\"heading.default\">\n\t\t\t\t\t<h2 class=\"elementor-heading-title elementor-size-default\">Valberedning<\/h2>\t\t\t\t<\/div>\n\t\t\t\t<div class=\"elementor-element elementor-element-640efc9 elementor-widget elementor-widget-text-editor\" data-id=\"640efc9\" data-element_type=\"widget\" data-e-type=\"widget\" data-widget_type=\"text-editor.default\">\n\t\t\t\t\t\t\t\t\t<p>Kristina Albrecht, sammankallande<br \/>Alexandra Magnusson-Bajorics<br \/>Claes \u00d6stberg<\/p>\t\t\t\t\t\t\t\t<\/div>\n\t\t\t\t\t<\/div>\n\t\t\t\t<\/div>\n\t\t<div class=\"elementor-element elementor-element-6db013a e-flex e-con-boxed e-con e-parent\" data-id=\"6db013a\" data-element_type=\"container\" data-e-type=\"container\">\n\t\t\t\t\t<div class=\"e-con-inner\">\n\t\t\t\t<div class=\"elementor-element elementor-element-4c9dbaf elementor-widget elementor-widget-spacer\" data-id=\"4c9dbaf\" data-element_type=\"widget\" data-e-type=\"widget\" data-widget_type=\"spacer.default\">\n\t\t\t\t\t\t\t<div class=\"elementor-spacer\">\n\t\t\t<div class=\"elementor-spacer-inner\"><\/div>\n\t\t<\/div>\n\t\t\t\t\t\t<\/div>\n\t\t\t\t\t<\/div>\n\t\t\t\t<\/div>\n\t\t\t\t<\/div>","protected":false},"excerpt":{"rendered":"<p>Styrelse &amp; funktion\u00e4rer H\u00e4r kan ni se vem som \u00e4r med i v\u00e5r styrelse och vem som \u00e4r funktion\u00e4r. Vill ni veta mer om vad de olika sektionerna och grupperna [&hellip;]<\/p>\n","protected":false},"author":1,"featured_media":0,"parent":0,"menu_order":0,"comment_status":"closed","ping_status":"closed","template":"elementor_header_footer","meta":{"footnotes":""},"class_list":["post-65","page","type-page","status-publish","hentry"],"_links":{"self":[{"href":"https:\/\/folkdans.nu\/en\/wp-json\/wp\/v2\/pages\/65","targetHints":{"allow":["GET"]}}],"collection":[{"href":"https:\/\/folkdans.nu\/en\/wp-json\/wp\/v2\/pages"}],"about":[{"href":"https:\/\/folkdans.nu\/en\/wp-json\/wp\/v2\/types\/page"}],"author":[{"embeddable":true,"href":"https:\/\/folkdans.nu\/en\/wp-json\/wp\/v2\/users\/1"}],"replies":[{"embeddable":true,"href":"https:\/\/folkdans.nu\/en\/wp-json\/wp\/v2\/comments?post=65"}],"version-history":[{"count":65,"href":"https:\/\/folkdans.nu\/en\/wp-json\/wp\/v2\/pages\/65\/revisions"}],"predecessor-version":[{"id":1133,"href":"https:\/\/folkdans.nu\/en\/wp-json\/wp\/v2\/pages\/65\/revisions\/1133"}],"wp:attachment":[{"href":"https:\/\/folkdans.nu\/en\/wp-json\/wp\/v2\/media?parent=65"}],"curies":[{"name":"wp","href":"https:\/\/api.w.org\/{rel}","templated":true}]}}