{"id":68,"date":"2025-11-18T18:26:12","date_gmt":"2025-11-18T17:26:12","guid":{"rendered":"https:\/\/folkdans.nu\/booking\/"},"modified":"2026-03-28T14:40:34","modified_gmt":"2026-03-28T13:40:34","slug":"samarbeten","status":"publish","type":"page","link":"https:\/\/folkdans.nu\/en\/samarbeten\/","title":{"rendered":"Co-operations"},"content":{"rendered":"<div data-elementor-type=\"wp-page\" data-elementor-id=\"68\" class=\"elementor elementor-68\">\n\t\t\t\t<div class=\"elementor-element elementor-element-8651027 e-flex e-con-boxed e-con e-parent\" data-id=\"8651027\" data-element_type=\"container\" data-e-type=\"container\">\n\t\t\t\t\t<div class=\"e-con-inner\">\n\t\t\t\t<div class=\"elementor-element elementor-element-469d988 elementor-widget elementor-widget-spacer\" data-id=\"469d988\" data-element_type=\"widget\" data-e-type=\"widget\" data-widget_type=\"spacer.default\">\n\t\t\t\t\t\t\t<div class=\"elementor-spacer\">\n\t\t\t<div class=\"elementor-spacer-inner\"><\/div>\n\t\t<\/div>\n\t\t\t\t\t\t<\/div>\n\t\t\t\t\t<\/div>\n\t\t\t\t<\/div>\n\t\t<div class=\"elementor-element elementor-element-0152d90 e-flex e-con-boxed e-con e-parent\" data-id=\"0152d90\" data-element_type=\"container\" data-e-type=\"container\">\n\t\t\t\t\t<div class=\"e-con-inner\">\n\t\t\t\t<div class=\"elementor-element elementor-element-af9ccf3 elementor-widget elementor-widget-heading\" data-id=\"af9ccf3\" data-element_type=\"widget\" data-e-type=\"widget\" data-widget_type=\"heading.default\">\n\t\t\t\t\t<h2 class=\"elementor-heading-title elementor-size-default\">Co-operations<\/h2>\t\t\t\t<\/div>\n\t\t\t\t\t<\/div>\n\t\t\t\t<\/div>\n\t\t<div class=\"elementor-element elementor-element-c9fc5ac e-con-full e-flex e-con e-parent\" data-id=\"c9fc5ac\" data-element_type=\"container\" data-e-type=\"container\">\n\t\t<div class=\"elementor-element elementor-element-86bf82b e-con-full e-flex e-con e-child\" data-id=\"86bf82b\" data-element_type=\"container\" data-e-type=\"container\">\n\t\t\t\t<div class=\"elementor-element elementor-element-4b6cd59 elementor-widget elementor-widget-text-editor\" data-id=\"4b6cd59\" data-element_type=\"widget\" data-e-type=\"widget\" data-widget_type=\"text-editor.default\">\n\t\t\t\t\t\t\t\t\t<p>Malm\u00f6 Folkdansare \u00e4r anslutna till och samarbetar med:<br \/>&#8211; Svenska Folkdansringen<br \/>&#8211; Folkdansringen Sk\u00e5ne-Blekinge<br \/>&#8211; Studiefr\u00e4mjandet<\/p><p>Som f\u00f6rening kopplade till Svenska Folkdansringen f\u00e5r vi tillg\u00e5ng till:<br \/>&#8211; STIM (musik som medlemmar framf\u00f6r p\u00e5 tr\u00e4ningar och kurser (ej uppvisningar))<br \/>&#8211; SAMI (att man f\u00e5r anv\u00e4nda inspelad musik)<br \/>&#8211; St\u00f6d till stipendiatutbildningen (b\u00e5de distrikt och riks)<br \/>&#8211; NORDLEK<br \/>&#8211; BARNLEK<br \/>&#8211; Samarbete med andra riksorganisationer: VMoD, Folk- och v\u00e4rldsmusikgalan, Dans- och spelmanst\u00e4mman i Kungstr\u00e4dg\u00e5rden, mm\u00a0\u00a0<\/p>\t\t\t\t\t\t\t\t<\/div>\n\t\t\t\t<\/div>\n\t\t<div class=\"elementor-element elementor-element-a381f5d e-con-full e-flex e-con e-child\" data-id=\"a381f5d\" data-element_type=\"container\" data-e-type=\"container\">\n\t\t\t\t<div class=\"elementor-element elementor-element-eab2453 elementor-widget elementor-widget-text-editor\" data-id=\"eab2453\" data-element_type=\"widget\" data-e-type=\"widget\" data-widget_type=\"text-editor.default\">\n\t\t\t\t\t\t\t\t\t<p style=\"caret-color: #000000; --8sd0kg: none; --cyv3zq: 21.9614px; --gjplxq: 1.4; --s8nbea: p; line-height: 30px;\"><span style=\"letter-spacing: 0px;\">H\u00e4r \u00e4r n\u00e5gra av v\u00e5ra v\u00e4nf\u00f6reningar utanf\u00f6r Sverige:<br \/><\/span><span style=\"letter-spacing: 0px;\"><a href=\"https:\/\/www.klingendewindrose.com\/english\/about-us\/klingende-windrose\/\">&#8211; Die Klingende Windrose, Tyskland<br \/><\/a><\/span><span style=\"letter-spacing: 0px;\"><a href=\"https:\/\/www.facebook.com\/p\/The-Irish-National-Folk-Company-100080508784142\/\">&#8211; Irish National Folk Company, Irland<br \/><\/a><\/span><span style=\"letter-spacing: 0px;\"><a href=\"https:\/\/www.facebook.com\/MSGscottishgroup\/\">&#8211; MacLennan Scottish Group, Storbritannien<br \/><\/a><\/span><span style=\"letter-spacing: 0px;\">&#8211; <a href=\"https:\/\/www.mecseknadasd.hu\/mecseknadasdi-nemet-nemzetisegi-neptanc-egyesulet\">Mecseknad\u00e1sdi N\u00e9met Nemzetis\u00e9gi N\u00e9pt\u00e1nc Egyes\u00fclet, Ungern<br \/><\/a><\/span><span style=\"letter-spacing: 0px;\">&#8211; <a href=\"https:\/\/www.huf.fi\/\">Haga Ungdomsf\u00f6rening, Finland<\/a><br \/><\/span><span style=\"letter-spacing: 0px;\"><a href=\"http:\/\/www.bulkrs.no\/\">&#8211; BUL Kristiansand, Norge<br \/><\/a><\/span><span style=\"letter-spacing: 0px;\">&#8211; <a href=\"http:\/\/grashuepper.de\/Home.html\">D\u00fcsseldorfer Grash\u00fcpper, Tyskland<\/a><br \/><\/span><span style=\"letter-spacing: 0px;\">&#8211; <a href=\"http:\/\/www.folkloregruppe-linsengericht.de\/\">Folkloregruppe Linsengericht, Tyskland<\/a><br \/><\/span><span style=\"letter-spacing: 0px;\">&#8211; <a href=\"https:\/\/www.folklorekreis.de\/\">Folklorekreis G\u00fctersloh, Tyskland<\/a><br \/><\/span><span style=\"letter-spacing: 0px;\">&#8211; <a href=\"https:\/\/www.heimattanz.de\/\">Ring f\u00fcr Heimattanz, Tyskland<\/a><br \/><\/span><span style=\"letter-spacing: 0px;\"><a href=\"https:\/\/ssk.volkstanz.com\/\">&#8211; Stuttgarter Spielkreis, Tyskland<\/a><\/span><\/p>\t\t\t\t\t\t\t\t<\/div>\n\t\t\t\t<\/div>\n\t\t\t\t<\/div>\n\t\t<div class=\"elementor-element elementor-element-a68c5e8 e-flex e-con-boxed e-con e-parent\" data-id=\"a68c5e8\" data-element_type=\"container\" data-e-type=\"container\">\n\t\t\t\t\t<div class=\"e-con-inner\">\n\t\t\t\t<div class=\"elementor-element elementor-element-a4762d4 elementor-widget elementor-widget-spacer\" data-id=\"a4762d4\" data-element_type=\"widget\" data-e-type=\"widget\" data-widget_type=\"spacer.default\">\n\t\t\t\t\t\t\t<div class=\"elementor-spacer\">\n\t\t\t<div class=\"elementor-spacer-inner\"><\/div>\n\t\t<\/div>\n\t\t\t\t\t\t<\/div>\n\t\t\t\t\t<\/div>\n\t\t\t\t<\/div>\n\t\t\t\t<\/div>","protected":false},"excerpt":{"rendered":"<p>Samarbeten Malm\u00f6 Folkdansare \u00e4r anslutna till och samarbetar med:&#8211; Svenska Folkdansringen&#8211; Folkdansringen Sk\u00e5ne-Blekinge&#8211; Studiefr\u00e4mjandet Som f\u00f6rening kopplade till Svenska Folkdansringen f\u00e5r vi tillg\u00e5ng till:&#8211; STIM (musik som medlemmar framf\u00f6r p\u00e5 [&hellip;]<\/p>\n","protected":false},"author":1,"featured_media":0,"parent":0,"menu_order":0,"comment_status":"closed","ping_status":"closed","template":"elementor_header_footer","meta":{"footnotes":""},"class_list":["post-68","page","type-page","status-publish","hentry"],"_links":{"self":[{"href":"https:\/\/folkdans.nu\/en\/wp-json\/wp\/v2\/pages\/68","targetHints":{"allow":["GET"]}}],"collection":[{"href":"https:\/\/folkdans.nu\/en\/wp-json\/wp\/v2\/pages"}],"about":[{"href":"https:\/\/folkdans.nu\/en\/wp-json\/wp\/v2\/types\/page"}],"author":[{"embeddable":true,"href":"https:\/\/folkdans.nu\/en\/wp-json\/wp\/v2\/users\/1"}],"replies":[{"embeddable":true,"href":"https:\/\/folkdans.nu\/en\/wp-json\/wp\/v2\/comments?post=68"}],"version-history":[{"count":20,"href":"https:\/\/folkdans.nu\/en\/wp-json\/wp\/v2\/pages\/68\/revisions"}],"predecessor-version":[{"id":1154,"href":"https:\/\/folkdans.nu\/en\/wp-json\/wp\/v2\/pages\/68\/revisions\/1154"}],"wp:attachment":[{"href":"https:\/\/folkdans.nu\/en\/wp-json\/wp\/v2\/media?parent=68"}],"curies":[{"name":"wp","href":"https:\/\/api.w.org\/{rel}","templated":true}]}}