{"id":682,"date":"2025-11-29T22:22:29","date_gmt":"2025-11-29T21:22:29","guid":{"rendered":"https:\/\/folkdans.nu\/?page_id=682"},"modified":"2026-03-28T14:37:44","modified_gmt":"2026-03-28T13:37:44","slug":"sektioner-grupper","status":"publish","type":"page","link":"https:\/\/folkdans.nu\/en\/sektioner-grupper\/","title":{"rendered":"Sections &amp; groups"},"content":{"rendered":"<div data-elementor-type=\"wp-page\" data-elementor-id=\"682\" class=\"elementor elementor-682\">\n\t\t\t\t<div class=\"elementor-element elementor-element-0650c2f e-flex e-con-boxed e-con e-parent\" data-id=\"0650c2f\" data-element_type=\"container\" data-e-type=\"container\">\n\t\t\t\t\t<div class=\"e-con-inner\">\n\t\t\t\t<div class=\"elementor-element elementor-element-9b4434a elementor-widget elementor-widget-spacer\" data-id=\"9b4434a\" data-element_type=\"widget\" data-e-type=\"widget\" data-widget_type=\"spacer.default\">\n\t\t\t\t\t\t\t<div class=\"elementor-spacer\">\n\t\t\t<div class=\"elementor-spacer-inner\"><\/div>\n\t\t<\/div>\n\t\t\t\t\t\t<\/div>\n\t\t\t\t\t<\/div>\n\t\t\t\t<\/div>\n\t\t<div class=\"elementor-element elementor-element-78a3301 e-grid e-con-boxed e-con e-parent\" data-id=\"78a3301\" data-element_type=\"container\" data-e-type=\"container\">\n\t\t\t\t\t<div class=\"e-con-inner\">\n\t\t\t\t<div class=\"elementor-element elementor-element-3c75ea8 elementor-widget__width-initial elementor-widget elementor-widget-heading\" data-id=\"3c75ea8\" data-element_type=\"widget\" data-e-type=\"widget\" data-widget_type=\"heading.default\">\n\t\t\t\t\t<h2 class=\"elementor-heading-title elementor-size-default\">Sektioner &amp; grupper<\/h2>\t\t\t\t<\/div>\n\t\t\t\t<div class=\"elementor-element elementor-element-1d46ea2 elementor-widget elementor-widget-heading\" data-id=\"1d46ea2\" data-element_type=\"widget\" data-e-type=\"widget\" data-widget_type=\"heading.default\">\n\t\t\t\t\t<h2 class=\"elementor-heading-title elementor-size-default\">Malm\u00f6 Folkdansare \u00e4r en f\u00f6rening med m\u00e5nga engagerade medlemmar som tillsammans driver verksamheten fram\u00e5t. F\u00f6r att skapa struktur och ge utrymme f\u00f6r olika intressen arbetar vi i flera sektioner och grupper, var och en med sitt ansvarsomr\u00e5de. Tillsammans g\u00f6r de det m\u00f6jligt f\u00f6r oss att erbjuda dans, musik, kultur, dr\u00e4kt och gemenskap \u00e5ret runt.<\/h2>\t\t\t\t<\/div>\n\t\t\t\t\t<\/div>\n\t\t\t\t<\/div>\n\t\t<div class=\"elementor-element elementor-element-9b3e734 e-flex e-con-boxed e-con e-parent\" data-id=\"9b3e734\" data-element_type=\"container\" data-e-type=\"container\">\n\t\t\t\t\t<div class=\"e-con-inner\">\n\t\t\t\t<div class=\"elementor-element elementor-element-a532137 elementor-widget elementor-widget-spacer\" data-id=\"a532137\" data-element_type=\"widget\" data-e-type=\"widget\" data-widget_type=\"spacer.default\">\n\t\t\t\t\t\t\t<div class=\"elementor-spacer\">\n\t\t\t<div class=\"elementor-spacer-inner\"><\/div>\n\t\t<\/div>\n\t\t\t\t\t\t<\/div>\n\t\t\t\t\t<\/div>\n\t\t\t\t<\/div>\n\t\t<div class=\"elementor-element elementor-element-3d53c1f e-flex e-con-boxed e-con e-parent\" data-id=\"3d53c1f\" data-element_type=\"container\" data-e-type=\"container\">\n\t\t\t\t\t<div class=\"e-con-inner\">\n\t\t<div class=\"elementor-element elementor-element-d10269a e-con-full e-flex e-con e-child\" data-id=\"d10269a\" data-element_type=\"container\" data-e-type=\"container\">\n\t\t\t\t<div class=\"elementor-element elementor-element-487fe87 elementor-widget elementor-widget-text-editor\" data-id=\"487fe87\" data-element_type=\"widget\" data-e-type=\"widget\" data-widget_type=\"text-editor.default\">\n\t\t\t\t\t\t\t\t\t<p><b>Dans- och musiksektionen<\/b> \u00e4r hj\u00e4rtat i v\u00e5r verksamhet. H\u00e4r planeras och leds v\u00e5ra dans- och musikaktiviteter f\u00f6r b\u00e5de barn och vuxna. Sektionen ansvarar \u00e4ven f\u00f6r uppvisningar, resor, utbyten och andra arrangemang som st\u00e4rker gemenskapen och sprider intresset f\u00f6r folkdans och folkmusik.<\/p>\t\t\t\t\t\t\t\t<\/div>\n\t\t\t\t<div class=\"elementor-element elementor-element-ea8927b elementor-align-center elementor-absolute elementor-widget elementor-widget-button\" data-id=\"ea8927b\" data-element_type=\"widget\" data-e-type=\"widget\" data-settings=\"{&quot;_position&quot;:&quot;absolute&quot;}\" data-widget_type=\"button.default\">\n\t\t\t\t\t\t\t\t\t\t<a class=\"elementor-button elementor-button-link elementor-size-sm\" href=\"https:\/\/folkdans.nu\/en\/dansgrupper\/\">\n\t\t\t\t\t\t<span class=\"elementor-button-content-wrapper\">\n\t\t\t\t\t\t\t\t\t<span class=\"elementor-button-text\">Dance groups<\/span>\n\t\t\t\t\t<\/span>\n\t\t\t\t\t<\/a>\n\t\t\t\t\t\t\t\t<\/div>\n\t\t\t\t<div class=\"elementor-element elementor-element-9674a04 elementor-align-center elementor-absolute elementor-widget elementor-widget-button\" data-id=\"9674a04\" data-element_type=\"widget\" data-e-type=\"widget\" data-settings=\"{&quot;_position&quot;:&quot;absolute&quot;}\" data-widget_type=\"button.default\">\n\t\t\t\t\t\t\t\t\t\t<a class=\"elementor-button elementor-button-link elementor-size-sm\" href=\"https:\/\/folkdans.nu\/en\/tr\u00e4ningstider\/\">\n\t\t\t\t\t\t<span class=\"elementor-button-content-wrapper\">\n\t\t\t\t\t\t\t\t\t<span class=\"elementor-button-text\">Training times<\/span>\n\t\t\t\t\t<\/span>\n\t\t\t\t\t<\/a>\n\t\t\t\t\t\t\t\t<\/div>\n\t\t\t\t<div class=\"elementor-element elementor-element-3783b25 elementor-widget elementor-widget-spacer\" data-id=\"3783b25\" data-element_type=\"widget\" data-e-type=\"widget\" data-widget_type=\"spacer.default\">\n\t\t\t\t\t\t\t<div class=\"elementor-spacer\">\n\t\t\t<div class=\"elementor-spacer-inner\"><\/div>\n\t\t<\/div>\n\t\t\t\t\t\t<\/div>\n\t\t\t\t<div class=\"elementor-element elementor-element-9cd83e9 elementor-widget elementor-widget-text-editor\" data-id=\"9cd83e9\" data-element_type=\"widget\" data-e-type=\"widget\" data-widget_type=\"text-editor.default\">\n\t\t\t\t\t\t\t\t\t<p><b>Lokalsektionen <\/b>ansvarar f\u00f6r v\u00e5r f\u00f6reningslokal p\u00e5 Sallerupsv\u00e4gen 26 i Malm\u00f6. De ser till att lokalerna \u00e4r trivsamma, funktionella och redo f\u00f6r b\u00e5de tr\u00e4ningar, m\u00f6ten och festligheter.<\/p><p>Sektionen hanterar \u00e4ven uthyrning av lokalen, b\u00e5de till medlemmar och externa arrang\u00f6rer, och ser till att bokningar, nycklar och praktiska fr\u00e5gor fungerar smidigt.<\/p>\t\t\t\t\t\t\t\t<\/div>\n\t\t\t\t<\/div>\n\t\t<div class=\"elementor-element elementor-element-35d1f13 e-con-full e-flex e-con e-child\" data-id=\"35d1f13\" data-element_type=\"container\" data-e-type=\"container\">\n\t\t\t\t<div class=\"elementor-element elementor-element-a906d15 elementor-widget elementor-widget-text-editor\" data-id=\"a906d15\" data-element_type=\"widget\" data-e-type=\"widget\" data-widget_type=\"text-editor.default\">\n\t\t\t\t\t\t\t\t\t<p><b>Dr\u00e4kt- och kulturgruppen<\/b>&nbsp;arbetar f\u00f6r att bevara och f\u00f6ra vidare traditioner kring folkdr\u00e4kter och kulturhistoria. Sektionen ansvarar f\u00f6r f\u00f6reningens omfattande samling av folkdr\u00e4kter, som medlemmar kan l\u00e5na vid uppvisningar, h\u00f6gtider och andra evenemang.<br>Ut\u00f6ver detta arrangerar gruppen studiebes\u00f6k, utflykter, hantverkscaf\u00e9 och andra aktiviteter som f\u00f6rdjupar kunskapen om v\u00e5ra traditioner och inspirerar till fortsatt skapande och l\u00e4rande.<\/p>\n<p><b>Mediagruppen <\/b>ansvarar f\u00f6r f\u00f6reningens kommunikation. Det inkluderar webbplatsen, v\u00e5ra sociala medier och medlemstidningen <em>The whirligig<\/em>.<br>Sektionen arbetar ocks\u00e5 med PR\u2011material och profilprodukter, s\u00e5som affischer, trycksaker, informationsblad och f\u00f6reningens egna produkter. M\u00e5let \u00e4r att synligg\u00f6ra verksamheten, st\u00e4rka v\u00e5r identitet och h\u00e5lla medlemmarna uppdaterade.<\/p>\n<p><b>Festgruppen&nbsp;<\/b>\u00e4r f\u00f6reningens gl\u00e4djespridare. De st\u00f6ttar \u00f6vriga sektioner vid st\u00f6rre arrangemang och ansvarar f\u00f6r flera av v\u00e5ra \u00e5terkommande traditioner, s\u00e5som \u00e4ggafesten till p\u00e5sk, julfesten, terminsavslutningar och mycket mer. Deras arbete skapar v\u00e4rme, gemenskap och minnesv\u00e4rda stunder.<\/p>\t\t\t\t\t\t\t\t<\/div>\n\t\t\t\t<\/div>\n\t\t\t\t\t<\/div>\n\t\t\t\t<\/div>\n\t\t<div class=\"elementor-element elementor-element-9fdaf5b e-flex e-con-boxed e-con e-parent\" data-id=\"9fdaf5b\" data-element_type=\"container\" data-e-type=\"container\">\n\t\t\t\t\t<div class=\"e-con-inner\">\n\t\t\t\t\t<\/div>\n\t\t\t\t<\/div>\n\t\t\t\t<\/div>","protected":false},"excerpt":{"rendered":"<p>Sektioner &amp; grupper Malm\u00f6 Folkdansare \u00e4r en f\u00f6rening med m\u00e5nga engagerade medlemmar som tillsammans driver verksamheten fram\u00e5t. F\u00f6r att skapa struktur och ge utrymme f\u00f6r olika intressen arbetar vi i [&hellip;]<\/p>\n","protected":false},"author":1,"featured_media":0,"parent":0,"menu_order":0,"comment_status":"closed","ping_status":"closed","template":"","meta":{"footnotes":""},"class_list":["post-682","page","type-page","status-publish","hentry"],"_links":{"self":[{"href":"https:\/\/folkdans.nu\/en\/wp-json\/wp\/v2\/pages\/682","targetHints":{"allow":["GET"]}}],"collection":[{"href":"https:\/\/folkdans.nu\/en\/wp-json\/wp\/v2\/pages"}],"about":[{"href":"https:\/\/folkdans.nu\/en\/wp-json\/wp\/v2\/types\/page"}],"author":[{"embeddable":true,"href":"https:\/\/folkdans.nu\/en\/wp-json\/wp\/v2\/users\/1"}],"replies":[{"embeddable":true,"href":"https:\/\/folkdans.nu\/en\/wp-json\/wp\/v2\/comments?post=682"}],"version-history":[{"count":83,"href":"https:\/\/folkdans.nu\/en\/wp-json\/wp\/v2\/pages\/682\/revisions"}],"predecessor-version":[{"id":1147,"href":"https:\/\/folkdans.nu\/en\/wp-json\/wp\/v2\/pages\/682\/revisions\/1147"}],"wp:attachment":[{"href":"https:\/\/folkdans.nu\/en\/wp-json\/wp\/v2\/media?parent=682"}],"curies":[{"name":"wp","href":"https:\/\/api.w.org\/{rel}","templated":true}]}}